{"id":54254,"date":"2020-02-19T13:34:34","date_gmt":"2020-02-19T12:34:34","guid":{"rendered":"http:\/\/www.libraria-occitana.org\/product\/histoires-de-marchands-de-toile\/"},"modified":"2026-04-16T00:21:40","modified_gmt":"2026-04-15T22:21:40","slug":"histoires-de-marchands-de-toile","status":"publish","type":"product","link":"https:\/\/www.libraria-occitana.org\/oc\/produch\/histoires-de-marchands-de-toile\/","title":{"rendered":"Histoires de marchands de toile"},"content":{"rendered":"<p>Bien peu de professions attirent autant de sympathie que les marchands de toile.<\/p>\n<p>Ces marchands de toile et n\u00e9gociants-voyageurs, h\u00e9ritiers des colporteurs, sont partis du Massif central, c&#8217;est-\u00e0-dire du Cantal, du Puy-de-D\u00f4me et de la Corr\u00e8ze pour vendre, sur tout le territoire et par-del\u00e0 les mers, des m\u00e8tres de toile et de drap.<\/p>\n<p>\u00c0 la fin du XIXe si\u00e8cle, ils allaient ainsi de ferme en ferme, pratiquant un commerce de l&#8217;intime, au plus pr\u00e8s des d\u00e9sirs de la client\u00e8le. La profession a \u00e9volu\u00e9 jusqu&#8217;\u00e0 aujourd&#8217;hui avec une diversification des marchandises propos\u00e9es, une \u00e9volution de son itin\u00e9rance mais toujours les m\u00eames connaissances et exigences quant aux produits corr\u00e9l\u00e9es \u00e0 l&#8217;\u00e9coute attentive du client.<\/p>\n<p>Ce sont ces histoires d&#8217;hommes et de femmes passionn\u00e9es et passionnantes qu&#8217;Anne Clairet vous propose de d\u00e9couvrir \u00e0 la fa\u00e7on d&#8217;archives du sensible. Les d\u00e9licates aquarelles et photographies de Fr\u00e9d\u00e9ric Pigot donnent leurs couleurs \u00e0 ce m\u00e9tier ancr\u00e9 au c\u0153ur de notre territoire.<\/p>\n","protected":false},"excerpt":{"rendered":"<p>Bien peu de professions attirent autant de sympathie que les marchands de toile. Ces marchands de toile et n\u00e9gociants-voyageurs, h\u00e9ritiers des colporteurs, sont partis du Massif central, c&#8217;est-\u00e0-dire du Cantal, du Puy-de-D\u00f4me et de la Corr\u00e8ze pour vendre, sur tout le territoire et par-del\u00e0 les mers, des m\u00e8tres de toile et de drap. \u00c0 la [&hellip;]<\/p>\n","protected":false},"featured_media":54252,"template":"","meta":{"_acf_changed":false,"_genesis_hide_title":false,"_genesis_hide_breadcrumbs":false,"_genesis_hide_singular_image":false,"_genesis_hide_footer_widgets":false,"_genesis_custom_body_class":"","_genesis_custom_post_class":"","_genesis_layout":""},"product_brand":[],"product_cat":[7159,7149,7133],"product_tag":[],"class_list":{"0":"post-54254","1":"product","2":"type-product","3":"status-publish","4":"has-post-thumbnail","6":"product_cat-istoria-moderna-e-contemporala-oc","7":"product_cat-istoria-geografia-oc","8":"product_cat-libres-oc","9":"pa_auteur-clairet-anne-oc","10":"pa_editeur-editions-de-la-flandonniere-oc","11":"pa_illustrateur-pigot-frederic-oc","12":"pa_langue-francais-oc","13":"entry","15":"first","16":"outofstock","17":"shipping-taxable","18":"purchasable","19":"product-type-simple"},"acf":[],"_links":{"self":[{"href":"https:\/\/www.libraria-occitana.org\/oc\/wp-json\/wp\/v2\/product\/54254","targetHints":{"allow":["GET"]}}],"collection":[{"href":"https:\/\/www.libraria-occitana.org\/oc\/wp-json\/wp\/v2\/product"}],"about":[{"href":"https:\/\/www.libraria-occitana.org\/oc\/wp-json\/wp\/v2\/types\/product"}],"wp:featuredmedia":[{"embeddable":true,"href":"https:\/\/www.libraria-occitana.org\/oc\/wp-json\/wp\/v2\/media\/54252"}],"wp:attachment":[{"href":"https:\/\/www.libraria-occitana.org\/oc\/wp-json\/wp\/v2\/media?parent=54254"}],"wp:term":[{"taxonomy":"product_brand","embeddable":true,"href":"https:\/\/www.libraria-occitana.org\/oc\/wp-json\/wp\/v2\/product_brand?post=54254"},{"taxonomy":"product_cat","embeddable":true,"href":"https:\/\/www.libraria-occitana.org\/oc\/wp-json\/wp\/v2\/product_cat?post=54254"},{"taxonomy":"product_tag","embeddable":true,"href":"https:\/\/www.libraria-occitana.org\/oc\/wp-json\/wp\/v2\/product_tag?post=54254"}],"curies":[{"name":"wp","href":"https:\/\/api.w.org\/{rel}","templated":true}]}}