{"id":54283,"date":"2021-06-01T20:08:40","date_gmt":"2021-06-01T18:08:40","guid":{"rendered":"http:\/\/www.libraria-occitana.org\/?post_type=product&#038;p=54283"},"modified":"2026-04-29T07:01:34","modified_gmt":"2026-04-29T05:01:34","slug":"gramatica-occitana-segonda-edicion","status":"publish","type":"product","link":"https:\/\/www.libraria-occitana.org\/oc\/produch\/gramatica-occitana-segonda-edicion\/","title":{"rendered":"Gramatica occitana (Segonda edicion)"},"content":{"rendered":"<p>\u00ab Se v\u00f2ls reconquistar l&#8217;emp\u00e8ri de ta lenga \u00bb, coma disi\u00e1 lo grand Mistral dins un po\u00e8ma del 7 d&#8217;octobre de 1878, aquesta <em>Gramatica occitana<\/em> es per tu. Totes los occitans, de la Gasconha a las \u201cvaladas\u201d occitanas d&#8217;It\u00e0lia e del Lemosin a la Val d&#8217;Aran an plan rason d&#8217;aimar lor occitan local, de lo parlar e de l&#8217;escriure : l&#8217;occitan es una lenga ont totas las f\u00f2rmas localas son estimadas bonas e respectablas.<\/p>\n<p>Mas qu\u00f2 empacha pas que la lenga de Frederic Mistral e de Joan Bodon a una f\u00f2rma estandard, coma totas las lengas de cultura del mond, a costat dels parlars locals. E tota persona que sap un occitan local compren l&#8217;estandard sense pena.<\/p>\n<p>Aqueste libre es una de las gramaticas de l&#8217;occitan estandard.<\/p>\n<p style=\"text-align: right;\">Jacme Taupiac<\/p>\n<p>[&#8230;] Jacme Taupiac a servat de la primi\u00e8ra edicion de cap\u00edtols sintetics, sus una sola pagina, que p\u00f2don \u00e8sser assimilats pels escolans\u00a0 (d&#8217;adolescents, mas tanben de mai vi\u00e8lhs) e que p\u00f2don aisidament tornar trobar. Las explicacions son pro compl\u00e8tas mas accessiblas a un public larg, ambe d&#8217;exemples revirats en franc\u00e9s per qu&#8217;aqueles qu&#8217;an pas encara integrat pro de vocabulari si\u00e1n pas perduts. Una novetat de l&#8217;edicion son los exercicis prepausats, precioses pels estudiants que seri\u00e1n pas ajudats per un ensenhaire.<\/p>\n<p>En mai d&#8217;aqu\u00f2, Jacme Taupiac prepausa d&#8217;explicacions aprigondidas sus la grafia. [&#8230;]<\/p>\n<p style=\"text-align: right;\">Prefacia de Emmanu\u00e8l Isopet<br \/>\nAgregat d&#8217;occitan<br \/>\nPresident de l&#8217;Associacion Antonin Perb\u00f2sc, Seccion departementala del Tarn e Garona de l&#8217;Institut d&#8217;Estudis Occitans<\/p>\n","protected":false},"excerpt":{"rendered":"<p>\u00ab Se v\u00f2ls reconquistar l&#8217;emp\u00e8ri de ta lenga \u00bb, coma disi\u00e1 lo grand Mistral dins un po\u00e8ma del 7 d&#8217;octobre de 1878, aquesta Gramatica occitana es per tu. Totes los occitans, de la Gasconha a las \u201cvaladas\u201d occitanas d&#8217;It\u00e0lia e del Lemosin a la Val d&#8217;Aran an plan rason d&#8217;aimar lor occitan local, de lo [&hellip;]<\/p>\n","protected":false},"featured_media":54278,"template":"","meta":{"_acf_changed":false,"_genesis_hide_title":false,"_genesis_hide_breadcrumbs":false,"_genesis_hide_singular_image":false,"_genesis_hide_footer_widgets":false,"_genesis_custom_body_class":"","_genesis_custom_post_class":"","_genesis_layout":""},"product_brand":[],"product_cat":[7139,7137,7133],"product_tag":[],"class_list":{"0":"post-54283","1":"product","2":"type-product","3":"status-publish","4":"has-post-thumbnail","6":"product_cat-diccionaris-gramaticas-oc","7":"product_cat-diccionaris-lenga-escolar-oc","8":"product_cat-libres-oc","9":"pa_auteur-taupiac-jacme-oc","10":"pa_editeur-associacion-antonin-perbosc-oc","11":"pa_langue-occitan-oc","12":"pa_langue-occitan-lengadocian-oc","13":"entry","15":"first","16":"instock","17":"shipping-taxable","18":"purchasable","19":"product-type-simple"},"acf":[],"_links":{"self":[{"href":"https:\/\/www.libraria-occitana.org\/oc\/wp-json\/wp\/v2\/product\/54283","targetHints":{"allow":["GET"]}}],"collection":[{"href":"https:\/\/www.libraria-occitana.org\/oc\/wp-json\/wp\/v2\/product"}],"about":[{"href":"https:\/\/www.libraria-occitana.org\/oc\/wp-json\/wp\/v2\/types\/product"}],"wp:featuredmedia":[{"embeddable":true,"href":"https:\/\/www.libraria-occitana.org\/oc\/wp-json\/wp\/v2\/media\/54278"}],"wp:attachment":[{"href":"https:\/\/www.libraria-occitana.org\/oc\/wp-json\/wp\/v2\/media?parent=54283"}],"wp:term":[{"taxonomy":"product_brand","embeddable":true,"href":"https:\/\/www.libraria-occitana.org\/oc\/wp-json\/wp\/v2\/product_brand?post=54283"},{"taxonomy":"product_cat","embeddable":true,"href":"https:\/\/www.libraria-occitana.org\/oc\/wp-json\/wp\/v2\/product_cat?post=54283"},{"taxonomy":"product_tag","embeddable":true,"href":"https:\/\/www.libraria-occitana.org\/oc\/wp-json\/wp\/v2\/product_tag?post=54283"}],"curies":[{"name":"wp","href":"https:\/\/api.w.org\/{rel}","templated":true}]}}