{"id":54348,"date":"2021-01-16T18:16:41","date_gmt":"2021-01-16T17:16:41","guid":{"rendered":"http:\/\/www.libraria-occitana.org\/product\/poemas-occitans-poemes-occitans\/"},"modified":"2026-04-19T06:36:50","modified_gmt":"2026-04-19T04:36:50","slug":"poemas-occitans-poemes-occitans","status":"publish","type":"product","link":"https:\/\/www.libraria-occitana.org\/oc\/produch\/poemas-occitans-poemes-occitans\/","title":{"rendered":"Po\u00e8mas occitans &#8211; Po\u00e8mes occitans"},"content":{"rendered":"<p>Fernand Barru\u00e9 fogu\u00e8t un po\u00e8ta discr\u00e8t, pauc publicat dins sa vida e oblidat apr\u00e8p sa m\u00f2rt. Nascut a Levinhac en 1891, m\u00f2rt a Riumas en 1956, doas comunas gasconas del bacin de Sava (31), fagu\u00e8t lo professor de matematicas als Sarrasins pu\u00e8i a Castras, davant de se retirar dins son r\u00f2dol natal. Per reparar un injust oblit, publicam sos tres recu\u00e8lhs poetics occitans. Lo primi\u00e8r, <em>Pecics de vida vidanta<\/em>, es escrich dins lo lengadocian del pa\u00eds castr\u00e9s. Compausat pendent la gu\u00e8rra, claus de po\u00e8mas \u00ab d'actualitat \u00bb, denonciant l'Ocupacion, lo mercat negre, la mis\u00e8ria dels temps. Claus tanben de po\u00e8mas de sovenirs sul vilatge d'enfan\u00e7a, las sasons e los j\u00f2cs, los trabalhs e los jorns.<\/p>\n<p>Aqu\u00f2's dins son segond recu\u00e8lh, <em>Poscosas arant\u00e8las d'un calelh escantit<\/em>, que Barru\u00e9 agand\u00eds la maduretat poetica en tornant paradoxalament a son gascon d'enfan\u00e7a. Afranquida de las r\u00e8glas de versificacion, aquela seguida poetica es escricha jol signe de l'aiga : aiga m\u00f2rta dels canals e dels estanhs, aiga viva de Sava. Lo fil de l'aiga se trena amb lo fil del temps e nos emp\u00f2rta dins lo gorg final coma en c\u00f2 d'Apollinaire. Regr\u00e8ts de las amors m\u00f2rtas, negror e languison, solesa e polsa d'una vida sul descreis s'exprimisson dins una fluida musicalitat : \u00ab E la posca cap\u00e8ra lo vi\u00e8lh remembre m\u00f2rt \/ Dins las cendres fredas deu paure c\u00f2r. \u00bb Car Barru\u00e9 \u00e8ra tanben un musician que jogava de mai d'un instrument, coma n'at\u00e8stan los s\u00e8t br\u00e8us po\u00e8mas del darri\u00e8r recu\u00e8lh, <em>Musica<\/em>.<\/p>\n","protected":false},"excerpt":{"rendered":"<p>Fernand Barru\u00e9 fogu\u00e8t un po\u00e8ta discr\u00e8t, pauc publicat dins sa vida e oblidat apr\u00e8p sa m\u00f2rt. Nascut a Levinhac en 1891, m\u00f2rt a Riumas en 1956, doas comunas gasconas del bacin de Sava (31), fagu\u00e8t lo professor de matematicas als Sarrasins pu\u00e8i a Castras, davant de se retirar dins son r\u00f2dol natal. Per reparar un [&hellip;]<\/p>\n","protected":false},"featured_media":54346,"template":"","meta":{"_acf_changed":false,"_genesis_hide_title":false,"_genesis_hide_breadcrumbs":false,"_genesis_hide_singular_image":false,"_genesis_hide_footer_widgets":false,"_genesis_custom_body_class":"","_genesis_custom_post_class":"","_genesis_layout":""},"product_brand":[],"product_cat":[7133,7175,7181],"product_tag":[],"class_list":{"0":"post-54348","1":"product","2":"type-product","3":"status-publish","4":"has-post-thumbnail","6":"product_cat-libres-oc","7":"product_cat-literatura-oc","8":"product_cat-poesia-oc","9":"pa_auteur-barrue-fernand-oc","10":"pa_editeur-jorn-oc","11":"pa_langue-occitan-gascon-oc","12":"pa_langue-occitan-lengadocian-oc","13":"pa_langue-occitan-francais-oc","14":"entry","16":"first","17":"instock","18":"shipping-taxable","19":"purchasable","20":"product-type-simple"},"acf":[],"_links":{"self":[{"href":"https:\/\/www.libraria-occitana.org\/oc\/wp-json\/wp\/v2\/product\/54348","targetHints":{"allow":["GET"]}}],"collection":[{"href":"https:\/\/www.libraria-occitana.org\/oc\/wp-json\/wp\/v2\/product"}],"about":[{"href":"https:\/\/www.libraria-occitana.org\/oc\/wp-json\/wp\/v2\/types\/product"}],"wp:featuredmedia":[{"embeddable":true,"href":"https:\/\/www.libraria-occitana.org\/oc\/wp-json\/wp\/v2\/media\/54346"}],"wp:attachment":[{"href":"https:\/\/www.libraria-occitana.org\/oc\/wp-json\/wp\/v2\/media?parent=54348"}],"wp:term":[{"taxonomy":"product_brand","embeddable":true,"href":"https:\/\/www.libraria-occitana.org\/oc\/wp-json\/wp\/v2\/product_brand?post=54348"},{"taxonomy":"product_cat","embeddable":true,"href":"https:\/\/www.libraria-occitana.org\/oc\/wp-json\/wp\/v2\/product_cat?post=54348"},{"taxonomy":"product_tag","embeddable":true,"href":"https:\/\/www.libraria-occitana.org\/oc\/wp-json\/wp\/v2\/product_tag?post=54348"}],"curies":[{"name":"wp","href":"https:\/\/api.w.org\/{rel}","templated":true}]}}