{"id":54388,"date":"2021-07-05T14:31:18","date_gmt":"2021-07-05T12:31:18","guid":{"rendered":"http:\/\/www.libraria-occitana.org\/?post_type=product&#038;p=54388"},"modified":"2026-04-29T10:20:07","modified_gmt":"2026-04-29T08:20:07","slug":"verd-paradis-ii","status":"publish","type":"product","link":"https:\/\/www.libraria-occitana.org\/oc\/produch\/verd-paradis-ii\/","title":{"rendered":"Verd parad\u00eds II"},"content":{"rendered":"<p><em>Verd Parad\u00eds II<\/em> es una garba de racontes, ressons e rebats d\u2019un parad\u00eds perdut, que l\u2019a causida e ligada Max Roqueta, un dels autors m\u00e0gers de la literatura occitana contemporan\u00e8a.<\/p>\n<p>A la descob\u00e8rta d\u2019una natura aspra e secr\u00e8ta, poblada d\u2019\u00e8rbas e de sauvatgina, sens ges rescondre la duretat del monde.<\/p>\n<p>Al briu dels racontes de Max Roqueta, se desvelan los poders d\u2019una escritura al c\u00f2p enrasigada dins las paraulas carnalas de cada jorn e creacion liter\u00e0ria portada per la libertat de l\u2019imaginari.<\/p>\n<p>Un dels caps d\u2019\u00f2bra de las letras d\u2019\u00f2c.<\/p>\n<p><em>Verd Parad\u00eds II<\/em>, segond volume de l\u2019\u00f2bra m\u00e0ger en pr\u00f2sa de Max Roqueta, es seguit d\u2019un t\u00e8xte de Felip Gardy, <em>Verd Parad\u00eds, una \u00f2bra en camin<\/em>.<\/p>\n<p>Fotografia de cob\u00e8rta de G. Souche : Mas vi\u00e8lh de G\u00e0rdies.<\/p>\n<p><a href=\"http:\/\/www.libraria-occitana.org\/produit\/verd-paradis-i\/\"><em>Verd Parad\u00eds I<\/em><\/a>\u00a0(agostat &#8211; \u00e9puis\u00e9 &#8211; out of print)<br \/>\n<em>Verd Parad\u00eds III &#8211; Lo grand teatre de Dieu<\/em>\u00a0 (agostat &#8211; \u00e9puis\u00e9 &#8211; out of print)<br \/>\n<em>Verd Parad\u00eds IV &#8211; L&#8217;u\u00f2lh dau cat<\/em> (agostat &#8211; \u00e9puis\u00e9 &#8211; out of print)<br \/>\n<em><a title=\"Las Canas de Mid\u00e0s (Verd Parad\u00eds V)\" href=\"http:\/\/www.libraria-occitana.org\/all-products\/las-canas-de-midas-verd-paradis-v\">Verd Parad\u00eds V &#8211; Las Canas de Mid\u00e0s<\/a><\/em><br \/>\n<a title=\"Lo corbat\u00e0s roge ( Verd Parad\u00eds VI)\" href=\"http:\/\/www.libraria-occitana.org\/all-products\/lo-corbatas-roge-verd-paradis-vi2\"><em>Verd Parad\u00eds VI &#8211; Lo corbat\u00e0s roge<\/em><\/a><\/p>\n","protected":false},"excerpt":{"rendered":"<p>Verd Parad\u00eds II es una garba de racontes, ressons e rebats d\u2019un parad\u00eds perdut, que l\u2019a causida e ligada Max Roqueta, un dels autors m\u00e0gers de la literatura occitana contemporan\u00e8a. A la descob\u00e8rta d\u2019una natura aspra e secr\u00e8ta, poblada d\u2019\u00e8rbas e de sauvatgina, sens ges rescondre la duretat del monde. Al briu dels racontes de [&hellip;]<\/p>\n","protected":false},"featured_media":54391,"template":"","meta":{"_acf_changed":false,"_genesis_hide_title":false,"_genesis_hide_breadcrumbs":false,"_genesis_hide_singular_image":false,"_genesis_hide_footer_widgets":false,"_genesis_custom_body_class":"","_genesis_custom_post_class":"","_genesis_layout":""},"product_brand":[],"product_cat":[7133,7175,7183],"product_tag":[],"class_list":{"0":"post-54388","1":"product","2":"type-product","3":"status-publish","4":"has-post-thumbnail","6":"product_cat-libres-oc","7":"product_cat-literatura-oc","8":"product_cat-romans-novelas-oc","9":"pa_auteur-roqueta-max-oc","10":"pa_editeur-letras-doc-oc","11":"pa_illustrateur-gardy-philippe-1-oc","12":"pa_langue-occitan-oc","13":"pa_langue-occitan-lengadocian-oc","14":"entry","16":"first","17":"instock","18":"shipping-taxable","19":"purchasable","20":"product-type-simple"},"acf":[],"_links":{"self":[{"href":"https:\/\/www.libraria-occitana.org\/oc\/wp-json\/wp\/v2\/product\/54388","targetHints":{"allow":["GET"]}}],"collection":[{"href":"https:\/\/www.libraria-occitana.org\/oc\/wp-json\/wp\/v2\/product"}],"about":[{"href":"https:\/\/www.libraria-occitana.org\/oc\/wp-json\/wp\/v2\/types\/product"}],"wp:featuredmedia":[{"embeddable":true,"href":"https:\/\/www.libraria-occitana.org\/oc\/wp-json\/wp\/v2\/media\/54391"}],"wp:attachment":[{"href":"https:\/\/www.libraria-occitana.org\/oc\/wp-json\/wp\/v2\/media?parent=54388"}],"wp:term":[{"taxonomy":"product_brand","embeddable":true,"href":"https:\/\/www.libraria-occitana.org\/oc\/wp-json\/wp\/v2\/product_brand?post=54388"},{"taxonomy":"product_cat","embeddable":true,"href":"https:\/\/www.libraria-occitana.org\/oc\/wp-json\/wp\/v2\/product_cat?post=54388"},{"taxonomy":"product_tag","embeddable":true,"href":"https:\/\/www.libraria-occitana.org\/oc\/wp-json\/wp\/v2\/product_tag?post=54388"}],"curies":[{"name":"wp","href":"https:\/\/api.w.org\/{rel}","templated":true}]}}