{"id":54411,"date":"2004-06-05T20:09:03","date_gmt":"2004-06-05T18:09:03","guid":{"rendered":"http:\/\/www.libraria-occitana.org\/product\/recettes-traditionnelles-du-pays-dussel\/"},"modified":"2026-04-20T06:46:48","modified_gmt":"2026-04-20T04:46:48","slug":"recettes-traditionnelles-du-pays-dussel","status":"publish","type":"product","link":"https:\/\/www.libraria-occitana.org\/oc\/produch\/recettes-traditionnelles-du-pays-dussel\/","title":{"rendered":"Recettes traditionnelles du pays d&#8217;Ussel"},"content":{"rendered":"<p>Une quarantaine de recettes collect\u00e9es par Marie-France Belcour dans le Pays d&#8217;Ussel. Les recettes retenues dans ce livre sont celles donn\u00e9es par la majorit\u00e9 des informateurs, et elles ont \u00e9t\u00e9 essay\u00e9es afin de s&#8217;assurer qu&#8217;aucun d\u00e9tail ne manque.<\/p>\n<p>\u00ab Le r\u00e9sultat est l\u00e0. Ce ne sont pas seulement des recettes traditionnelles du pays d&#8217;Ussel, dont certaines se retrouvent bien \u00e9videmment dans d&#8217;autres parties du Bas-Limousin, de l&#8217;Auvergne voisine, voire m\u00eame du Rouergue, car elles appartiennent \u00e0 un fonds gastronomique commun du Massif Central, parfois sous des noms diff\u00e9rents. C&#8217;est aussi un v\u00e9ritable livre de cuisine, destin\u00e9 \u00e0 transmettre les recettes de notre pays de mani\u00e8re pratique et efficace, et qui n&#8217;est pas r\u00e9serv\u00e9 aux seuls ethnologues ou aux historiens de la table. \u00bb (Jean-Loup Lema\u00eetre)<\/p>\n<p>Illustr\u00e9 de lithographies de l&#8217;auteur.<\/p>\n","protected":false},"excerpt":{"rendered":"<p>Une quarantaine de recettes collect\u00e9es par Marie-France Belcour dans le Pays d&#8217;Ussel. Les recettes retenues dans ce livre sont celles donn\u00e9es par la majorit\u00e9 des informateurs, et elles ont \u00e9t\u00e9 essay\u00e9es afin de s&#8217;assurer qu&#8217;aucun d\u00e9tail ne manque. \u00ab Le r\u00e9sultat est l\u00e0. Ce ne sont pas seulement des recettes traditionnelles du pays d&#8217;Ussel, dont [&hellip;]<\/p>\n","protected":false},"featured_media":54403,"template":"","meta":{"_acf_changed":false,"_genesis_hide_title":false,"_genesis_hide_breadcrumbs":false,"_genesis_hide_singular_image":false,"_genesis_hide_footer_widgets":false,"_genesis_custom_body_class":"","_genesis_custom_post_class":"","_genesis_layout":""},"product_brand":[],"product_cat":[7211,7133,7207],"product_tag":[],"class_list":{"0":"post-54411","1":"product","2":"type-product","3":"status-publish","4":"has-post-thumbnail","6":"product_cat-cosina-gastronomia-oc","7":"product_cat-libres-oc","8":"product_cat-tradicions-patrimoni-oc","9":"pa_auteur-belcour-marie-france-oc","10":"pa_editeur-musee-du-pays-dussel-oc","11":"pa_langue-francais-oc","12":"pa_langue-occitan-oc","13":"pa_langue-occitan-lemosin-oc","14":"entry","16":"first","17":"instock","18":"shipping-taxable","19":"purchasable","20":"product-type-simple"},"acf":[],"_links":{"self":[{"href":"https:\/\/www.libraria-occitana.org\/oc\/wp-json\/wp\/v2\/product\/54411","targetHints":{"allow":["GET"]}}],"collection":[{"href":"https:\/\/www.libraria-occitana.org\/oc\/wp-json\/wp\/v2\/product"}],"about":[{"href":"https:\/\/www.libraria-occitana.org\/oc\/wp-json\/wp\/v2\/types\/product"}],"wp:featuredmedia":[{"embeddable":true,"href":"https:\/\/www.libraria-occitana.org\/oc\/wp-json\/wp\/v2\/media\/54403"}],"wp:attachment":[{"href":"https:\/\/www.libraria-occitana.org\/oc\/wp-json\/wp\/v2\/media?parent=54411"}],"wp:term":[{"taxonomy":"product_brand","embeddable":true,"href":"https:\/\/www.libraria-occitana.org\/oc\/wp-json\/wp\/v2\/product_brand?post=54411"},{"taxonomy":"product_cat","embeddable":true,"href":"https:\/\/www.libraria-occitana.org\/oc\/wp-json\/wp\/v2\/product_cat?post=54411"},{"taxonomy":"product_tag","embeddable":true,"href":"https:\/\/www.libraria-occitana.org\/oc\/wp-json\/wp\/v2\/product_tag?post=54411"}],"curies":[{"name":"wp","href":"https:\/\/api.w.org\/{rel}","templated":true}]}}