{"id":54431,"date":"2021-01-12T18:38:57","date_gmt":"2021-01-12T17:38:57","guid":{"rendered":"http:\/\/www.libraria-occitana.org\/product\/lempereur-partit-les-generaux-resterent\/"},"modified":"2026-04-18T06:11:24","modified_gmt":"2026-04-18T04:11:24","slug":"lempereur-partit-les-generaux-resterent","status":"publish","type":"product","link":"https:\/\/www.libraria-occitana.org\/oc\/produch\/lempereur-partit-les-generaux-resterent\/","title":{"rendered":"L&#8217;Empereur partit, les g\u00e9n\u00e9raux rest\u00e8rent"},"content":{"rendered":"<p><em>L\u2019Empereur partit, les g\u00e9n\u00e9raux rest\u00e8rent<\/em>, ou Histoire d\u2019une r\u00e9volution manqu\u00e9e. Avec en filigrane le programme d\u2019une caste militaire d\u00e9cid\u00e9e, quel qu\u2019en soit le prix, \u00e0 s\u2019accrocher au pouvoir malgr\u00e9 son \u00e9crasante responsabilit\u00e9 dans la barbarie montante de ce jeune XXe si\u00e8cle, l\u2019action de ce \u00ab roman-documentaire \u00bb s\u2019\u00e9tend du 16 octobre au soir du 9 novembre 1918, c\u2019est-\u00e0-dire de l\u2019effondrement du front \u00e0 la proclamation de la Ire R\u00e9publique allemande. Le r\u00e9cit commence dans la boue d\u2019une tranch\u00e9e, s\u2019attache \u00e0 la r\u00e9volte des matelots de la marine imp\u00e9riale, il s\u2019ach\u00e8ve sur le pacte secret scell\u00e9 entre le social-d\u00e9mocrate Ebert et le chef de l\u2019arm\u00e9e, Groener. Il trouve son unit\u00e9 et son esth\u00e9tique narrative dans la brutale acc\u00e9l\u00e9ration des \u00e9v\u00e9nements r\u00e9volutionnaires au cours des derni\u00e8res semaines de la guerre.<\/p>\n<p>On comparera cet ouvrage \u00e0 ceux d\u2019Alfred D\u00f6blin \u00e0 la m\u00eame \u00e9poque. On pensera au roman d\u2019Adam Scharrer <em>Les Sans-patrie<\/em>, mais aussi au livre de Remarque <em>\u00c0 l\u2019Ouest rien de nouveau<\/em>. Mais en en refermant les pages, il ne restera plus qu\u2019\u00e0 m\u00e9diter les mots de Plievier lui-m\u00eame : \u00ab Ceci n\u2019est pas un roman, mais un document ! \u00bb<\/p>\n<p>Pr\u00e9face de Jean-Numa Ducange.<\/p>\n","protected":false},"excerpt":{"rendered":"<p>L\u2019Empereur partit, les g\u00e9n\u00e9raux rest\u00e8rent, ou Histoire d\u2019une r\u00e9volution manqu\u00e9e. Avec en filigrane le programme d\u2019une caste militaire d\u00e9cid\u00e9e, quel qu\u2019en soit le prix, \u00e0 s\u2019accrocher au pouvoir malgr\u00e9 son \u00e9crasante responsabilit\u00e9 dans la barbarie montante de ce jeune XXe si\u00e8cle, l\u2019action de ce \u00ab roman-documentaire \u00bb s\u2019\u00e9tend du 16 octobre au soir du 9 [&hellip;]<\/p>\n","protected":false},"featured_media":54429,"template":"","meta":{"_acf_changed":false,"_genesis_hide_title":false,"_genesis_hide_breadcrumbs":false,"_genesis_hide_singular_image":false,"_genesis_hide_footer_widgets":false,"_genesis_custom_body_class":"","_genesis_custom_post_class":"","_genesis_layout":""},"product_brand":[],"product_cat":[7133,7175,7183],"product_tag":[],"class_list":{"0":"post-54431","1":"product","2":"type-product","3":"status-publish","4":"has-post-thumbnail","6":"product_cat-libres-oc","7":"product_cat-literatura-oc","8":"product_cat-romans-novelas-oc","9":"pa_auteur-plievier-theodor-oc","10":"pa_editeur-plein-chant-oc","11":"pa_illustrateur-doizy-bruno-oc","12":"pa_langue-francais-oc","13":"entry","15":"first","16":"instock","17":"shipping-taxable","18":"purchasable","19":"product-type-simple"},"acf":[],"_links":{"self":[{"href":"https:\/\/www.libraria-occitana.org\/oc\/wp-json\/wp\/v2\/product\/54431","targetHints":{"allow":["GET"]}}],"collection":[{"href":"https:\/\/www.libraria-occitana.org\/oc\/wp-json\/wp\/v2\/product"}],"about":[{"href":"https:\/\/www.libraria-occitana.org\/oc\/wp-json\/wp\/v2\/types\/product"}],"wp:featuredmedia":[{"embeddable":true,"href":"https:\/\/www.libraria-occitana.org\/oc\/wp-json\/wp\/v2\/media\/54429"}],"wp:attachment":[{"href":"https:\/\/www.libraria-occitana.org\/oc\/wp-json\/wp\/v2\/media?parent=54431"}],"wp:term":[{"taxonomy":"product_brand","embeddable":true,"href":"https:\/\/www.libraria-occitana.org\/oc\/wp-json\/wp\/v2\/product_brand?post=54431"},{"taxonomy":"product_cat","embeddable":true,"href":"https:\/\/www.libraria-occitana.org\/oc\/wp-json\/wp\/v2\/product_cat?post=54431"},{"taxonomy":"product_tag","embeddable":true,"href":"https:\/\/www.libraria-occitana.org\/oc\/wp-json\/wp\/v2\/product_tag?post=54431"}],"curies":[{"name":"wp","href":"https:\/\/api.w.org\/{rel}","templated":true}]}}