{"id":54435,"date":"2023-03-13T17:04:08","date_gmt":"2023-03-13T16:04:08","guid":{"rendered":"http:\/\/www.libraria-occitana.org\/?post_type=product&#038;p=54435"},"modified":"2026-04-29T02:06:20","modified_gmt":"2026-04-29T00:06:20","slug":"la-part-de-lorage-edition-deluxe","status":"publish","type":"product","link":"https:\/\/www.libraria-occitana.org\/oc\/produch\/la-part-de-lorage-edition-deluxe\/","title":{"rendered":"La part de l&#8217;orage &#8211; \u00c9dition Deluxe"},"content":{"rendered":"<p><strong>Erwan Billon, Titouan Billon, Delphine Grellier, Olivier Grolleau, Samuel Grolleau, Audrey Hoyuelos, Maud S\u00e9guier :<\/strong> Voix &amp; Percussions, composition &amp; arrangement<\/p>\n<p>Barrut, c\u2019est une b\u00eate sonore compos\u00e9e de trois femmes et quatre hommes qui font corps, et donnent vie ensemble \u00e0 un animal sauvage et po\u00e9tique, qui pleure parfois, rugit souvent. Dans une symphonie puissante, la b\u00eate fait r\u00e9sonner ses luttes intimes et politiques \u00e0 travers pamphlets, fables, \u00e9pop\u00e9es, et autres chroniques po\u00e9tiques du monde d\u2019aujourd\u2019hui.<\/p>\n<p>Sur sc\u00e8ne, les sept voix de Barrut, masculines et f\u00e9minines, portent une musique enti\u00e8re et pleine de reliefs, \u00e0 la fois massive et pr\u00e9cise, parfois bouillonnante, parfois suspendue, et toujours habit\u00e9e.<br \/>\nApr\u00e8s 6 ann\u00e9es d\u2019existence et plus de 200 concerts \u00e0 son actif, la b\u00eate Barrut continue son travail d\u2019exploration, d\u2019introspection et d\u2019expression, affinant et affirmant toujours plus la singularit\u00e9 de son verbe et de sa musicalit\u00e9, et donnant vie \u00e0 une polyphonie unique, \u00e0 la fois actuelle et sans \u00e2ge.<\/p>\n<p>Apr\u00e8s deux premiers EP en 2015 (Eponyme) et 2017 (\u00ab <a href=\"http:\/\/www.libraria-occitana.org\/produit\/agram\/\">Agram<\/a>\u00a0\u00bb), Barrut enregistre son premier album, \u00ab La part de l&#8217;orage \u00bb.<br \/>\nCet album est \u00e0 l&#8217;image de la musique de la b\u00eate aujourd&#8217;hui : plus la b\u00eate grandit, moins elle est sage. Elle est poss\u00e9d\u00e9e cette b\u00eate\u2026 des crocs, des babines, des poils hirsutes, et un chant toujours plus entier. Parfois, elle se blesse. Alors elle crie sa col\u00e8re, certes, mais cherche aussi \u00e0 soigner et \u00e0 se soigner. Sa voix prend alors l\u2019\u00e2ge des m\u00e8res, et berce les morts et les vivants dans un vague espoir que la douleur cesse.<\/p>\n<p>\u00ab La part de l&#8217;orage \u00bb a \u00e9t\u00e9 enregistr\u00e9 en novembre 2019 sur un plateau enneig\u00e9 de l&#8217;Aubrac, par les soins de Yoan Jauneaud et avec l&#8217;accompagnement du luthier des voix Emmanuel Pesnot.<\/p>\n<p><strong>Cette nouvelle \u00ab \u00c9dition Deluxe \u00bb comprend en plus 2 in\u00e9dits avec les groupes CXK et le Duo Diridollou-Lavigne.<\/strong><\/p>\n<p>Le clip du studio :<\/p>\n<p><iframe loading=\"lazy\" title=\"YouTube video player\" src=\"https:\/\/www.youtube.com\/embed\/SDkWBvVHAdg\" width=\"560\" height=\"315\" frameborder=\"0\" allowfullscreen=\"allowfullscreen\"><\/iframe><\/p>\n<p><strong>Titres :<\/strong><br \/>\n1. Indig\u00e8nas 7&#8217;78<br \/>\n2. Enlu\u00f2c 4&#8217;42<br \/>\n3. Demi\u00fcrge 4&#8217;24<br \/>\n4. T\u00edo 4&#8217;59<br \/>\n5. Exil 5&#8217;19<br \/>\n6. Embruns 6&#8217;31<br \/>\n7. I\u00e8nas 2&#8217;38<br \/>\n8. Lo pr\u00e8tz de la nu\u00e8it 4&#8217;15<br \/>\n9. Mascarada 3&#8217;51<br \/>\n10. Cent orizonts 7&#8217;56<br \/>\n<strong>11. Babel (Barrut + Diridollou Lavigne) 6&#8217;02<\/strong><br \/>\n<strong>12. Bolh (Barrut + CXK) 4&#8217;41<\/strong><\/p>\n","protected":false},"excerpt":{"rendered":"<p>Erwan Billon, Titouan Billon, Delphine Grellier, Olivier Grolleau, Samuel Grolleau, Audrey Hoyuelos, Maud S\u00e9guier : Voix &amp; Percussions, composition &amp; arrangement Barrut, c\u2019est une b\u00eate sonore compos\u00e9e de trois femmes et quatre hommes qui font corps, et donnent vie ensemble \u00e0 un animal sauvage et po\u00e9tique, qui pleure parfois, rugit souvent. Dans une symphonie puissante, [&hellip;]<\/p>\n","protected":false},"featured_media":59182,"template":"","meta":{"_acf_changed":false,"_genesis_hide_title":false,"_genesis_hide_breadcrumbs":false,"_genesis_hide_singular_image":false,"_genesis_hide_footer_widgets":false,"_genesis_custom_body_class":"","_genesis_custom_post_class":"","_genesis_layout":""},"product_brand":[],"product_cat":[16683,7231],"product_tag":[],"class_list":{"0":"post-54435","1":"product","2":"type-product","3":"status-publish","4":"has-post-thumbnail","6":"product_cat-musica-oc","7":"product_cat-polifonias-oc","8":"pa_auteur-barrut-oc","9":"pa_editeur-oxivent-oc","10":"pa_editeur-tanin-record-oc","11":"pa_langue-occitan-oc","12":"pa_langue-occitan-lengadocian-oc","13":"entry","15":"first","16":"instock","17":"shipping-taxable","18":"purchasable","19":"product-type-simple"},"acf":[],"_links":{"self":[{"href":"https:\/\/www.libraria-occitana.org\/oc\/wp-json\/wp\/v2\/product\/54435","targetHints":{"allow":["GET"]}}],"collection":[{"href":"https:\/\/www.libraria-occitana.org\/oc\/wp-json\/wp\/v2\/product"}],"about":[{"href":"https:\/\/www.libraria-occitana.org\/oc\/wp-json\/wp\/v2\/types\/product"}],"wp:featuredmedia":[{"embeddable":true,"href":"https:\/\/www.libraria-occitana.org\/oc\/wp-json\/wp\/v2\/media\/59182"}],"wp:attachment":[{"href":"https:\/\/www.libraria-occitana.org\/oc\/wp-json\/wp\/v2\/media?parent=54435"}],"wp:term":[{"taxonomy":"product_brand","embeddable":true,"href":"https:\/\/www.libraria-occitana.org\/oc\/wp-json\/wp\/v2\/product_brand?post=54435"},{"taxonomy":"product_cat","embeddable":true,"href":"https:\/\/www.libraria-occitana.org\/oc\/wp-json\/wp\/v2\/product_cat?post=54435"},{"taxonomy":"product_tag","embeddable":true,"href":"https:\/\/www.libraria-occitana.org\/oc\/wp-json\/wp\/v2\/product_tag?post=54435"}],"curies":[{"name":"wp","href":"https:\/\/api.w.org\/{rel}","templated":true}]}}