{"id":54459,"date":"2021-07-13T19:23:09","date_gmt":"2021-07-13T17:23:09","guid":{"rendered":"http:\/\/www.libraria-occitana.org\/?post_type=product&#038;p=54459"},"modified":"2026-04-29T10:01:17","modified_gmt":"2026-04-29T08:01:17","slug":"camin-sobiran","status":"publish","type":"product","link":"https:\/\/www.libraria-occitana.org\/oc\/produch\/camin-sobiran\/","title":{"rendered":"Camin sobiran"},"content":{"rendered":"<p><strong>Lutxi Achiary &amp; Thomas Baudoin :<\/strong> Chant, tamborin a c\u00f2rdas, shruti box<\/p>\n<p>Camin de las s\u00e8rras, camin sobiran, acera linha prima qui s\u2019ac dauneja tot e qui h\u00e8 junt\u00e0\u2019s dus penents de montanha, atau com lo c\u00e8u e la t\u00e8rra au son estrem mei haut. Aqueth camin sublime e c\u00f2ps que i a caotic on tot e p\u00f2t capihonar t\u00e0 l\u2019ua part com t\u00e0 l\u2019auta. Linha d\u2019escambis, camin deu c\u00f2r e de las tractacions de l\u2019amor, suu hiu deu raser. Camin solide, noderut e dense de l\u2019union, lo ligam per on los escorrements essenciaus, vitaus, e circulan hens un sens o l\u2019aute, enter lo caputh e las arraditz de l\u2019arbo, d\u2019un penent t\u00e0 l\u2019aute, d\u2019un \u00e8ster t\u00e0 l\u2019aute.<\/p>\n<p>Ac\u00ed que contam istu\u00e8ras meil\u00e8u que de cantar can\u00e7ons, com e\u2019s h\u00e8 per aqueras culturas d\u2019on gesseishen aqueths repert\u00f2ris.<\/p>\n<p>Libreton 20 pajas emb las paraulas en occitan e la revirada en franc\u00e9s.<\/p>\n<p><strong>Titres :<\/strong><br \/>\n1. Adiu la b\u00e8ra Margoton 5'14<br \/>\n2. Jana-Maria 4'38<br \/>\n3. Dins la for\u00e8st del r\u00e8i 4'14<br \/>\n4. Joena l\u2019an maridada \/ La naranja 15'00<br \/>\n5. A malaja la bugada 3'52<br \/>\n6. La h\u00e8ira d\u2019Estang 5'31<br \/>\n7. Aqueras montinas 4'22<br \/>\n8. Vr\u00e8 diu de mas amors 5'52<\/p>\n","protected":false},"excerpt":{"rendered":"<p>Lutxi Achiary &amp; Thomas Baudoin : Chant, tamborin a c\u00f2rdas, shruti box Camin de las s\u00e8rras, camin sobiran, acera linha prima qui s\u2019ac dauneja tot e qui h\u00e8 junt\u00e0\u2019s dus penents de montanha, atau com lo c\u00e8u e la t\u00e8rra au son estrem mei haut. Aqueth camin sublime e c\u00f2ps que i a caotic on [&hellip;]<\/p>\n","protected":false},"featured_media":54454,"template":"","meta":{"_acf_changed":false,"_genesis_hide_title":false,"_genesis_hide_breadcrumbs":false,"_genesis_hide_singular_image":false,"_genesis_hide_footer_widgets":false,"_genesis_custom_body_class":"","_genesis_custom_post_class":"","_genesis_layout":""},"product_brand":[],"product_cat":[16683,7231],"product_tag":[],"class_list":{"0":"post-54459","1":"product","2":"type-product","3":"status-publish","4":"has-post-thumbnail","6":"product_cat-musica-oc","7":"product_cat-polifonias-oc","8":"pa_auteur-aedes-oc","9":"pa_editeur-pagans-oc","10":"pa_langue-occitan-oc","11":"pa_langue-occitan-gascon-oc","12":"entry","14":"first","15":"instock","16":"shipping-taxable","17":"purchasable","18":"product-type-simple"},"acf":[],"_links":{"self":[{"href":"https:\/\/www.libraria-occitana.org\/oc\/wp-json\/wp\/v2\/product\/54459","targetHints":{"allow":["GET"]}}],"collection":[{"href":"https:\/\/www.libraria-occitana.org\/oc\/wp-json\/wp\/v2\/product"}],"about":[{"href":"https:\/\/www.libraria-occitana.org\/oc\/wp-json\/wp\/v2\/types\/product"}],"wp:featuredmedia":[{"embeddable":true,"href":"https:\/\/www.libraria-occitana.org\/oc\/wp-json\/wp\/v2\/media\/54454"}],"wp:attachment":[{"href":"https:\/\/www.libraria-occitana.org\/oc\/wp-json\/wp\/v2\/media?parent=54459"}],"wp:term":[{"taxonomy":"product_brand","embeddable":true,"href":"https:\/\/www.libraria-occitana.org\/oc\/wp-json\/wp\/v2\/product_brand?post=54459"},{"taxonomy":"product_cat","embeddable":true,"href":"https:\/\/www.libraria-occitana.org\/oc\/wp-json\/wp\/v2\/product_cat?post=54459"},{"taxonomy":"product_tag","embeddable":true,"href":"https:\/\/www.libraria-occitana.org\/oc\/wp-json\/wp\/v2\/product_tag?post=54459"}],"curies":[{"name":"wp","href":"https:\/\/api.w.org\/{rel}","templated":true}]}}