{"id":54472,"date":"2016-09-14T11:40:32","date_gmt":"2016-09-14T09:40:32","guid":{"rendered":"http:\/\/www.libraria-occitana.org\/?post_type=product&#038;p=54472"},"modified":"2026-04-03T03:51:11","modified_gmt":"2026-04-03T01:51:11","slug":"navega-libre-cd","status":"publish","type":"product","link":"https:\/\/www.libraria-occitana.org\/oc\/produch\/navega-libre-cd\/","title":{"rendered":"Navega ! (libre + CD)"},"content":{"rendered":"<p>Moussu T e lei Jovents navegan despuei mai d\u2019una desena d\u2019annadas entre Marselha e leis Americas. Creat per Tatou et Blu de Massilia Sound System, aqueste \u201cside project\u201d es devengut un dei gropes lei plus estimulants de la sc\u00e8na francesa, mesclant poesia urbana proven\u00e7ala, ritmes cre\u00f2les e blues. Amb un enracinament occitan e de guitarras f\u00f2r\u00e7a r\u00f2ck, son nov\u00e8l albom es sensa concession !<\/p>\n<p>48 pajas colors emb traduccions francesa e anglesa.<br \/>\nMesa en imatges : Moussu T, pinturas : S. \u201cBlu\u201d Attard.<\/p>\n<p><strong>Titres :<\/strong><br \/>\n1. Cosmopolida 3&#8217;35<br \/>\n2. 13 nuechs amb\u00e9 mis\u00e9 3&#8217;55<br \/>\n3. La Balada d&#8217;Henri Diffonty 2&#8217;17<br \/>\n4. Liseron 4&#8217;30<br \/>\n5. Vaici Marselha 3&#8217;41<br \/>\n6. Aqu\u00f2 mi fa mau 3&#8217;27<br \/>\n7. Au mitan de la mar 3&#8217;27<br \/>\n8. Grues 3&#8217;43<br \/>\n9. Qu&#8217;es b\u00f2n 3&#8217;01<br \/>\n10. Louise B. 3&#8217;26<br \/>\n11. Navega ! 2&#8217;40<\/p>\n","protected":false},"excerpt":{"rendered":"<p>Moussu T e lei Jovents navegan despuei mai d\u2019una desena d\u2019annadas entre Marselha e leis Americas. Creat per Tatou et Blu de Massilia Sound System, aqueste \u201cside project\u201d es devengut un dei gropes lei plus estimulants de la sc\u00e8na francesa, mesclant poesia urbana proven\u00e7ala, ritmes cre\u00f2les e blues. Amb un enracinament occitan e de guitarras [&hellip;]<\/p>\n","protected":false},"featured_media":54475,"template":"","meta":{"_acf_changed":false,"_genesis_hide_title":false,"_genesis_hide_breadcrumbs":false,"_genesis_hide_singular_image":false,"_genesis_hide_footer_widgets":false,"_genesis_custom_body_class":"","_genesis_custom_post_class":"","_genesis_layout":""},"product_brand":[],"product_cat":[16683,7219],"product_tag":[],"class_list":{"0":"post-54472","1":"product","2":"type-product","3":"status-publish","4":"has-post-thumbnail","6":"product_cat-musica-oc","7":"product_cat-chancon-oc","8":"pa_auteur-moussu-t-e-lei-jovents-oc","9":"pa_editeur-manivette-records-oc","10":"pa_illustrateur-blu-oc","11":"pa_langue-francais-oc","12":"pa_langue-occitan-oc","13":"pa_langue-occitan-provencau-oc","14":"entry","16":"first","17":"instock","18":"shipping-taxable","19":"purchasable","20":"product-type-simple"},"acf":[],"_links":{"self":[{"href":"https:\/\/www.libraria-occitana.org\/oc\/wp-json\/wp\/v2\/product\/54472","targetHints":{"allow":["GET"]}}],"collection":[{"href":"https:\/\/www.libraria-occitana.org\/oc\/wp-json\/wp\/v2\/product"}],"about":[{"href":"https:\/\/www.libraria-occitana.org\/oc\/wp-json\/wp\/v2\/types\/product"}],"wp:featuredmedia":[{"embeddable":true,"href":"https:\/\/www.libraria-occitana.org\/oc\/wp-json\/wp\/v2\/media\/54475"}],"wp:attachment":[{"href":"https:\/\/www.libraria-occitana.org\/oc\/wp-json\/wp\/v2\/media?parent=54472"}],"wp:term":[{"taxonomy":"product_brand","embeddable":true,"href":"https:\/\/www.libraria-occitana.org\/oc\/wp-json\/wp\/v2\/product_brand?post=54472"},{"taxonomy":"product_cat","embeddable":true,"href":"https:\/\/www.libraria-occitana.org\/oc\/wp-json\/wp\/v2\/product_cat?post=54472"},{"taxonomy":"product_tag","embeddable":true,"href":"https:\/\/www.libraria-occitana.org\/oc\/wp-json\/wp\/v2\/product_tag?post=54472"}],"curies":[{"name":"wp","href":"https:\/\/api.w.org\/{rel}","templated":true}]}}