{"id":54600,"date":"2021-01-14T16:10:42","date_gmt":"2021-01-14T15:10:42","guid":{"rendered":"http:\/\/www.libraria-occitana.org\/?post_type=product&#038;p=54600"},"modified":"2026-04-16T05:46:19","modified_gmt":"2026-04-16T03:46:19","slug":"le-ptit-prince-4","status":"publish","type":"product","link":"https:\/\/www.libraria-occitana.org\/oc\/produch\/le-ptit-prince-4\/","title":{"rendered":"Le P&#8217;tit Prince"},"content":{"rendered":"<p>&#8216;Na version en occitan de La Ch\u00e2tre (La Ch\u00e2tre-Langlin, Indre) \/ Castrovicecontamlien dau <em>Petit Prince<\/em> de Saint-Exup\u00e9ry. Grafia fonetica de l&#8217;autor.<\/p>\n<p>\u00ab Aroua\u00eere, qu&#8217;o d&#8217;ssi le r&#8217;na.<br \/>\nVeuqui mon secr\u00e9. O z&#8217; \u00e9 byin simpye :<br \/>\non veu byin qu&#8217;av\u00e8c son c\u0153ur. S&#8217; qu&#8217;ou compte le pu,<br \/>\non z&#8217;ou veu pas av\u00e8c s\u00e9s \u0153ils. \u00bb<\/p>\n<p>Traduccion : Pierre Larose. Edicion : Michel Bidaud, Maximilien Gu\u00e9rin, Nicolas Quint.<\/p>\n","protected":false},"excerpt":{"rendered":"<p>&#8216;Na version en occitan de La Ch\u00e2tre (La Ch\u00e2tre-Langlin, Indre) \/ Castrovicecontamlien dau Petit Prince de Saint-Exup\u00e9ry. Grafia fonetica de l&#8217;autor. \u00ab Aroua\u00eere, qu&#8217;o d&#8217;ssi le r&#8217;na. Veuqui mon secr\u00e9. O z&#8217; \u00e9 byin simpye : on veu byin qu&#8217;av\u00e8c son c\u0153ur. S&#8217; qu&#8217;ou compte le pu, on z&#8217;ou veu pas av\u00e8c s\u00e9s \u0153ils. \u00bb [&hellip;]<\/p>\n","protected":false},"featured_media":54571,"template":"","meta":{"_acf_changed":false,"_genesis_hide_title":false,"_genesis_hide_breadcrumbs":false,"_genesis_hide_singular_image":false,"_genesis_hide_footer_widgets":false,"_genesis_custom_body_class":"","_genesis_custom_post_class":"","_genesis_layout":""},"product_brand":[],"product_cat":[7137,7133,7141],"product_tag":[],"class_list":{"0":"post-54600","1":"product","2":"type-product","3":"status-publish","4":"has-post-thumbnail","6":"product_cat-diccionaris-lenga-escolar-oc","7":"product_cat-libres-oc","8":"product_cat-linguistica-oc","9":"pa_auteur-saint-exupery-antoine-de-fr-oc","10":"pa_editeur-tintenfass-oc","11":"pa_illustrateur-bidaud-michel-oc","12":"pa_illustrateur-guerin-maximilien-oc-1","13":"pa_illustrateur-larose-pierre-oc","14":"pa_illustrateur-quint-nicolas-oc-1","15":"pa_langue-occitan-oc","16":"pa_langue-occitan-lemosin-oc","17":"entry","19":"first","20":"instock","21":"shipping-taxable","22":"purchasable","23":"product-type-simple"},"acf":[],"_links":{"self":[{"href":"https:\/\/www.libraria-occitana.org\/oc\/wp-json\/wp\/v2\/product\/54600","targetHints":{"allow":["GET"]}}],"collection":[{"href":"https:\/\/www.libraria-occitana.org\/oc\/wp-json\/wp\/v2\/product"}],"about":[{"href":"https:\/\/www.libraria-occitana.org\/oc\/wp-json\/wp\/v2\/types\/product"}],"wp:featuredmedia":[{"embeddable":true,"href":"https:\/\/www.libraria-occitana.org\/oc\/wp-json\/wp\/v2\/media\/54571"}],"wp:attachment":[{"href":"https:\/\/www.libraria-occitana.org\/oc\/wp-json\/wp\/v2\/media?parent=54600"}],"wp:term":[{"taxonomy":"product_brand","embeddable":true,"href":"https:\/\/www.libraria-occitana.org\/oc\/wp-json\/wp\/v2\/product_brand?post=54600"},{"taxonomy":"product_cat","embeddable":true,"href":"https:\/\/www.libraria-occitana.org\/oc\/wp-json\/wp\/v2\/product_cat?post=54600"},{"taxonomy":"product_tag","embeddable":true,"href":"https:\/\/www.libraria-occitana.org\/oc\/wp-json\/wp\/v2\/product_tag?post=54600"}],"curies":[{"name":"wp","href":"https:\/\/api.w.org\/{rel}","templated":true}]}}