{"id":54603,"date":"2021-01-14T16:21:05","date_gmt":"2021-01-14T15:21:05","guid":{"rendered":"http:\/\/www.libraria-occitana.org\/?post_type=product&#038;p=54603"},"modified":"2026-04-29T07:16:08","modified_gmt":"2026-04-29T05:16:08","slug":"le-ptit-prince-3","status":"publish","type":"product","link":"https:\/\/www.libraria-occitana.org\/oc\/produch\/le-ptit-prince-3\/","title":{"rendered":"Le P&#8217;tit Prince : Patou\u00e8s de G&#8217;nou\u00efa \/ Genouillacois (Genouillac, Creuse)"},"content":{"rendered":"<p>&#8216;Na version en occitan de &#8220;G&#8217;nou\u00efa&#8221; (Cruesa) dau <em>Petit Prince<\/em> de Saint-Exup\u00e9ry. Grafia fonetica de l&#8217;autor.<\/p>\n<p>\u00ab Adieu, d&#8217;ss\u00e8 le r&#8217;nard.<br \/>\nV\u00e8ci mon secr\u00e8t. Ou&#8217;\u00e9s bin simpye :<br \/>\non veu bin qu&#8217;av\u00e8que le queur.<br \/>\nLe pu impourtant se veu pas av\u00e8que l\u00f4s&#8217; o\u00efes. \u00bb<\/p>\n<p>Traduccion : Michelle Dayen. Edicion : Laur\u00e8ne Barbier, Nicolas Quint.<\/p>\n","protected":false},"excerpt":{"rendered":"<p>&#8216;Na version en occitan de &#8220;G&#8217;nou\u00efa&#8221; (Cruesa) dau Petit Prince de Saint-Exup\u00e9ry. Grafia fonetica de l&#8217;autor. \u00ab Adieu, d&#8217;ss\u00e8 le r&#8217;nard. V\u00e8ci mon secr\u00e8t. Ou&#8217;\u00e9s bin simpye : on veu bin qu&#8217;av\u00e8que le queur. Le pu impourtant se veu pas av\u00e8que l\u00f4s&#8217; o\u00efes. \u00bb Traduccion : Michelle Dayen. Edicion : Laur\u00e8ne Barbier, Nicolas Quint.<\/p>\n","protected":false},"featured_media":54568,"template":"","meta":{"_acf_changed":false,"_genesis_hide_title":false,"_genesis_hide_breadcrumbs":false,"_genesis_hide_singular_image":false,"_genesis_hide_footer_widgets":false,"_genesis_custom_body_class":"","_genesis_custom_post_class":"","_genesis_layout":""},"product_brand":[],"product_cat":[7137,7133,7141],"product_tag":[],"class_list":{"0":"post-54603","1":"product","2":"type-product","3":"status-publish","4":"has-post-thumbnail","6":"product_cat-diccionaris-lenga-escolar-oc","7":"product_cat-libres-oc","8":"product_cat-linguistica-oc","9":"pa_auteur-saint-exupery-antoine-de-fr-oc","10":"pa_editeur-tintenfass-oc","11":"pa_illustrateur-barbier-laurene-oc","12":"pa_illustrateur-dayen-michelle-oc","13":"pa_illustrateur-quint-nicolas-oc-1","14":"pa_langue-occitan-oc","15":"pa_langue-occitan-lemosin-oc","16":"entry","18":"first","19":"instock","20":"shipping-taxable","21":"purchasable","22":"product-type-simple"},"acf":[],"_links":{"self":[{"href":"https:\/\/www.libraria-occitana.org\/oc\/wp-json\/wp\/v2\/product\/54603","targetHints":{"allow":["GET"]}}],"collection":[{"href":"https:\/\/www.libraria-occitana.org\/oc\/wp-json\/wp\/v2\/product"}],"about":[{"href":"https:\/\/www.libraria-occitana.org\/oc\/wp-json\/wp\/v2\/types\/product"}],"wp:featuredmedia":[{"embeddable":true,"href":"https:\/\/www.libraria-occitana.org\/oc\/wp-json\/wp\/v2\/media\/54568"}],"wp:attachment":[{"href":"https:\/\/www.libraria-occitana.org\/oc\/wp-json\/wp\/v2\/media?parent=54603"}],"wp:term":[{"taxonomy":"product_brand","embeddable":true,"href":"https:\/\/www.libraria-occitana.org\/oc\/wp-json\/wp\/v2\/product_brand?post=54603"},{"taxonomy":"product_cat","embeddable":true,"href":"https:\/\/www.libraria-occitana.org\/oc\/wp-json\/wp\/v2\/product_cat?post=54603"},{"taxonomy":"product_tag","embeddable":true,"href":"https:\/\/www.libraria-occitana.org\/oc\/wp-json\/wp\/v2\/product_tag?post=54603"}],"curies":[{"name":"wp","href":"https:\/\/api.w.org\/{rel}","templated":true}]}}