{"id":54654,"date":"2021-07-20T17:56:14","date_gmt":"2021-07-20T15:56:14","guid":{"rendered":"http:\/\/www.libraria-occitana.org\/?post_type=product&#038;p=54654"},"modified":"2026-04-29T10:12:48","modified_gmt":"2026-04-29T08:12:48","slug":"etudes-sur-la-litterature-occitane-du-moyen-age-tome-ii","status":"publish","type":"product","link":"https:\/\/www.libraria-occitana.org\/oc\/produch\/etudes-sur-la-litterature-occitane-du-moyen-age-tome-ii\/","title":{"rendered":"\u00c9tudes sur la litt\u00e9rature occitane du Moyen \u00c2ge Tome II"},"content":{"rendered":"<p>Apr\u00e8s un premier tome paru en 2016, ce livre poursuit la reprise des articles de G\u00e9rard Gouiran parus de 1981 \u00e0 2015, \u00e0 l&#8217;exception de ceux qui viennent d&#8217;\u00eatre traduits en anglais par Linda Paterson dans <em>From \u201cChanson de Geste\u201d to Epic Chronicle : Medieval Occitan Poetry of War<\/em> chez Routledge. On revient ici sur le monde des troubadours, des jongleurs et de Bertran de Born en particulier, dont les <em>sirventes<\/em> et les <em>planhs<\/em> documentent ses relations avec les Plantagen\u00eats en temps de guerre comme en temps de paix, ainsi qu&#8217;avec ses autres suzerains, ses pairs et ses familiers. Comme dans le pr\u00e9c\u00e9dent volume, les articles ont \u00e9t\u00e9 recompos\u00e9s, corrig\u00e9s et compl\u00e9t\u00e9s le cas \u00e9ch\u00e9ant par les originaux d&#8217;ancien occitan et les traductions occitanes.<\/p>\n<p>\u00c9dition propos\u00e9e et pr\u00e9sent\u00e9e par Marjolaine Raguin.<\/p>\n<p><a href=\"http:\/\/www.libraria-occitana.org\/produit\/etudes-sur-la-litterature-occitane-du-moyen-age\/\"><em>\u00c9tudes sur la litt\u00e9rature occitane du Moyen \u00c2ge<\/em> Tome I<\/a><\/p>\n","protected":false},"excerpt":{"rendered":"<p>Apr\u00e8s un premier tome paru en 2016, ce livre poursuit la reprise des articles de G\u00e9rard Gouiran parus de 1981 \u00e0 2015, \u00e0 l&#8217;exception de ceux qui viennent d&#8217;\u00eatre traduits en anglais par Linda Paterson dans From \u201cChanson de Geste\u201d to Epic Chronicle : Medieval Occitan Poetry of War chez Routledge. On revient ici sur [&hellip;]<\/p>\n","protected":false},"featured_media":54659,"template":"","meta":{"_acf_changed":false,"_genesis_hide_title":false,"_genesis_hide_breadcrumbs":false,"_genesis_hide_singular_image":false,"_genesis_hide_footer_widgets":false,"_genesis_custom_body_class":"","_genesis_custom_post_class":"","_genesis_layout":""},"product_brand":[],"product_cat":[7189,7133,7175],"product_tag":[],"class_list":{"0":"post-54654","1":"product","2":"type-product","3":"status-publish","4":"has-post-thumbnail","6":"product_cat-estudis-literaris-oc","7":"product_cat-libres-oc","8":"product_cat-literatura-oc","9":"pa_auteur-gouiran-gerard-oc","10":"pa_editeur-lambert-lucas-oc","11":"pa_langue-francais-oc","12":"entry","14":"first","15":"instock","16":"shipping-taxable","17":"purchasable","18":"product-type-simple"},"acf":[],"_links":{"self":[{"href":"https:\/\/www.libraria-occitana.org\/oc\/wp-json\/wp\/v2\/product\/54654","targetHints":{"allow":["GET"]}}],"collection":[{"href":"https:\/\/www.libraria-occitana.org\/oc\/wp-json\/wp\/v2\/product"}],"about":[{"href":"https:\/\/www.libraria-occitana.org\/oc\/wp-json\/wp\/v2\/types\/product"}],"wp:featuredmedia":[{"embeddable":true,"href":"https:\/\/www.libraria-occitana.org\/oc\/wp-json\/wp\/v2\/media\/54659"}],"wp:attachment":[{"href":"https:\/\/www.libraria-occitana.org\/oc\/wp-json\/wp\/v2\/media?parent=54654"}],"wp:term":[{"taxonomy":"product_brand","embeddable":true,"href":"https:\/\/www.libraria-occitana.org\/oc\/wp-json\/wp\/v2\/product_brand?post=54654"},{"taxonomy":"product_cat","embeddable":true,"href":"https:\/\/www.libraria-occitana.org\/oc\/wp-json\/wp\/v2\/product_cat?post=54654"},{"taxonomy":"product_tag","embeddable":true,"href":"https:\/\/www.libraria-occitana.org\/oc\/wp-json\/wp\/v2\/product_tag?post=54654"}],"curies":[{"name":"wp","href":"https:\/\/api.w.org\/{rel}","templated":true}]}}