{"id":54665,"date":"2021-07-20T19:52:10","date_gmt":"2021-07-20T17:52:10","guid":{"rendered":"http:\/\/www.libraria-occitana.org\/product\/si-ma-voix-devient-rauque\/"},"modified":"2026-04-07T11:09:39","modified_gmt":"2026-04-07T09:09:39","slug":"si-ma-voix-devient-rauque","status":"publish","type":"product","link":"https:\/\/www.libraria-occitana.org\/oc\/produch\/si-ma-voix-devient-rauque\/","title":{"rendered":"Si ma voix devient rauque"},"content":{"rendered":"<p>Une traduction en fran\u00e7ais de <em><a href=\"http:\/\/www.libraria-occitana.org\/produit\/se-rauqueja-ma-votz\/\">Se rauqueja ma votz<\/a><\/em>.<\/p>\n<p>Plus de trente ans apr\u00e8s la publication de son \u0153uvre po\u00e9tique, suivie de quelques rares recueils comme <em>Dotze taulas per N\u00f2stra D\u00f2na<\/em> ou <em>Ai tres \u00f2mes a taula, a mi\u00e8gjorn<\/em>, le lecteur trouvera ici toute une part demeur\u00e9e in\u00e9dite de la po\u00e9sie de Jean Larzac.<\/p>\n<p>Si ma voix devient rauque, auquel le po\u00e8te n\u2019a jamais cess\u00e9 de travailler au long du temps et de la vie, met fin \u00e0 un long silence \u00e9ditorial.<\/p>\n<p>M\u00eame occup\u00e9 pendant des ann\u00e9es \u00e0 l\u2019ach\u00e8vement de son grand \u0153uvre de traducteur, les deux Testaments en version occitane, Larzac s\u2019est consacr\u00e9 \u00e0 une \u00e9criture plus personnelle.<\/p>\n<p>Dans la continuit\u00e9 des premiers recueils, il confronte ici toutes les faces de l\u2019humanit\u00e9, \u00e0 l\u2019\u00e9coute, aujourd\u2019hui comme hier, des secousses et des espoirs du monde : interrogations sur l\u2019existence comme contemplation des paysages du Liban ou du Pays d\u2019Oc.<\/p>\n<p>Traduction de l&#8217;occitan par Jean-Pierre Chambon, Marjolaine Raguin et Guy Latry, revue par Jean Larzac.<\/p>\n","protected":false},"excerpt":{"rendered":"<p>Une traduction en fran\u00e7ais de Se rauqueja ma votz. Plus de trente ans apr\u00e8s la publication de son \u0153uvre po\u00e9tique, suivie de quelques rares recueils comme Dotze taulas per N\u00f2stra D\u00f2na ou Ai tres \u00f2mes a taula, a mi\u00e8gjorn, le lecteur trouvera ici toute une part demeur\u00e9e in\u00e9dite de la po\u00e9sie de Jean Larzac. Si [&hellip;]<\/p>\n","protected":false},"featured_media":54662,"template":"","meta":{"_acf_changed":false,"_genesis_hide_title":false,"_genesis_hide_breadcrumbs":false,"_genesis_hide_singular_image":false,"_genesis_hide_footer_widgets":false,"_genesis_custom_body_class":"","_genesis_custom_post_class":"","_genesis_layout":""},"product_brand":[],"product_cat":[7133,7175,7179,7181],"product_tag":[],"class_list":{"0":"post-54665","1":"product","2":"type-product","3":"status-publish","4":"has-post-thumbnail","6":"product_cat-libres-oc","7":"product_cat-literatura-oc","8":"product_cat-literatura-occitana-en-frances-oc","9":"product_cat-poesia-oc","10":"pa_auteur-roqueta-larzac-joan-oc","11":"pa_editeur-lambert-lucas-oc","12":"pa_illustrateur-chambon-jean-pierre-oc","13":"pa_illustrateur-latry-guy-oc","14":"pa_illustrateur-raguin-marjolaine-oc","15":"pa_langue-francais-oc","16":"entry","18":"first","19":"instock","20":"shipping-taxable","21":"purchasable","22":"product-type-simple"},"acf":[],"_links":{"self":[{"href":"https:\/\/www.libraria-occitana.org\/oc\/wp-json\/wp\/v2\/product\/54665","targetHints":{"allow":["GET"]}}],"collection":[{"href":"https:\/\/www.libraria-occitana.org\/oc\/wp-json\/wp\/v2\/product"}],"about":[{"href":"https:\/\/www.libraria-occitana.org\/oc\/wp-json\/wp\/v2\/types\/product"}],"wp:featuredmedia":[{"embeddable":true,"href":"https:\/\/www.libraria-occitana.org\/oc\/wp-json\/wp\/v2\/media\/54662"}],"wp:attachment":[{"href":"https:\/\/www.libraria-occitana.org\/oc\/wp-json\/wp\/v2\/media?parent=54665"}],"wp:term":[{"taxonomy":"product_brand","embeddable":true,"href":"https:\/\/www.libraria-occitana.org\/oc\/wp-json\/wp\/v2\/product_brand?post=54665"},{"taxonomy":"product_cat","embeddable":true,"href":"https:\/\/www.libraria-occitana.org\/oc\/wp-json\/wp\/v2\/product_cat?post=54665"},{"taxonomy":"product_tag","embeddable":true,"href":"https:\/\/www.libraria-occitana.org\/oc\/wp-json\/wp\/v2\/product_tag?post=54665"}],"curies":[{"name":"wp","href":"https:\/\/api.w.org\/{rel}","templated":true}]}}