{"id":54786,"date":"2021-09-15T15:22:03","date_gmt":"2021-09-15T13:22:03","guid":{"rendered":"http:\/\/www.libraria-occitana.org\/product\/per-dancar\/"},"modified":"2026-04-14T01:26:58","modified_gmt":"2026-04-13T23:26:58","slug":"per-dancar","status":"publish","type":"product","link":"https:\/\/www.libraria-occitana.org\/oc\/produch\/per-dancar\/","title":{"rendered":"Per dan\u00e7ar"},"content":{"rendered":"<p><strong>Basile Br\u00e9maud :<\/strong> Violons, chant.<br \/>\n<strong>Herv\u00e9 Capel :<\/strong> Accord\u00e9on.<\/p>\n<p>Et voici la troisi\u00e8me galette de ce duo tr\u00e8s fameux ! Leur second ouvrage \u00e9tait un enregistrement sur le vif, en bal chez les Brayauds. Cette fois, les voil\u00e0 de retour en studio. Mais, de m\u00eame qu\u2019alors, \u00e0 part les bruits de fond du bal, on aurait eu bien du mal \u00e0 deviner les conditions d\u2019enregistrement de \u00ab Sur le vif \u00bb, inversement ici, \u00e0 part l\u2019absence de ces bruits, et quelques petites astuces de montage, qui croirait au cocon de la salle d\u2019enregistrement ? On les voit jouer derri\u00e8re les hauts-parleurs ! Ces deux-l\u00e0 ne cesseront jamais de nous \u00e9tonner, tant leur immense talent sait r\u00e9solument \u2013 et humblement \u2013 rester au service de la musique qu\u2019ils jouent : la musique traditionnelle du plateau de l\u2019Artense, \u00e0 laquelle ils ajoutent, comme \u00e0 leur habitude, une touche de \u00ab n\u00e9o-folklore \u00bb auvergnat des ann\u00e9es 50 ainsi que, et c\u2019est nouveau, quelques compositions de leur cru. Mais \u00e9coutez donc ce CD les yeux ferm\u00e9s : non seulement vous les verrez jouer, mais pour ce qui est de diff\u00e9rencier les airs traditionnels de leurs compositions, gageons que vous n\u2019y verrez que du feu !<\/p>\n<p>Livret 12 pages, indication des sources.<br \/>\nTraditionnel : Auvergne (13 titres), Limousin (6 titres).<br \/>\nCompositions : Basile Br\u00e9maud (1 titre), Herv\u00e9 Capel (2 titres), Martin Cayla &#8211; Dommel (1 titre), Thibault Chaumeil (1 titre), Joseph Colombo (1 titre), Pierre Ladonne (1 titre).<\/p>\n<p><strong>Titres :<\/strong><br \/>\n1. Bourr\u00e9e \u00e0 Chamberet \/ La bala que tirava \/ Maridan l\u2019ainada 3\u201929<br \/>\n2. Marche des g\u00e9ants \/ Nuits de Chine \/ Marche de la mari\u00e9e 5\u201907<br \/>\n3. La reine des pr\u00e9s \/ Nany 6\u201911<br \/>\n4. Deux bourr\u00e9es \u00e0 Fenou 3\u201937<br \/>\n5. Covomieux \/ Scottish du Lamalou ? 4\u201918<br \/>\n6. Per dan\u00e7ar \/ Polka \u00e0 Michel P\u00e9chadre 4\u201938<br \/>\n7. Le Tourniquet 2\u201945<br \/>\n8. Tusto barto \/ Ierma 5\u201902<br \/>\n9. Le printemps est venu \/ La bruna la ross\u00e8la \/ Bourr\u00e9e \u00e0 Jules Boyer 7\u201915<br \/>\n10. Mazurkas \u00e0 Tournadre \/ \u00e0 Gatignol 5\u201903<br \/>\n11. Pendant la messe \/ Bota lo chat cueire 4\u201931<br \/>\n12. Valse \u00e0 Chastagnol \/ Ieu n\u2019aime lo diable 5\u201913<\/p>\n","protected":false},"excerpt":{"rendered":"<p>Basile Br\u00e9maud : Violons, chant. Herv\u00e9 Capel : Accord\u00e9on. Et voici la troisi\u00e8me galette de ce duo tr\u00e8s fameux ! Leur second ouvrage \u00e9tait un enregistrement sur le vif, en bal chez les Brayauds. Cette fois, les voil\u00e0 de retour en studio. Mais, de m\u00eame qu\u2019alors, \u00e0 part les bruits de fond du bal, on [&hellip;]<\/p>\n","protected":false},"featured_media":54784,"template":"","meta":{"_acf_changed":false,"_genesis_hide_title":false,"_genesis_hide_breadcrumbs":false,"_genesis_hide_singular_image":false,"_genesis_hide_footer_widgets":false,"_genesis_custom_body_class":"","_genesis_custom_post_class":"","_genesis_layout":""},"product_brand":[],"product_cat":[16683,7229],"product_tag":[],"class_list":{"0":"post-54786","1":"product","2":"type-product","3":"status-publish","4":"has-post-thumbnail","6":"product_cat-musica-oc","7":"product_cat-novela-tradicion-oc","8":"pa_auteur-duo-artense-oc","9":"pa_editeur-aepem-oc","10":"pa_langue-francais-oc","11":"pa_langue-occitan-oc","12":"pa_langue-occitan-auvernhat-oc","13":"entry","15":"first","16":"instock","17":"shipping-taxable","18":"purchasable","19":"product-type-simple"},"acf":[],"_links":{"self":[{"href":"https:\/\/www.libraria-occitana.org\/oc\/wp-json\/wp\/v2\/product\/54786","targetHints":{"allow":["GET"]}}],"collection":[{"href":"https:\/\/www.libraria-occitana.org\/oc\/wp-json\/wp\/v2\/product"}],"about":[{"href":"https:\/\/www.libraria-occitana.org\/oc\/wp-json\/wp\/v2\/types\/product"}],"wp:featuredmedia":[{"embeddable":true,"href":"https:\/\/www.libraria-occitana.org\/oc\/wp-json\/wp\/v2\/media\/54784"}],"wp:attachment":[{"href":"https:\/\/www.libraria-occitana.org\/oc\/wp-json\/wp\/v2\/media?parent=54786"}],"wp:term":[{"taxonomy":"product_brand","embeddable":true,"href":"https:\/\/www.libraria-occitana.org\/oc\/wp-json\/wp\/v2\/product_brand?post=54786"},{"taxonomy":"product_cat","embeddable":true,"href":"https:\/\/www.libraria-occitana.org\/oc\/wp-json\/wp\/v2\/product_cat?post=54786"},{"taxonomy":"product_tag","embeddable":true,"href":"https:\/\/www.libraria-occitana.org\/oc\/wp-json\/wp\/v2\/product_tag?post=54786"}],"curies":[{"name":"wp","href":"https:\/\/api.w.org\/{rel}","templated":true}]}}