{"id":54840,"date":"2021-09-20T13:23:13","date_gmt":"2021-09-20T11:23:13","guid":{"rendered":"http:\/\/www.libraria-occitana.org\/product\/amontanhatge-lei-tres-libres\/"},"modified":"2026-04-29T10:44:05","modified_gmt":"2026-04-29T08:44:05","slug":"amontanhatge-lei-tres-libres","status":"publish","type":"product","link":"https:\/\/www.libraria-occitana.org\/oc\/produch\/amontanhatge-lei-tres-libres\/","title":{"rendered":"Amontanhatge : Lei tres libres"},"content":{"rendered":"<p>S\u00e8gle XV, lei comtats de Proven\u00e7a e de Forcauquier, tres vidas, tres jovents que v\u00e8non de quitar l\u2019enfan\u00e7a. Sei vidas \u00e8ran tra\u00e7adas, mai jamai ren es calhat. Ansin, lei destins d\u2019Amielh, de Bertrand e de Clemen\u00e7 fogu\u00e8ron borrolats. Amielh que devi\u00e1 \u00e8stre lauraire, ser\u00e0 pastre ; Bertrand que vegu\u00e8t lo jorn entre mastra e forn, aur\u00e0 ges de farina dins lei mans, mai l\u2019espasa ; Clemen\u00e7 enfantonet nascut dins un vilatjon, passar\u00e0 sa vida dins lei clastras d\u2019una abadi\u00e1.<\/p>\n<p>Prom\u00e9s a una exist\u00e9ncia quieta, sei vidas fin finala fogu\u00e8ron pas de l\u00f2nguei ribieras tranquillas. Sabi\u00e1n pas qu\u2019enregant un camin per lo quau \u00e8ran pas predestinats, se trobari\u00e1n implicats dins lei torments de l\u2019Ist\u00f2ria.<\/p>\n","protected":false},"excerpt":{"rendered":"<p>S\u00e8gle XV, lei comtats de Proven\u00e7a e de Forcauquier, tres vidas, tres jovents que v\u00e8non de quitar l\u2019enfan\u00e7a. Sei vidas \u00e8ran tra\u00e7adas, mai jamai ren es calhat. Ansin, lei destins d\u2019Amielh, de Bertrand e de Clemen\u00e7 fogu\u00e8ron borrolats. Amielh que devi\u00e1 \u00e8stre lauraire, ser\u00e0 pastre ; Bertrand que vegu\u00e8t lo jorn entre mastra e forn, [&hellip;]<\/p>\n","protected":false},"featured_media":54814,"template":"","meta":{"_acf_changed":false,"_genesis_hide_title":false,"_genesis_hide_breadcrumbs":false,"_genesis_hide_singular_image":false,"_genesis_hide_footer_widgets":false,"_genesis_custom_body_class":"","_genesis_custom_post_class":"","_genesis_layout":""},"product_brand":[],"product_cat":[7133,7175,7183],"product_tag":[],"class_list":{"0":"post-54840","1":"product","2":"type-product","3":"status-publish","4":"has-post-thumbnail","6":"product_cat-libres-oc","7":"product_cat-literatura-oc","8":"product_cat-romans-novelas-oc","9":"pa_auteur-arnaud-miqueu-oc","10":"pa_editeur-ieo-fr-oc","11":"pa_langue-occitan-oc","12":"pa_langue-occitan-provencau-oc","13":"entry","15":"first","16":"instock","17":"shipping-taxable","18":"purchasable","19":"product-type-simple"},"acf":[],"_links":{"self":[{"href":"https:\/\/www.libraria-occitana.org\/oc\/wp-json\/wp\/v2\/product\/54840","targetHints":{"allow":["GET"]}}],"collection":[{"href":"https:\/\/www.libraria-occitana.org\/oc\/wp-json\/wp\/v2\/product"}],"about":[{"href":"https:\/\/www.libraria-occitana.org\/oc\/wp-json\/wp\/v2\/types\/product"}],"wp:featuredmedia":[{"embeddable":true,"href":"https:\/\/www.libraria-occitana.org\/oc\/wp-json\/wp\/v2\/media\/54814"}],"wp:attachment":[{"href":"https:\/\/www.libraria-occitana.org\/oc\/wp-json\/wp\/v2\/media?parent=54840"}],"wp:term":[{"taxonomy":"product_brand","embeddable":true,"href":"https:\/\/www.libraria-occitana.org\/oc\/wp-json\/wp\/v2\/product_brand?post=54840"},{"taxonomy":"product_cat","embeddable":true,"href":"https:\/\/www.libraria-occitana.org\/oc\/wp-json\/wp\/v2\/product_cat?post=54840"},{"taxonomy":"product_tag","embeddable":true,"href":"https:\/\/www.libraria-occitana.org\/oc\/wp-json\/wp\/v2\/product_tag?post=54840"}],"curies":[{"name":"wp","href":"https:\/\/api.w.org\/{rel}","templated":true}]}}