{"id":54846,"date":"2021-09-20T13:46:47","date_gmt":"2021-09-20T11:46:47","guid":{"rendered":"http:\/\/www.libraria-occitana.org\/?post_type=product&#038;p=54846"},"modified":"2026-04-17T22:51:18","modified_gmt":"2026-04-17T20:51:18","slug":"disparicions","status":"publish","type":"product","link":"https:\/\/www.libraria-occitana.org\/oc\/produch\/disparicions\/","title":{"rendered":"Disparicions"},"content":{"rendered":"<p><em>Disparicions<\/em> es un recu\u00e8lh de t\u00e8xtes ont, coma dins <em>Masquetas e Mari\u00f2tas<\/em>, s\u00e8m sus la rara entre vida vidanta e subrenatural, dins un univ\u00e8rs ont tot, a cada segonda, p\u00f2t caplevar e desapar\u00e9isser per l\u2019efi\u00e8ch d\u2019una volontat clara o escura, mas tanben sens cap de rason\u2026<\/p>\n","protected":false},"excerpt":{"rendered":"<p>Disparicions es un recu\u00e8lh de t\u00e8xtes ont, coma dins Masquetas e Mari\u00f2tas, s\u00e8m sus la rara entre vida vidanta e subrenatural, dins un univ\u00e8rs ont tot, a cada segonda, p\u00f2t caplevar e desapar\u00e9isser per l\u2019efi\u00e8ch d\u2019una volontat clara o escura, mas tanben sens cap de rason\u2026<\/p>\n","protected":false},"featured_media":54817,"template":"","meta":{"_acf_changed":false,"_genesis_hide_title":false,"_genesis_hide_breadcrumbs":false,"_genesis_hide_singular_image":false,"_genesis_hide_footer_widgets":false,"_genesis_custom_body_class":"","_genesis_custom_post_class":"","_genesis_layout":""},"product_brand":[],"product_cat":[7133,7175,7183],"product_tag":[],"class_list":{"0":"post-54846","1":"product","2":"type-product","3":"status-publish","4":"has-post-thumbnail","6":"product_cat-libres-oc","7":"product_cat-literatura-oc","8":"product_cat-romans-novelas-oc","9":"pa_auteur-serras-joan-claudi-oc","10":"pa_editeur-ieo-fr-oc","11":"pa_langue-occitan-oc","12":"pa_langue-occitan-lengadocian-oc","13":"entry","15":"first","16":"instock","17":"shipping-taxable","18":"purchasable","19":"product-type-simple"},"acf":[],"_links":{"self":[{"href":"https:\/\/www.libraria-occitana.org\/oc\/wp-json\/wp\/v2\/product\/54846","targetHints":{"allow":["GET"]}}],"collection":[{"href":"https:\/\/www.libraria-occitana.org\/oc\/wp-json\/wp\/v2\/product"}],"about":[{"href":"https:\/\/www.libraria-occitana.org\/oc\/wp-json\/wp\/v2\/types\/product"}],"wp:featuredmedia":[{"embeddable":true,"href":"https:\/\/www.libraria-occitana.org\/oc\/wp-json\/wp\/v2\/media\/54817"}],"wp:attachment":[{"href":"https:\/\/www.libraria-occitana.org\/oc\/wp-json\/wp\/v2\/media?parent=54846"}],"wp:term":[{"taxonomy":"product_brand","embeddable":true,"href":"https:\/\/www.libraria-occitana.org\/oc\/wp-json\/wp\/v2\/product_brand?post=54846"},{"taxonomy":"product_cat","embeddable":true,"href":"https:\/\/www.libraria-occitana.org\/oc\/wp-json\/wp\/v2\/product_cat?post=54846"},{"taxonomy":"product_tag","embeddable":true,"href":"https:\/\/www.libraria-occitana.org\/oc\/wp-json\/wp\/v2\/product_tag?post=54846"}],"curies":[{"name":"wp","href":"https:\/\/api.w.org\/{rel}","templated":true}]}}