{"id":54897,"date":"2021-07-16T13:05:14","date_gmt":"2021-07-16T11:05:14","guid":{"rendered":"http:\/\/www.libraria-occitana.org\/product\/sublime-perigord-la-fabrique-dun-territoire-dexception\/"},"modified":"2026-04-17T21:21:54","modified_gmt":"2026-04-17T19:21:54","slug":"sublime-perigord-la-fabrique-dun-territoire-dexception","status":"publish","type":"product","link":"https:\/\/www.libraria-occitana.org\/oc\/produch\/sublime-perigord-la-fabrique-dun-territoire-dexception\/","title":{"rendered":"Sublime P\u00e9rigord : La fabrique d&#8217;un territoire d&#8217;exception"},"content":{"rendered":"<p>Partir \u00e0 la d\u00e9couverte d\u2019une des destinations pr\u00e9f\u00e9r\u00e9es des touristes fran\u00e7ais et \u00e9trangers tout en expliquant les origines et les \u00e9tapes de son succ\u00e8s, telle est l\u2019ambition de <em>Sublime P\u00e9rigord<\/em>. Croisant le regard d\u2019une g\u00e9ographe et d\u2019un historien, ce livre invite \u00e0 revivre par le texte et par l\u2019image cette lente alchimie qui, depuis pr\u00e8s de deux si\u00e8cles, a fait d\u00e9couvrir et changer ce territoire.<\/p>\n<p>H\u00e9l\u00e8ne Lafaye-Fouh\u00e9ty et Philippe Grandcoing suivent ainsi, du XIXe si\u00e8cle \u00e0 nos jours, la mutation du regard port\u00e9 sur les paysages et monuments.<br \/>\nIls revisitent aussi bien la litt\u00e9rature et le cin\u00e9ma que la peinture ou la photographie, analysent ce que le P\u00e9rigord doit \u00e0 sa gastronomie, \u00e0 ses sites pr\u00e9historiques, \u00e0 ses vestiges antiques ou m\u00e9di\u00e9vaux, \u00e0 ses villages et \u00e0 ses saveurs. Se dessine aussi, de Montaigne \u00e0 l\u2019abb\u00e9 Breuil en passant par les Britanniques et les chefs \u00e9toil\u00e9s, l\u2019importance de ses ambassadeurs, anonymes ou c\u00e9l\u00e8bres qui ont contribu\u00e9 \u00e0 la fabrique de ce territoire d\u2019exception.<\/p>\n<p>De Lascaux \u00e0 Brant\u00f4me, de Sarlat \u00e0 Monpazier, de la Double au Bergeracois, ils dressent une carte tout en nuances et en richesses o\u00f9 se d\u00e9couvre au coin d\u2019une halle, au d\u00e9tour d\u2019un sentier ou au d\u00e9bouch\u00e9 d\u2019une ruelle, une r\u00e9gion qui a su allier pr\u00e9servation du patrimoine et invention d\u2019un art de vivre.<\/p>\n","protected":false},"excerpt":{"rendered":"<p>Partir \u00e0 la d\u00e9couverte d\u2019une des destinations pr\u00e9f\u00e9r\u00e9es des touristes fran\u00e7ais et \u00e9trangers tout en expliquant les origines et les \u00e9tapes de son succ\u00e8s, telle est l\u2019ambition de Sublime P\u00e9rigord. Croisant le regard d\u2019une g\u00e9ographe et d\u2019un historien, ce livre invite \u00e0 revivre par le texte et par l\u2019image cette lente alchimie qui, depuis pr\u00e8s [&hellip;]<\/p>\n","protected":false},"featured_media":54580,"template":"","meta":{"_acf_changed":false,"_genesis_hide_title":false,"_genesis_hide_breadcrumbs":false,"_genesis_hide_singular_image":false,"_genesis_hide_footer_widgets":false,"_genesis_custom_body_class":"","_genesis_custom_post_class":"","_genesis_layout":""},"product_brand":[],"product_cat":[7199,7159,7149,7133,7197],"product_tag":[],"class_list":{"0":"post-54897","1":"product","2":"type-product","3":"status-publish","4":"has-post-thumbnail","6":"product_cat-guides-torisme-viatge-oc","7":"product_cat-istoria-moderna-e-contemporala-oc","8":"product_cat-istoria-geografia-oc","9":"product_cat-libres-oc","10":"product_cat-natura-torisme-oc","11":"pa_auteur-grandcoing-philippe-oc","12":"pa_auteur-lafaye-fouhety-helene-oc","13":"pa_editeur-les-ardents-editeurs-oc","14":"pa_langue-francais-oc","15":"entry","17":"first","18":"instock","19":"shipping-taxable","20":"purchasable","21":"product-type-simple"},"acf":[],"_links":{"self":[{"href":"https:\/\/www.libraria-occitana.org\/oc\/wp-json\/wp\/v2\/product\/54897","targetHints":{"allow":["GET"]}}],"collection":[{"href":"https:\/\/www.libraria-occitana.org\/oc\/wp-json\/wp\/v2\/product"}],"about":[{"href":"https:\/\/www.libraria-occitana.org\/oc\/wp-json\/wp\/v2\/types\/product"}],"wp:featuredmedia":[{"embeddable":true,"href":"https:\/\/www.libraria-occitana.org\/oc\/wp-json\/wp\/v2\/media\/54580"}],"wp:attachment":[{"href":"https:\/\/www.libraria-occitana.org\/oc\/wp-json\/wp\/v2\/media?parent=54897"}],"wp:term":[{"taxonomy":"product_brand","embeddable":true,"href":"https:\/\/www.libraria-occitana.org\/oc\/wp-json\/wp\/v2\/product_brand?post=54897"},{"taxonomy":"product_cat","embeddable":true,"href":"https:\/\/www.libraria-occitana.org\/oc\/wp-json\/wp\/v2\/product_cat?post=54897"},{"taxonomy":"product_tag","embeddable":true,"href":"https:\/\/www.libraria-occitana.org\/oc\/wp-json\/wp\/v2\/product_tag?post=54897"}],"curies":[{"name":"wp","href":"https:\/\/api.w.org\/{rel}","templated":true}]}}