{"id":54909,"date":"2021-09-22T18:42:47","date_gmt":"2021-09-22T16:42:47","guid":{"rendered":"http:\/\/www.libraria-occitana.org\/?post_type=product&#038;p=54909"},"modified":"2026-04-14T22:51:57","modified_gmt":"2026-04-14T20:51:57","slug":"diccionari-occitan-frances-gasconha-tome-3-o-z","status":"publish","type":"product","link":"https:\/\/www.libraria-occitana.org\/oc\/produch\/diccionari-occitan-frances-gasconha-tome-3-o-z\/","title":{"rendered":"Diccionari occitan-franc\u00e9s (Gasconha) T\u00f2me 3 O-Z"},"content":{"rendered":"<p>Aqueste diccionari occitan (gascon) \/ franc\u00e9s que compta a l\u2019entorn de 110 000 entradas en tres t\u00f2mes. Qu\u2019amassa l\u2019integralitat deu <em>Dictionnaire fran\u00e7ais-occitan<\/em> en dus volumes de Per Noste, revirat dens lo sens occitan (gascon) \/ franc\u00e9s au quau se horneish lo contienut deus diccionaris de Simin Palai, de F\u00e8li\u00e7 Arnaudin e de Vincen\u00e7 Foish, hicats peu purm\u00e8r c\u00f2p en grafia classica. Qu\u2019i trobaratz donc ua gran varietat de lexic, mots d\u2019usatge locau com d\u2019emplec generau, mots de ger mes tanben mots de uei, t\u00e8rmis corrents, de la vita de tot dia com t\u00e8rmis tecnics, sabents o literaris.<\/p>\n<p>Los mots gascons que son revirats per un o mei d\u2019un mot franc\u00e9s en cada accepcion e acompanhats d\u2019exemples d\u2019emplec. Las diferentas f\u00f2rmas locaus d\u2019un medish mot que remandan a ua entrada unica qui detalha los sens.<\/p>\n<p>D\u2019un endom comparable au <em>Tresor d\u00f3u Felibrige<\/em> de Frederic Mistral, e passant lo deu <em>Dictionnaire du b\u00e9arnais et du gascon modernes<\/em> de Simin Palai, aqueste obratge qu\u2019esp\u00e8ra aviar la nosta lenga dens lo s\u00e8gle XXIau.<\/p>\n<p><a href=\"http:\/\/www.libraria-occitana.org\/produit\/diccionari-occitan-frances-gasconha-tome-1-a-d\/\"><em>Diccionari occitan-franc\u00e9s (Gasconha) T\u00f2me 1 A-D<\/em><\/a><br \/>\n<a href=\"http:\/\/www.libraria-occitana.org\/produit\/diccionari-occitan-frances-gasconha-tome-2-e-n\/\"><em>Diccionari occitan-franc\u00e9s (Gasconha) T\u00f2me 2 E-N<\/em><\/a><\/p>\n","protected":false},"excerpt":{"rendered":"<p>Aqueste diccionari occitan (gascon) \/ franc\u00e9s que compta a l\u2019entorn de 110 000 entradas en tres t\u00f2mes. Qu\u2019amassa l\u2019integralitat deu Dictionnaire fran\u00e7ais-occitan en dus volumes de Per Noste, revirat dens lo sens occitan (gascon) \/ franc\u00e9s au quau se horneish lo contienut deus diccionaris de Simin Palai, de F\u00e8li\u00e7 Arnaudin e de Vincen\u00e7 Foish, hicats [&hellip;]<\/p>\n","protected":false},"featured_media":54832,"template":"","meta":{"_acf_changed":false,"_genesis_hide_title":false,"_genesis_hide_breadcrumbs":false,"_genesis_hide_singular_image":false,"_genesis_hide_footer_widgets":false,"_genesis_custom_body_class":"","_genesis_custom_post_class":"","_genesis_layout":""},"product_brand":[],"product_cat":[7139,7137,7133],"product_tag":[],"class_list":{"0":"post-54909","1":"product","2":"type-product","3":"status-publish","4":"has-post-thumbnail","6":"product_cat-diccionaris-gramaticas-oc","7":"product_cat-diccionaris-lenga-escolar-oc","8":"product_cat-libres-oc","9":"pa_auteur-guilhemjoan-patric-oc","10":"pa_auteur-harrer-elisa-oc","11":"pa_editeur-per-noste-oc","12":"pa_langue-occitan-gascon-oc","13":"pa_langue-occitan-francais-oc","14":"entry","16":"first","17":"outofstock","18":"shipping-taxable","19":"purchasable","20":"product-type-simple"},"acf":[],"_links":{"self":[{"href":"https:\/\/www.libraria-occitana.org\/oc\/wp-json\/wp\/v2\/product\/54909","targetHints":{"allow":["GET"]}}],"collection":[{"href":"https:\/\/www.libraria-occitana.org\/oc\/wp-json\/wp\/v2\/product"}],"about":[{"href":"https:\/\/www.libraria-occitana.org\/oc\/wp-json\/wp\/v2\/types\/product"}],"wp:featuredmedia":[{"embeddable":true,"href":"https:\/\/www.libraria-occitana.org\/oc\/wp-json\/wp\/v2\/media\/54832"}],"wp:attachment":[{"href":"https:\/\/www.libraria-occitana.org\/oc\/wp-json\/wp\/v2\/media?parent=54909"}],"wp:term":[{"taxonomy":"product_brand","embeddable":true,"href":"https:\/\/www.libraria-occitana.org\/oc\/wp-json\/wp\/v2\/product_brand?post=54909"},{"taxonomy":"product_cat","embeddable":true,"href":"https:\/\/www.libraria-occitana.org\/oc\/wp-json\/wp\/v2\/product_cat?post=54909"},{"taxonomy":"product_tag","embeddable":true,"href":"https:\/\/www.libraria-occitana.org\/oc\/wp-json\/wp\/v2\/product_tag?post=54909"}],"curies":[{"name":"wp","href":"https:\/\/api.w.org\/{rel}","templated":true}]}}