{"id":54961,"date":"2021-10-05T11:52:47","date_gmt":"2021-10-05T09:52:47","guid":{"rendered":"http:\/\/www.libraria-occitana.org\/product\/cledat-en-limousin-quand-les-vieilles-pierres-racontent\/"},"modified":"2026-04-11T23:51:12","modified_gmt":"2026-04-11T21:51:12","slug":"cledat-en-limousin-quand-les-vieilles-pierres-racontent","status":"publish","type":"product","link":"https:\/\/www.libraria-occitana.org\/oc\/produch\/cledat-en-limousin-quand-les-vieilles-pierres-racontent\/","title":{"rendered":"Cl\u00e9dat en Limousin : Quand les vieilles pierres racontent"},"content":{"rendered":"<p>Imaginez ! Une for\u00eat serr\u00e9e de conif\u00e8res, une piste de terre qui n&#8217;en finit pas&#8230; et soudain d&#8217;\u00e9normes rochers dispers\u00e9s comme troupeaux, des murs effondr\u00e9s, des vestiges de fen\u00eatres, des pierres dress\u00e9es en foyer&#8230; et toujours debout sous les ronces, une ogive : triste reste de village, abandonn\u00e9, attaqu\u00e9 de toutes parts d&#8217;une v\u00e9g\u00e9tation ensauvag\u00e9e&#8230; C&#8217;est Cl\u00e9dat, tel qu&#8217;ont pu le d\u00e9couvrir les rares personnes qui se souvenaient ou avaient su qu&#8217;il y avait eu l\u00e0 un village.<\/p>\n<p>Jusqu&#8217;\u00e0 ce que, dans les ann\u00e9es 2000, des habitants du voisinage se mettent \u00e0 y croire, s&#8217;associent, se retroussent les manches, qu\u00eatent les aides, d\u00e9broussaillent, redressent les murs, remontent les pignons de la chapelle et fassent \u00e0 nouveau sonner la cloche de ce vieux village jadis prieur\u00e9, sous le regard bienveillant de sainte Madeleine, f\u00eat\u00e9e chaque 22 juillet, et dont la bonne fontaine nettoy\u00e9e coule \u00e0 nouveau.<\/p>\n<p>Aujourd&#8217;hui : randonn\u00e9es, f\u00eates, spectacles, ateliers se succ\u00e8dent dans ce lieu magique o\u00f9 vous d\u00e9ambulerez \u00e0 votre aise \u00e0 moins que ne viennent vous surprendre les nouveaux habitants du lieu, surgis des rochers&#8230;<\/p>\n<p>C&#8217;est cette belle histoire qui vous est cont\u00e9e ici.<\/p>\n","protected":false},"excerpt":{"rendered":"<p>Imaginez ! Une for\u00eat serr\u00e9e de conif\u00e8res, une piste de terre qui n&#8217;en finit pas&#8230; et soudain d&#8217;\u00e9normes rochers dispers\u00e9s comme troupeaux, des murs effondr\u00e9s, des vestiges de fen\u00eatres, des pierres dress\u00e9es en foyer&#8230; et toujours debout sous les ronces, une ogive : triste reste de village, abandonn\u00e9, attaqu\u00e9 de toutes parts d&#8217;une v\u00e9g\u00e9tation ensauvag\u00e9e&#8230; [&hellip;]<\/p>\n","protected":false},"featured_media":54959,"template":"","meta":{"_acf_changed":false,"_genesis_hide_title":false,"_genesis_hide_breadcrumbs":false,"_genesis_hide_singular_image":false,"_genesis_hide_footer_widgets":false,"_genesis_custom_body_class":"","_genesis_custom_post_class":"","_genesis_layout":""},"product_brand":[],"product_cat":[7199,7157,7149,7133,7197],"product_tag":[],"class_list":{"0":"post-54961","1":"product","2":"type-product","3":"status-publish","4":"has-post-thumbnail","6":"product_cat-guides-torisme-viatge-oc","7":"product_cat-istoria-generala-oc","8":"product_cat-istoria-geografia-oc","9":"product_cat-libres-oc","10":"product_cat-natura-torisme-oc","11":"pa_auteur-association-renaissance-des-vieilles-pierres-entre-millevaches-et-monedieres-oc","12":"pa_editeur-maiade-oc","13":"pa_langue-francais-oc","14":"entry","16":"first","17":"instock","18":"shipping-taxable","19":"purchasable","20":"product-type-simple"},"acf":[],"_links":{"self":[{"href":"https:\/\/www.libraria-occitana.org\/oc\/wp-json\/wp\/v2\/product\/54961","targetHints":{"allow":["GET"]}}],"collection":[{"href":"https:\/\/www.libraria-occitana.org\/oc\/wp-json\/wp\/v2\/product"}],"about":[{"href":"https:\/\/www.libraria-occitana.org\/oc\/wp-json\/wp\/v2\/types\/product"}],"wp:featuredmedia":[{"embeddable":true,"href":"https:\/\/www.libraria-occitana.org\/oc\/wp-json\/wp\/v2\/media\/54959"}],"wp:attachment":[{"href":"https:\/\/www.libraria-occitana.org\/oc\/wp-json\/wp\/v2\/media?parent=54961"}],"wp:term":[{"taxonomy":"product_brand","embeddable":true,"href":"https:\/\/www.libraria-occitana.org\/oc\/wp-json\/wp\/v2\/product_brand?post=54961"},{"taxonomy":"product_cat","embeddable":true,"href":"https:\/\/www.libraria-occitana.org\/oc\/wp-json\/wp\/v2\/product_cat?post=54961"},{"taxonomy":"product_tag","embeddable":true,"href":"https:\/\/www.libraria-occitana.org\/oc\/wp-json\/wp\/v2\/product_tag?post=54961"}],"curies":[{"name":"wp","href":"https:\/\/api.w.org\/{rel}","templated":true}]}}