{"id":54980,"date":"2019-09-05T12:53:00","date_gmt":"2019-09-05T10:53:00","guid":{"rendered":"http:\/\/www.libraria-occitana.org\/product\/dictionnaire-francais-occitan-gascon-a-k\/"},"modified":"2026-04-29T10:48:26","modified_gmt":"2026-04-29T08:48:26","slug":"dictionnaire-francais-occitan-gascon-a-k","status":"publish","type":"product","link":"https:\/\/www.libraria-occitana.org\/oc\/produch\/dictionnaire-francais-occitan-gascon-a-k\/","title":{"rendered":"Dictionnaire fran\u00e7ais-occitan (gascon) A-K"},"content":{"rendered":"<p>Ce premier volume contient environ 23 600 entr\u00e9es et constitue la premi\u00e8re partie du grand dictionnaire fran\u00e7ais\/occitan selon les parlers gascons. On y trouvera les onze premi\u00e8res lettres, de A \u00e0 K, en 600 pages environ. C&#8217;est la troisi\u00e8me \u00e9dition corrig\u00e9e.<\/p>\n<p>\u00c0 chaque mot fran\u00e7ais correspond un ou plusieurs mots gascons, le plus souvent accompagn\u00e9s des indispensables exemples d&#8217;utilisation et des remarques d&#8217;emploi.<\/p>\n<p>Le choix des entr\u00e9es fran\u00e7aises est assez vaste pour permettre les traductions de toute nature, des textes populaires aux plus savants.<\/p>\n<p>Une longue introduction pr\u00e9cise les caract\u00e9ristiques propres au gascon, ainsi que les principes qui ont guid\u00e9 la pr\u00e9sente \u00e9dition.<\/p>\n<p><a href=\"http:\/\/www.libraria-occitana.org\/produit\/dictionnaire-francais-occitan-gascon-l-z\/\"><em>Dictionnaire fran\u00e7ais-occitan (gascon) L-Z<\/em><\/a><\/p>\n","protected":false},"excerpt":{"rendered":"<p>Ce premier volume contient environ 23 600 entr\u00e9es et constitue la premi\u00e8re partie du grand dictionnaire fran\u00e7ais\/occitan selon les parlers gascons. On y trouvera les onze premi\u00e8res lettres, de A \u00e0 K, en 600 pages environ. C&#8217;est la troisi\u00e8me \u00e9dition corrig\u00e9e. \u00c0 chaque mot fran\u00e7ais correspond un ou plusieurs mots gascons, le plus souvent accompagn\u00e9s [&hellip;]<\/p>\n","protected":false},"featured_media":54975,"template":"","meta":{"_acf_changed":false,"_genesis_hide_title":false,"_genesis_hide_breadcrumbs":false,"_genesis_hide_singular_image":false,"_genesis_hide_footer_widgets":false,"_genesis_custom_body_class":"","_genesis_custom_post_class":"","_genesis_layout":""},"product_brand":[],"product_cat":[7139,7137,7133],"product_tag":[],"class_list":{"0":"post-54980","1":"product","2":"type-product","3":"status-publish","4":"has-post-thumbnail","6":"product_cat-diccionaris-gramaticas-oc","7":"product_cat-diccionaris-lenga-escolar-oc","8":"product_cat-libres-oc","9":"pa_auteur-grosclaude-michel-oc","10":"pa_auteur-guilhemjoan-patric-oc","11":"pa_auteur-narioo-gilabert-oc","12":"pa_editeur-per-noste-oc","13":"pa_langue-occitan-gascon-oc","14":"pa_langue-occitan-francais-oc","15":"entry","17":"first","18":"outofstock","19":"shipping-taxable","20":"purchasable","21":"product-type-simple"},"acf":[],"_links":{"self":[{"href":"https:\/\/www.libraria-occitana.org\/oc\/wp-json\/wp\/v2\/product\/54980","targetHints":{"allow":["GET"]}}],"collection":[{"href":"https:\/\/www.libraria-occitana.org\/oc\/wp-json\/wp\/v2\/product"}],"about":[{"href":"https:\/\/www.libraria-occitana.org\/oc\/wp-json\/wp\/v2\/types\/product"}],"wp:featuredmedia":[{"embeddable":true,"href":"https:\/\/www.libraria-occitana.org\/oc\/wp-json\/wp\/v2\/media\/54975"}],"wp:attachment":[{"href":"https:\/\/www.libraria-occitana.org\/oc\/wp-json\/wp\/v2\/media?parent=54980"}],"wp:term":[{"taxonomy":"product_brand","embeddable":true,"href":"https:\/\/www.libraria-occitana.org\/oc\/wp-json\/wp\/v2\/product_brand?post=54980"},{"taxonomy":"product_cat","embeddable":true,"href":"https:\/\/www.libraria-occitana.org\/oc\/wp-json\/wp\/v2\/product_cat?post=54980"},{"taxonomy":"product_tag","embeddable":true,"href":"https:\/\/www.libraria-occitana.org\/oc\/wp-json\/wp\/v2\/product_tag?post=54980"}],"curies":[{"name":"wp","href":"https:\/\/api.w.org\/{rel}","templated":true}]}}