{"id":55009,"date":"2020-09-07T18:57:58","date_gmt":"2020-09-07T16:57:58","guid":{"rendered":"http:\/\/www.libraria-occitana.org\/product\/cevennes-cevenas\/"},"modified":"2026-04-14T20:56:38","modified_gmt":"2026-04-14T18:56:38","slug":"cevennes-cevenas","status":"publish","type":"product","link":"https:\/\/www.libraria-occitana.org\/oc\/produch\/cevennes-cevenas\/","title":{"rendered":"C\u00e9vennes \u2013 Cevenas"},"content":{"rendered":"<p>\u00ab <em>C\u00e9vennes ou Le ciel n\u2019est pas \u00e0 vendre<\/em>. Cette n\u00e9gation m\u2019est aussit\u00f4t apparue comme une affirmation que venaient souligner les lettres rouges du titre de l\u2019\u00e9dition originale. Rouges comme le sang des galets ferrugineux du Luech, comme l\u2019engagement de ces deux hommes envers les mineurs de Carmaux et de Ladrecht, envers les paysans du Larzac h\u00e9ritant de l\u2019insoumission t\u00e9m\u00e9raire des Camisards dont la r\u00e9volte en bras de chemise se r\u00e9pandit quelques si\u00e8cles plus t\u00f4t du massif du Boug\u00e8s jusqu\u2019aux Basses C\u00e9vennes.<\/p>\n<p>\u00c0 sa lecture j\u2019ai aussit\u00f4t ressenti le d\u00e9sir de l\u2019entendre r\u00e9sonner dans la langue des C\u00e9vennes et du Sud de la France, dans la langue maternelle des femmes et des hommes qui hantent ces pages, celle de la civilisation occitanienne th\u00e9oris\u00e9e par la philosophe Simone Weil. \u00bb<\/p>\n<p style=\"text-align: right;\">Aur\u00e9lia Lassaque<\/p>\n","protected":false},"excerpt":{"rendered":"<p>\u00ab C\u00e9vennes ou Le ciel n\u2019est pas \u00e0 vendre. Cette n\u00e9gation m\u2019est aussit\u00f4t apparue comme une affirmation que venaient souligner les lettres rouges du titre de l\u2019\u00e9dition originale. Rouges comme le sang des galets ferrugineux du Luech, comme l\u2019engagement de ces deux hommes envers les mineurs de Carmaux et de Ladrecht, envers les paysans du [&hellip;]<\/p>\n","protected":false},"featured_media":55007,"template":"","meta":{"_acf_changed":false,"_genesis_hide_title":false,"_genesis_hide_breadcrumbs":false,"_genesis_hide_singular_image":false,"_genesis_hide_footer_widgets":false,"_genesis_custom_body_class":"","_genesis_custom_post_class":"","_genesis_layout":""},"product_brand":[],"product_cat":[7133,7175,7181],"product_tag":[],"class_list":{"0":"post-55009","1":"product","2":"type-product","3":"status-publish","4":"has-post-thumbnail","6":"product_cat-libres-oc","7":"product_cat-literatura-oc","8":"product_cat-poesia-oc","9":"pa_auteur-combes-francis-1-oc","10":"pa_editeur-le-temps-des-cerises-oc","11":"pa_illustrateur-lassaque-aurelia-1-oc","12":"pa_langue-occitan-lengadocian-oc","13":"pa_langue-occitan-francais-oc","14":"entry","16":"first","17":"outofstock","18":"shipping-taxable","19":"purchasable","20":"product-type-simple"},"acf":[],"_links":{"self":[{"href":"https:\/\/www.libraria-occitana.org\/oc\/wp-json\/wp\/v2\/product\/55009","targetHints":{"allow":["GET"]}}],"collection":[{"href":"https:\/\/www.libraria-occitana.org\/oc\/wp-json\/wp\/v2\/product"}],"about":[{"href":"https:\/\/www.libraria-occitana.org\/oc\/wp-json\/wp\/v2\/types\/product"}],"wp:featuredmedia":[{"embeddable":true,"href":"https:\/\/www.libraria-occitana.org\/oc\/wp-json\/wp\/v2\/media\/55007"}],"wp:attachment":[{"href":"https:\/\/www.libraria-occitana.org\/oc\/wp-json\/wp\/v2\/media?parent=55009"}],"wp:term":[{"taxonomy":"product_brand","embeddable":true,"href":"https:\/\/www.libraria-occitana.org\/oc\/wp-json\/wp\/v2\/product_brand?post=55009"},{"taxonomy":"product_cat","embeddable":true,"href":"https:\/\/www.libraria-occitana.org\/oc\/wp-json\/wp\/v2\/product_cat?post=55009"},{"taxonomy":"product_tag","embeddable":true,"href":"https:\/\/www.libraria-occitana.org\/oc\/wp-json\/wp\/v2\/product_tag?post=55009"}],"curies":[{"name":"wp","href":"https:\/\/api.w.org\/{rel}","templated":true}]}}