{"id":55015,"date":"2020-07-07T19:43:32","date_gmt":"2020-07-07T17:43:32","guid":{"rendered":"http:\/\/www.libraria-occitana.org\/product\/mel-o-citron-endacom-mai\/"},"modified":"2026-04-15T00:36:15","modified_gmt":"2026-04-14T22:36:15","slug":"mel-o-citron-endacom-mai","status":"publish","type":"product","link":"https:\/\/www.libraria-occitana.org\/oc\/produch\/mel-o-citron-endacom-mai\/","title":{"rendered":"M\u00e8l o citron \u2013 Endac\u00f2m mai"},"content":{"rendered":"<blockquote>\n<p><strong>M\u00e8l o citron<\/strong><\/p>\n<p>Quand a ras\u00eds venes,<br \/>\nS\u00e8s lo m\u00e8l, sabor\u00f3s.<br \/>\nMas quand lu\u00e8nh, t&#8217;ent\u00f2rnes,<br \/>\nS\u00e8s lo citron, despietad\u00f3s.<\/p>\n<p>Un pauc de baume melic\u00f3s<br \/>\nSus sa p\u00e8l captiva, as pausat.<br \/>\nMas dins son cur tu as laissat,<br \/>\nF\u00f2r\u00e7a marcas dolentosas.<\/p>\n<p><strong>Miel ou citron<\/strong><\/p>\n<p>Quand tout pr\u00e8s tu viens,<br \/>\nTu es le miel, savoureux.<br \/>\nMais quand tu t&#8217;\u00e9loignes,<br \/>\nTu es le citron, impitoyable.<\/p>\n<p>Un peu de baume sucr\u00e9<br \/>\nSur sa peau captive, tu as pos\u00e9.<br \/>\nMais dans son c\u0153ur tu as laiss\u00e9,<br \/>\nBeaucoup de traces douloureuses.<\/p>\n<\/blockquote>\n","protected":false},"excerpt":{"rendered":"<p>M\u00e8l o citron Quand a ras\u00eds venes, S\u00e8s lo m\u00e8l, sabor\u00f3s. Mas quand lu\u00e8nh, t&#8217;ent\u00f2rnes, S\u00e8s lo citron, despietad\u00f3s. Un pauc de baume melic\u00f3s Sus sa p\u00e8l captiva, as pausat. Mas dins son cur tu as laissat, F\u00f2r\u00e7a marcas dolentosas. Miel ou citron Quand tout pr\u00e8s tu viens, Tu es le miel, savoureux. Mais quand [&hellip;]<\/p>\n","protected":false},"featured_media":55013,"template":"","meta":{"_acf_changed":false,"_genesis_hide_title":false,"_genesis_hide_breadcrumbs":false,"_genesis_hide_singular_image":false,"_genesis_hide_footer_widgets":false,"_genesis_custom_body_class":"","_genesis_custom_post_class":"","_genesis_layout":""},"product_brand":[],"product_cat":[7133,7175,7181],"product_tag":[],"class_list":{"0":"post-55015","1":"product","2":"type-product","3":"status-publish","4":"has-post-thumbnail","6":"product_cat-libres-oc","7":"product_cat-literatura-oc","8":"product_cat-poesia-oc","9":"pa_auteur-miremont-orazio-brigita-oc","10":"pa_editeur-ieo-perigord-novelum-oc","11":"pa_langue-occitan-lengadocian-oc","12":"pa_langue-occitan-francais-oc","13":"entry","15":"first","16":"instock","17":"shipping-taxable","18":"purchasable","19":"product-type-simple"},"acf":[],"_links":{"self":[{"href":"https:\/\/www.libraria-occitana.org\/oc\/wp-json\/wp\/v2\/product\/55015","targetHints":{"allow":["GET"]}}],"collection":[{"href":"https:\/\/www.libraria-occitana.org\/oc\/wp-json\/wp\/v2\/product"}],"about":[{"href":"https:\/\/www.libraria-occitana.org\/oc\/wp-json\/wp\/v2\/types\/product"}],"wp:featuredmedia":[{"embeddable":true,"href":"https:\/\/www.libraria-occitana.org\/oc\/wp-json\/wp\/v2\/media\/55013"}],"wp:attachment":[{"href":"https:\/\/www.libraria-occitana.org\/oc\/wp-json\/wp\/v2\/media?parent=55015"}],"wp:term":[{"taxonomy":"product_brand","embeddable":true,"href":"https:\/\/www.libraria-occitana.org\/oc\/wp-json\/wp\/v2\/product_brand?post=55015"},{"taxonomy":"product_cat","embeddable":true,"href":"https:\/\/www.libraria-occitana.org\/oc\/wp-json\/wp\/v2\/product_cat?post=55015"},{"taxonomy":"product_tag","embeddable":true,"href":"https:\/\/www.libraria-occitana.org\/oc\/wp-json\/wp\/v2\/product_tag?post=55015"}],"curies":[{"name":"wp","href":"https:\/\/api.w.org\/{rel}","templated":true}]}}