{"id":55030,"date":"2018-12-08T11:47:21","date_gmt":"2018-12-08T10:47:21","guid":{"rendered":"http:\/\/www.libraria-occitana.org\/product\/jeux-jouets-fetes-dans-la-creuse-de-1850-a-1950-les-carnets-de-la-creuse-n7\/"},"modified":"2026-04-29T06:32:03","modified_gmt":"2026-04-29T04:32:03","slug":"jeux-jouets-fetes-dans-la-creuse-de-1850-a-1950-les-carnets-de-la-creuse-n7","status":"publish","type":"product","link":"https:\/\/www.libraria-occitana.org\/oc\/produch\/jeux-jouets-fetes-dans-la-creuse-de-1850-a-1950-les-carnets-de-la-creuse-n7\/","title":{"rendered":"Jeux, jouets, f\u00eates dans la Creuse de 1850 \u00e0 1950 \/ Les Carnets de la Creuse n\u00b07"},"content":{"rendered":"<p>La Soci\u00e9t\u00e9 des sciences naturelles, arch\u00e9ologiques et historiques de la Creuse a choisi de consacrer le num\u00e9ro 7 de ses <em>Carnets de la Creuse<\/em> aux jeux, jouets et f\u00eates des Creusois de la derni\u00e8re moiti\u00e9 du XIXe si\u00e8cle jusqu&#8217;au d\u00e9but du XXe. La plupart de ces notes a \u00e9t\u00e9 publi\u00e9e dans plusieurs volumes successifs des <em>M\u00e9moires<\/em>, parus de 1890 \u00e0 1950, dans le cadre d&#8217;enqu\u00eates de port\u00e9e ethnographique.<\/p>\n","protected":false},"excerpt":{"rendered":"<p>La Soci\u00e9t\u00e9 des sciences naturelles, arch\u00e9ologiques et historiques de la Creuse a choisi de consacrer le num\u00e9ro 7 de ses Carnets de la Creuse aux jeux, jouets et f\u00eates des Creusois de la derni\u00e8re moiti\u00e9 du XIXe si\u00e8cle jusqu&#8217;au d\u00e9but du XXe. La plupart de ces notes a \u00e9t\u00e9 publi\u00e9e dans plusieurs volumes successifs des [&hellip;]<\/p>\n","protected":false},"featured_media":54565,"template":"","meta":{"_acf_changed":false,"_genesis_hide_title":false,"_genesis_hide_breadcrumbs":false,"_genesis_hide_singular_image":false,"_genesis_hide_footer_widgets":false,"_genesis_custom_body_class":"","_genesis_custom_post_class":"","_genesis_layout":""},"product_brand":[],"product_cat":[7209,7133,7207],"product_tag":[],"class_list":{"0":"post-55030","1":"product","2":"type-product","3":"status-publish","4":"has-post-thumbnail","6":"product_cat-costumas-rites-e-cresencas-oc","7":"product_cat-libres-oc","8":"product_cat-tradicions-patrimoni-oc","9":"pa_auteur-collectiu-oc-2","10":"pa_editeur-societe-des-sciences-naturelles-archeologiques-et-historiques-de-la-creuse-oc","11":"pa_langue-francais-oc","12":"entry","14":"first","15":"instock","16":"shipping-taxable","17":"purchasable","18":"product-type-simple"},"acf":[],"_links":{"self":[{"href":"https:\/\/www.libraria-occitana.org\/oc\/wp-json\/wp\/v2\/product\/55030","targetHints":{"allow":["GET"]}}],"collection":[{"href":"https:\/\/www.libraria-occitana.org\/oc\/wp-json\/wp\/v2\/product"}],"about":[{"href":"https:\/\/www.libraria-occitana.org\/oc\/wp-json\/wp\/v2\/types\/product"}],"wp:featuredmedia":[{"embeddable":true,"href":"https:\/\/www.libraria-occitana.org\/oc\/wp-json\/wp\/v2\/media\/54565"}],"wp:attachment":[{"href":"https:\/\/www.libraria-occitana.org\/oc\/wp-json\/wp\/v2\/media?parent=55030"}],"wp:term":[{"taxonomy":"product_brand","embeddable":true,"href":"https:\/\/www.libraria-occitana.org\/oc\/wp-json\/wp\/v2\/product_brand?post=55030"},{"taxonomy":"product_cat","embeddable":true,"href":"https:\/\/www.libraria-occitana.org\/oc\/wp-json\/wp\/v2\/product_cat?post=55030"},{"taxonomy":"product_tag","embeddable":true,"href":"https:\/\/www.libraria-occitana.org\/oc\/wp-json\/wp\/v2\/product_tag?post=55030"}],"curies":[{"name":"wp","href":"https:\/\/api.w.org\/{rel}","templated":true}]}}