{"id":55039,"date":"2019-04-08T12:05:15","date_gmt":"2019-04-08T10:05:15","guid":{"rendered":"http:\/\/www.libraria-occitana.org\/product\/lexperience-de-la-foret-sediments-9-les-grands-cahiers-perigord-patrimoines\/"},"modified":"2026-04-29T01:31:39","modified_gmt":"2026-04-28T23:31:39","slug":"lexperience-de-la-foret-sediments-9-les-grands-cahiers-perigord-patrimoines","status":"publish","type":"product","link":"https:\/\/www.libraria-occitana.org\/oc\/produch\/lexperience-de-la-foret-sediments-9-les-grands-cahiers-perigord-patrimoines\/","title":{"rendered":"L&#8217;Exp\u00e9rience de la For\u00eat \/ S\u00e9diments 9 &#8211; Les grands cahiers P\u00e9rigord Patrimoines"},"content":{"rendered":"<p>En Dordogne, la for\u00eat est partout. En s\u2019y enfon\u00e7ant, on d\u00e9couvre une grande vari\u00e9t\u00e9 d\u2019arbres, d\u2019arbustes et de plantes qui r\u00e9v\u00e8lent la nature des sols, les subtilit\u00e9s de la topographie ou des influences climatiques. Dernier refuge du sauvage, la for\u00eat p\u00e9rigorde abrite peut-\u00eatre de nouveau quelques loups aventureux.<\/p>\n<p>Depuis la fin de la pr\u00e9histoire, les hommes connaissent sa nature bienfaitrice : terrain de chasse et de cueillette des champignons, ressource pour les usages domestiques \u2013 feu de cuisson, manche des outils, bois de charpente \u2013 ou r\u00e9serve de nourriture pour les communaut\u00e9s villageoises et leurs animaux. Charbonniers hier et sylviculteurs aujourd\u2019hui valorisent \u00e9conomiquement le bois des ch\u00eanes et des ch\u00e2taigniers. Les nouvelles monocultures de pins maritimes ou de peupliers suscitent des inqui\u00e9tudes pour des raisons \u00e9cologiques et paysag\u00e8res.<\/p>\n<p>Beaucoup de noms de famille, de communes et de lieux-dits du P\u00e9rigord trouvent \u00e9galement leur origine dans l\u2019imaginaire v\u00e9g\u00e9tal de la for\u00eat et de ses lisi\u00e8res.<\/p>\n<p>Espace secret o\u00f9 se cachent les braconniers du temps de Jacquou le Croquant et les maquisards de la Seconde Guerre mondiale, la sylve d\u2019ici abrite aussi les f\u00e9es et les sorci\u00e8res des contes occitans. Ambivalente, les ermites s\u2019y r\u00e9fugient quand les h\u00e9ros doivent y affronter l\u2019obscurit\u00e9 pa\u00efenne et inhospitali\u00e8re. Enfin, po\u00e8tes et r\u00eaveurs puisent parfois au fin fond des for\u00eats une inspiration f\u00e9conde et une ultime consolation. Peut-\u00eatre comme nous tous.<\/p>\n<p style=\"text-align: right;\">Romain Bondonneau<\/p>\n<p><strong>Les contributeurs :<\/strong><\/p>\n<p>La pr\u00e9face a \u00e9t\u00e9 r\u00e9dig\u00e9e par Alain Corbin, un des sp\u00e9cialistes mondiaux de l\u2019histoire des sensibilit\u00e9s. La quinzaine de contributeurs dont les po\u00e8tes et \u00e9crivains Kenneth White, Christian Bobin et Armand Farrachi abordent les diff\u00e9rents aspects de la for\u00eat p\u00e9rigourdine. Andrea Polato, photographe talentueux install\u00e9 en Dordogne pendant plusieurs ann\u00e9es, a parcouru le d\u00e9partement \u00e0 la recherche du point de vue id\u00e9al et de la belle lumi\u00e8re matinale. Andrea a particip\u00e9 \u00e0 nos publications d\u00e8s le lancement de notre structure. Il vit d\u00e9sormais \u00e0 Amboise mais continue de participer \u00e0 nos livres comme notre photographe attitr\u00e9. Romain Bondonneau, directeur de publications des Editions du Ruisseau a coordonn\u00e9 le choix des contributeurs.<\/p>\n<p>Et aussi Benjamin Bondonneau, Alain Bordes, Michel Chadeuil, Jo\u00eblle Chev\u00e9, Michel Combet, Jo\u00ebl Cornuault, Marie-Fran\u00e7oise Diot, Jean-Claude Martegoute, Jean Mottet, Jean-Claude Nouard, Patrice Rolli, Maxime V\u00e9ron-Fougeyrollas.<\/p>\n","protected":false},"excerpt":{"rendered":"<p>En Dordogne, la for\u00eat est partout. En s\u2019y enfon\u00e7ant, on d\u00e9couvre une grande vari\u00e9t\u00e9 d\u2019arbres, d\u2019arbustes et de plantes qui r\u00e9v\u00e8lent la nature des sols, les subtilit\u00e9s de la topographie ou des influences climatiques. Dernier refuge du sauvage, la for\u00eat p\u00e9rigorde abrite peut-\u00eatre de nouveau quelques loups aventureux. Depuis la fin de la pr\u00e9histoire, les [&hellip;]<\/p>\n","protected":false},"featured_media":55037,"template":"","meta":{"_acf_changed":false,"_genesis_hide_title":false,"_genesis_hide_breadcrumbs":false,"_genesis_hide_singular_image":false,"_genesis_hide_footer_widgets":false,"_genesis_custom_body_class":"","_genesis_custom_post_class":"","_genesis_layout":""},"product_brand":[],"product_cat":[7133,7197,7201],"product_tag":[],"class_list":{"0":"post-55039","1":"product","2":"type-product","3":"status-publish","4":"has-post-thumbnail","6":"product_cat-libres-oc","7":"product_cat-natura-torisme-oc","8":"product_cat-natura-vargier-oc","9":"pa_auteur-bondonneau-romain-oc","10":"pa_auteur-collectiu-oc-2","11":"pa_editeur-les-editions-du-ruisseau-oc","12":"pa_langue-francais-oc","13":"entry","15":"first","16":"instock","17":"shipping-taxable","18":"purchasable","19":"product-type-simple"},"acf":[],"_links":{"self":[{"href":"https:\/\/www.libraria-occitana.org\/oc\/wp-json\/wp\/v2\/product\/55039","targetHints":{"allow":["GET"]}}],"collection":[{"href":"https:\/\/www.libraria-occitana.org\/oc\/wp-json\/wp\/v2\/product"}],"about":[{"href":"https:\/\/www.libraria-occitana.org\/oc\/wp-json\/wp\/v2\/types\/product"}],"wp:featuredmedia":[{"embeddable":true,"href":"https:\/\/www.libraria-occitana.org\/oc\/wp-json\/wp\/v2\/media\/55037"}],"wp:attachment":[{"href":"https:\/\/www.libraria-occitana.org\/oc\/wp-json\/wp\/v2\/media?parent=55039"}],"wp:term":[{"taxonomy":"product_brand","embeddable":true,"href":"https:\/\/www.libraria-occitana.org\/oc\/wp-json\/wp\/v2\/product_brand?post=55039"},{"taxonomy":"product_cat","embeddable":true,"href":"https:\/\/www.libraria-occitana.org\/oc\/wp-json\/wp\/v2\/product_cat?post=55039"},{"taxonomy":"product_tag","embeddable":true,"href":"https:\/\/www.libraria-occitana.org\/oc\/wp-json\/wp\/v2\/product_tag?post=55039"}],"curies":[{"name":"wp","href":"https:\/\/api.w.org\/{rel}","templated":true}]}}