{"id":55098,"date":"2021-10-22T14:34:15","date_gmt":"2021-10-22T12:34:15","guid":{"rendered":"http:\/\/www.libraria-occitana.org\/product\/limoges-remarquable\/"},"modified":"2024-07-04T00:42:19","modified_gmt":"2024-07-03T22:42:19","slug":"limoges-remarquable","status":"publish","type":"product","link":"https:\/\/www.libraria-occitana.org\/oc\/produch\/limoges-remarquable\/","title":{"rendered":"Limoges Remarquable"},"content":{"rendered":"<p>Un ouvrage construit au gr\u00e9 des p\u00e9r\u00e9grinations du photographe passionn\u00e9 par les images que lui renvoie la ville de Limoges. Les photos et les textes, associ\u00e9s avec sensibilit\u00e9, m\u00ealent impressions visuelles, quelques connaissances au quotidien, des traditions vivantes, etc.<\/p>\n<p>Et pourtant, le lien \u00e0 la ville est l\u00e0, profond et intime. Sa Gare des B\u00e9n\u00e9dictins, bien s\u00fbr, avec son campanile en guise de phare tut\u00e9laire. Ou bien son H\u00f4tel de ville \u00e0 qui il n\u2019a manqu\u00e9 qu\u2019un fougueux baiser pour entrer un peu plus dans la l\u00e9gende. On pense aussi aux trolleys et au vaste d\u00e9ploiement de fils qui fait du ciel de Limoges une v\u00e9ritable toile. Sans oublier sa fameuse porcelaine qui garantit \u00e0 sa ville originelle une r\u00e9sonnance internationale. Du Limoges, sinon rien. Mais l\u2019\u00e2me de Limoges, elle se glisse aussi dans les clameurs chauvines des trav\u00e9es de Beaublanc, antre du CSP, un soir de match. Ce m\u00eame esprit que distillent, en ce vendredi d\u2019octobre, jour de la Frairie des Petits Ventres, les vapeurs populaires et les odeurs gourmandes qui recouvrent le quartier de la Boucherie.<\/p>\n","protected":false},"excerpt":{"rendered":"<p>Un ouvrage construit au gr\u00e9 des p\u00e9r\u00e9grinations du photographe passionn\u00e9 par les images que lui renvoie la ville de Limoges. Les photos et les textes, associ\u00e9s avec sensibilit\u00e9, m\u00ealent impressions visuelles, quelques connaissances au quotidien, des traditions vivantes, etc. Et pourtant, le lien \u00e0 la ville est l\u00e0, profond et intime. Sa Gare des B\u00e9n\u00e9dictins, [&hellip;]<\/p>\n","protected":false},"featured_media":55096,"template":"","meta":{"_acf_changed":false,"_genesis_hide_title":false,"_genesis_hide_breadcrumbs":false,"_genesis_hide_singular_image":false,"_genesis_hide_footer_widgets":false,"_genesis_custom_body_class":"","_genesis_custom_post_class":"","_genesis_layout":""},"product_brand":[],"product_cat":[7199,7133,7197],"product_tag":[],"class_list":{"0":"post-55098","1":"product","2":"type-product","3":"status-publish","4":"has-post-thumbnail","6":"product_cat-guides-torisme-viatge-oc","7":"product_cat-libres-oc","8":"product_cat-natura-torisme-oc","9":"pa_auteur-varieras-fabrice-oc","10":"pa_editeur-geste-oc","11":"pa_langue-francais-oc","12":"entry","14":"first","15":"outofstock","16":"shipping-taxable","17":"purchasable","18":"product-type-simple"},"acf":[],"_links":{"self":[{"href":"https:\/\/www.libraria-occitana.org\/oc\/wp-json\/wp\/v2\/product\/55098","targetHints":{"allow":["GET"]}}],"collection":[{"href":"https:\/\/www.libraria-occitana.org\/oc\/wp-json\/wp\/v2\/product"}],"about":[{"href":"https:\/\/www.libraria-occitana.org\/oc\/wp-json\/wp\/v2\/types\/product"}],"wp:featuredmedia":[{"embeddable":true,"href":"https:\/\/www.libraria-occitana.org\/oc\/wp-json\/wp\/v2\/media\/55096"}],"wp:attachment":[{"href":"https:\/\/www.libraria-occitana.org\/oc\/wp-json\/wp\/v2\/media?parent=55098"}],"wp:term":[{"taxonomy":"product_brand","embeddable":true,"href":"https:\/\/www.libraria-occitana.org\/oc\/wp-json\/wp\/v2\/product_brand?post=55098"},{"taxonomy":"product_cat","embeddable":true,"href":"https:\/\/www.libraria-occitana.org\/oc\/wp-json\/wp\/v2\/product_cat?post=55098"},{"taxonomy":"product_tag","embeddable":true,"href":"https:\/\/www.libraria-occitana.org\/oc\/wp-json\/wp\/v2\/product_tag?post=55098"}],"curies":[{"name":"wp","href":"https:\/\/api.w.org\/{rel}","templated":true}]}}