{"id":55143,"date":"2020-11-26T16:00:27","date_gmt":"2020-11-26T15:00:27","guid":{"rendered":"http:\/\/www.libraria-occitana.org\/product\/zog-zebulon-le-dragon\/"},"modified":"2026-04-29T04:51:25","modified_gmt":"2026-04-29T02:51:25","slug":"zog-zebulon-le-dragon","status":"publish","type":"product","link":"https:\/\/www.libraria-occitana.org\/oc\/produch\/zog-zebulon-le-dragon\/","title":{"rendered":"ZOG"},"content":{"rendered":"<p>Version occitana de <em>Z\u00e9bulon le dragon<\/em> (Magic Light Pictures).<\/p>\n<p>Dins sas primi\u00e8ras annadas a l\u2019Esc\u00f2la dels Dragons, Z\u00f2g apren a volar, a rugir, e a bufar lo fu\u00f2c. Mas de longa li arriban d\u2019accidents e cada an cal qu\u2019una aimabla drolleta li venga ajudar, e li su\u00e8nhe sas nh\u00f2cas e bach\u00f2cas. Pu\u00e8i en quatrena annada, li cal raubar una princessa \u2014 li poir\u00e0 ajudar, la drolleta, per l\u2019escomesa pus escalabrosa de totas ?<\/p>\n<p>En occitan. Jos-titolatge possible en franc\u00e9s.<br \/>\nBonus.<\/p>\n<p>Amb las voses de Silvan Carr\u00e8ra, Bruno Cecillon, \u00c9milie Esquerr\u00e9, Alban Garr\u00f2s, Violette Labadie.<\/p>\n","protected":false},"excerpt":{"rendered":"<p>Version occitana de Z\u00e9bulon le dragon (Magic Light Pictures). Dins sas primi\u00e8ras annadas a l\u2019Esc\u00f2la dels Dragons, Z\u00f2g apren a volar, a rugir, e a bufar lo fu\u00f2c. Mas de longa li arriban d\u2019accidents e cada an cal qu\u2019una aimabla drolleta li venga ajudar, e li su\u00e8nhe sas nh\u00f2cas e bach\u00f2cas. Pu\u00e8i en quatrena annada, [&hellip;]<\/p>\n","protected":false},"featured_media":55135,"template":"","meta":{"_acf_changed":false,"_genesis_hide_title":false,"_genesis_hide_breadcrumbs":false,"_genesis_hide_singular_image":false,"_genesis_hide_footer_widgets":false,"_genesis_custom_body_class":"","_genesis_custom_post_class":"","_genesis_layout":""},"product_brand":[],"product_cat":[7246,7240],"product_tag":[],"class_list":{"0":"post-55143","1":"product","2":"type-product","3":"status-publish","4":"has-post-thumbnail","6":"product_cat-jounessa-videos-2-oc","7":"product_cat-video-oc","8":"pa_auteur-lang-max-oc","9":"pa_auteur-olga-de-jong-sophie-oc","10":"pa_auteur-snaddon-daniel-oc","11":"pa_editeur-contam-oc","12":"pa_editeur-magic-light-pictures-oc","13":"pa_langue-occitan-francais-oc","14":"entry","16":"first","17":"instock","18":"shipping-taxable","19":"purchasable","20":"product-type-simple"},"acf":[],"_links":{"self":[{"href":"https:\/\/www.libraria-occitana.org\/oc\/wp-json\/wp\/v2\/product\/55143","targetHints":{"allow":["GET"]}}],"collection":[{"href":"https:\/\/www.libraria-occitana.org\/oc\/wp-json\/wp\/v2\/product"}],"about":[{"href":"https:\/\/www.libraria-occitana.org\/oc\/wp-json\/wp\/v2\/types\/product"}],"wp:featuredmedia":[{"embeddable":true,"href":"https:\/\/www.libraria-occitana.org\/oc\/wp-json\/wp\/v2\/media\/55135"}],"wp:attachment":[{"href":"https:\/\/www.libraria-occitana.org\/oc\/wp-json\/wp\/v2\/media?parent=55143"}],"wp:term":[{"taxonomy":"product_brand","embeddable":true,"href":"https:\/\/www.libraria-occitana.org\/oc\/wp-json\/wp\/v2\/product_brand?post=55143"},{"taxonomy":"product_cat","embeddable":true,"href":"https:\/\/www.libraria-occitana.org\/oc\/wp-json\/wp\/v2\/product_cat?post=55143"},{"taxonomy":"product_tag","embeddable":true,"href":"https:\/\/www.libraria-occitana.org\/oc\/wp-json\/wp\/v2\/product_tag?post=55143"}],"curies":[{"name":"wp","href":"https:\/\/api.w.org\/{rel}","templated":true}]}}