{"id":55167,"date":"2020-12-27T16:49:45","date_gmt":"2020-12-27T15:49:45","guid":{"rendered":"http:\/\/www.libraria-occitana.org\/product\/bilbon-lo-hobbit-o-un-anar-tornar\/"},"modified":"2026-04-02T21:26:07","modified_gmt":"2026-04-02T19:26:07","slug":"bilbon-lo-hobbit-o-un-anar-tornar","status":"publish","type":"product","link":"https:\/\/www.libraria-occitana.org\/oc\/produch\/bilbon-lo-hobbit-o-un-anar-tornar\/","title":{"rendered":"Bilbon lo h\u00f2bbit o un anar tornar"},"content":{"rendered":"<p>Una revirada en occitan (lengadocian) de <em>Bilbo le Hobbit<\/em>.<\/p>\n<p>Bilbon es un h\u00f2bbit que, coma planes h\u00f2bbits, auri\u00e1 presat viure suaudament dins la seu tuta. Mas per el coma per plan maites, las causas viran pas totjorn dins lo sens que voldri\u00e1n. Es \u00e7\u00f2 qu\u2019arrib\u00e8t a Bilbon lo h\u00f2bbit. Son rescontre amb lo magician Gandalf lo va menar cap a d\u2019aventutras perilhosas. Amb una c\u00f2la de nans part\u00eds cap a la Montanha Solit\u00e0ria en c\u00e8rca d\u2019un tresaur. Mas aquel molon d\u2019aur e de p\u00e8iras preciosas es gardat per Smaug, un drac que, coma totes los dracs, escup\u00eds despietadosament lo fu\u00f2c. L\u2019expedicion traversar\u00e0 Selvescura que, coma son nom o ditz tan plan, es una immensa selva dels arbres nauts e sarrats. A d\u2019autres moments los bravaires aventuri\u00e8rs ser\u00e0n confrontats als alans que se repaissan de carn de tota mena, als endelugals que vivan al c\u00f2r de la T\u00e8rra, e tanben a d\u2019aranhas gigantas.<br \/>\nMas, que tot\u00f2m se rassegura, l\u2019aluserpit Bilbon Saquet tornar\u00e0 al seu sens tr\u00f2p de greuges.<\/p>\n","protected":false},"excerpt":{"rendered":"<p>Una revirada en occitan (lengadocian) de Bilbo le Hobbit. Bilbon es un h\u00f2bbit que, coma planes h\u00f2bbits, auri\u00e1 presat viure suaudament dins la seu tuta. Mas per el coma per plan maites, las causas viran pas totjorn dins lo sens que voldri\u00e1n. Es \u00e7\u00f2 qu\u2019arrib\u00e8t a Bilbon lo h\u00f2bbit. Son rescontre amb lo magician Gandalf [&hellip;]<\/p>\n","protected":false},"featured_media":55165,"template":"","meta":{"_acf_changed":false,"_genesis_hide_title":false,"_genesis_hide_breadcrumbs":false,"_genesis_hide_singular_image":false,"_genesis_hide_footer_widgets":false,"_genesis_custom_body_class":"","_genesis_custom_post_class":"","_genesis_layout":""},"product_brand":[],"product_cat":[7133,7175,7183],"product_tag":[],"class_list":{"0":"post-55167","1":"product","2":"type-product","3":"status-publish","4":"has-post-thumbnail","6":"product_cat-libres-oc","7":"product_cat-literatura-oc","8":"product_cat-romans-novelas-oc","9":"pa_auteur-tolkien-john-ronald-reuel-oc","10":"pa_editeur-editions-des-regionalismes-oc","11":"pa_illustrateur-viaule-sergi-1-oc","12":"pa_langue-occitan-oc","13":"pa_langue-occitan-lengadocian-oc","14":"entry","16":"first","17":"instock","18":"shipping-taxable","19":"purchasable","20":"product-type-simple"},"acf":[],"_links":{"self":[{"href":"https:\/\/www.libraria-occitana.org\/oc\/wp-json\/wp\/v2\/product\/55167","targetHints":{"allow":["GET"]}}],"collection":[{"href":"https:\/\/www.libraria-occitana.org\/oc\/wp-json\/wp\/v2\/product"}],"about":[{"href":"https:\/\/www.libraria-occitana.org\/oc\/wp-json\/wp\/v2\/types\/product"}],"wp:featuredmedia":[{"embeddable":true,"href":"https:\/\/www.libraria-occitana.org\/oc\/wp-json\/wp\/v2\/media\/55165"}],"wp:attachment":[{"href":"https:\/\/www.libraria-occitana.org\/oc\/wp-json\/wp\/v2\/media?parent=55167"}],"wp:term":[{"taxonomy":"product_brand","embeddable":true,"href":"https:\/\/www.libraria-occitana.org\/oc\/wp-json\/wp\/v2\/product_brand?post=55167"},{"taxonomy":"product_cat","embeddable":true,"href":"https:\/\/www.libraria-occitana.org\/oc\/wp-json\/wp\/v2\/product_cat?post=55167"},{"taxonomy":"product_tag","embeddable":true,"href":"https:\/\/www.libraria-occitana.org\/oc\/wp-json\/wp\/v2\/product_tag?post=55167"}],"curies":[{"name":"wp","href":"https:\/\/api.w.org\/{rel}","templated":true}]}}