{"id":55206,"date":"2021-11-04T12:18:54","date_gmt":"2021-11-04T11:18:54","guid":{"rendered":"http:\/\/www.libraria-occitana.org\/product\/la-terra-que-demora\/"},"modified":"2026-04-25T07:56:22","modified_gmt":"2026-04-25T05:56:22","slug":"la-terra-que-demora","status":"publish","type":"product","link":"https:\/\/www.libraria-occitana.org\/oc\/produch\/la-terra-que-demora\/","title":{"rendered":"La t\u00e8rra que dem\u00f2ra"},"content":{"rendered":"<p>Une version occitane de <em>La terre qui demeure<\/em> de Claude Michelet.<\/p>\n<p>Joan Bordare es d&#8217;aquela ra\u00e7a, seca, noseluda, nerviosa, aquela ra\u00e7a que s&#8217;encranca a la t\u00e8rra dempu\u00e8i de s\u00e8gles e que se fa passar de generacion en generacion, lo gost del trabalh e l&#8217;amor gaireben carnal per las qualques ectaras de t\u00e8rra que cultiva&#8230;<br \/>\nPr&#8217;aqu\u00f2 s&#8217;entend dej\u00e0, pas lu\u00e8nh de la comba dels Vernhes, lo bronzinament dels buldos\u00e8rs. D&#8217;unes, se disi\u00e1, vendri\u00e1n cercar d&#8217;uranium, d&#8217;autres, investir l\u00e8u dins de futuras dem\u00f2ras&#8230;<br \/>\nDins aquelas annadas 1960, al nom del progr\u00e8s, lo camp\u00e8stre va definitivament cambiar.<br \/>\nDins la comba, Bordare es lo sol pa\u00efsan a pas voler vendre las t\u00e8rras, seri\u00e1 a pes d&#8217;aur. Es sol contra totes per que sa t\u00e8rra dem\u00f2re&#8230;<br \/>\nLo primi\u00e8r roman de Claude Michelet, cantoral de la t\u00e8rra e dels \u00f2mes que s&#8217;encargan.<\/p>\n","protected":false},"excerpt":{"rendered":"<p>Une version occitane de La terre qui demeure de Claude Michelet. Joan Bordare es d&#8217;aquela ra\u00e7a, seca, noseluda, nerviosa, aquela ra\u00e7a que s&#8217;encranca a la t\u00e8rra dempu\u00e8i de s\u00e8gles e que se fa passar de generacion en generacion, lo gost del trabalh e l&#8217;amor gaireben carnal per las qualques ectaras de t\u00e8rra que cultiva&#8230; Pr&#8217;aqu\u00f2 [&hellip;]<\/p>\n","protected":false},"featured_media":55204,"template":"","meta":{"_acf_changed":false,"_genesis_hide_title":false,"_genesis_hide_breadcrumbs":false,"_genesis_hide_singular_image":false,"_genesis_hide_footer_widgets":false,"_genesis_custom_body_class":"","_genesis_custom_post_class":"","_genesis_layout":""},"product_brand":[],"product_cat":[7133,7175,7183],"product_tag":[],"class_list":{"0":"post-55206","1":"product","2":"type-product","3":"status-publish","4":"has-post-thumbnail","6":"product_cat-libres-oc","7":"product_cat-literatura-oc","8":"product_cat-romans-novelas-oc","9":"pa_auteur-michelet-claude","10":"pa_editeur-ieo-tarn-oc","11":"pa_illustrateur-villeneuve-michel-oc","12":"pa_langue-occitan-oc","13":"pa_langue-occitan-lengadocian-oc","14":"entry","16":"first","17":"instock","18":"shipping-taxable","19":"purchasable","20":"product-type-simple"},"acf":[],"_links":{"self":[{"href":"https:\/\/www.libraria-occitana.org\/oc\/wp-json\/wp\/v2\/product\/55206","targetHints":{"allow":["GET"]}}],"collection":[{"href":"https:\/\/www.libraria-occitana.org\/oc\/wp-json\/wp\/v2\/product"}],"about":[{"href":"https:\/\/www.libraria-occitana.org\/oc\/wp-json\/wp\/v2\/types\/product"}],"wp:featuredmedia":[{"embeddable":true,"href":"https:\/\/www.libraria-occitana.org\/oc\/wp-json\/wp\/v2\/media\/55204"}],"wp:attachment":[{"href":"https:\/\/www.libraria-occitana.org\/oc\/wp-json\/wp\/v2\/media?parent=55206"}],"wp:term":[{"taxonomy":"product_brand","embeddable":true,"href":"https:\/\/www.libraria-occitana.org\/oc\/wp-json\/wp\/v2\/product_brand?post=55206"},{"taxonomy":"product_cat","embeddable":true,"href":"https:\/\/www.libraria-occitana.org\/oc\/wp-json\/wp\/v2\/product_cat?post=55206"},{"taxonomy":"product_tag","embeddable":true,"href":"https:\/\/www.libraria-occitana.org\/oc\/wp-json\/wp\/v2\/product_tag?post=55206"}],"curies":[{"name":"wp","href":"https:\/\/api.w.org\/{rel}","templated":true}]}}