{"id":55250,"date":"2020-01-17T11:40:20","date_gmt":"2020-01-17T10:40:20","guid":{"rendered":"http:\/\/www.libraria-occitana.org\/product\/promenade-dans-les-noms-de-lieux-de-saint-leonard-de-noblat\/"},"modified":"2026-04-16T02:16:19","modified_gmt":"2026-04-16T00:16:19","slug":"promenade-dans-les-noms-de-lieux-de-saint-leonard-de-noblat","status":"publish","type":"product","link":"https:\/\/www.libraria-occitana.org\/oc\/produch\/promenade-dans-les-noms-de-lieux-de-saint-leonard-de-noblat\/","title":{"rendered":"Promenade dans les noms de lieux de Saint-L\u00e9onard-de-Noblat"},"content":{"rendered":"<p><em>D\u2019ente venem ?<\/em> D\u2019o\u00f9 venons-nous ?<\/p>\n<p>Cette question \u201cexistentielle\u201d est le titre de l\u2019un des premiers ouvrages d\u2019Yves Lavalade, sp\u00e9cialiste reconnu de la langue occitane et de l\u2019origine des noms de lieux de notre Limousin. Chacun d\u2019entre nous s\u2019est pos\u00e9 un jour cette question en remplissant les formulaires administratifs : nom, pr\u00e9nom, lieu de naissance, adresse\u2026 qui prouvent notre existence ; sans eux nous ne sommes rien.<\/p>\n<p>Mais d\u2019o\u00f9 viennent tous ces noms qui jalonnent notre vie quotidienne ? Ont-ils un sens particulier ? Comment peuvent-ils \u201crendre pr\u00e9sent le pass\u00e9, vivifier et actualiser devant notre conscience l\u2019histoire de notre terroir\u2026\u201d ? Comment font-ils vivre sa g\u00e9ographie, sa faune et sa flore, ses l\u00e9gendes, parfois ses drames ?<\/p>\n<p>Cette <em>Promenade dans les noms de lieux de Saint-L\u00e9onard-de-Noblat<\/em> a \u00e9t\u00e9 con\u00e7ue pour r\u00e9pondre \u00e0 toutes vos curiosit\u00e9s sur l\u2019origine des noms qui vous entourent.<\/p>\n<p>Bernard Bernaben, apr\u00e8s s\u2019\u00eatre initi\u00e9 \u00e0 la lecture des \u00e9critures anciennes gr\u00e2ce aux cours dispens\u00e9s par les sp\u00e9cialistes pal\u00e9ographes des Archives d\u00e9partementales de la Haute-Vienne, n\u2019a pas h\u00e9sit\u00e9 \u00e0 entreprendre cet immense travail de collectes d\u2019informations de tous les noms de lieux pass\u00e9s et pr\u00e9sents qui ont fleuri \u00e0 Saint-l\u00e9onard depuis plus d\u2019un mill\u00e9naire.<\/p>\n<p>Depuis quelques ann\u00e9es, il traque m\u00e9thodiquement le moindre indice dans les vieux manuscrits, les archives des notaires et les contrats priv\u00e9s, les documents des entreprises artisanales et industrielles, des commer\u00e7ants, les cartes postales anciennes ou modernes avec leurs l\u00e9gendes mais aussi les adresses postales qui figurent au verso et bien d\u2019autres \u00e9crits.<\/p>\n<p>Apr\u00e8s le <em>Dictionnaire des rues de Limoges<\/em>, paru l\u2019an pass\u00e9 aux \u00e9ditions Mon Limousin, Connaissance et Sauvegarde de Saint-L\u00e9onard rel\u00e8ve le d\u00e9fi de publier un ouvrage semblable sur un territoire plus modeste que celui de la capitale limousine mais ne laissant de c\u00f4t\u00e9 aucun des lieux habit\u00e9s depuis des si\u00e8cles, \u00e0 plus de 8 km autour de la coll\u00e9giale romane sur toute la commune de Saint-L\u00e9onard-de-Noblat.<\/p>\n<p style=\"text-align: right;\">Martine Tandeau de Marsac, pr\u00e9sidente.<\/p>\n","protected":false},"excerpt":{"rendered":"<p>D\u2019ente venem ? D\u2019o\u00f9 venons-nous ? Cette question \u201cexistentielle\u201d est le titre de l\u2019un des premiers ouvrages d\u2019Yves Lavalade, sp\u00e9cialiste reconnu de la langue occitane et de l\u2019origine des noms de lieux de notre Limousin. Chacun d\u2019entre nous s\u2019est pos\u00e9 un jour cette question en remplissant les formulaires administratifs : nom, pr\u00e9nom, lieu de naissance, [&hellip;]<\/p>\n","protected":false},"featured_media":55248,"template":"","meta":{"_acf_changed":false,"_genesis_hide_title":false,"_genesis_hide_breadcrumbs":false,"_genesis_hide_singular_image":false,"_genesis_hide_footer_widgets":false,"_genesis_custom_body_class":"","_genesis_custom_post_class":"","_genesis_layout":""},"product_brand":[],"product_cat":[7149,7133,7163],"product_tag":[],"class_list":{"0":"post-55250","1":"product","2":"type-product","3":"status-publish","4":"has-post-thumbnail","6":"product_cat-istoria-geografia-oc","7":"product_cat-libres-oc","8":"product_cat-noms-de-luocs-noms-de-personas-oc","9":"pa_auteur-bernaben-bernard-oc","10":"pa_editeur-connaissance-et-sauvegarde-de-saint-leonard-oc","11":"pa_langue-francais-oc","12":"entry","14":"first","15":"instock","16":"shipping-taxable","17":"purchasable","18":"product-type-simple"},"acf":[],"_links":{"self":[{"href":"https:\/\/www.libraria-occitana.org\/oc\/wp-json\/wp\/v2\/product\/55250","targetHints":{"allow":["GET"]}}],"collection":[{"href":"https:\/\/www.libraria-occitana.org\/oc\/wp-json\/wp\/v2\/product"}],"about":[{"href":"https:\/\/www.libraria-occitana.org\/oc\/wp-json\/wp\/v2\/types\/product"}],"wp:featuredmedia":[{"embeddable":true,"href":"https:\/\/www.libraria-occitana.org\/oc\/wp-json\/wp\/v2\/media\/55248"}],"wp:attachment":[{"href":"https:\/\/www.libraria-occitana.org\/oc\/wp-json\/wp\/v2\/media?parent=55250"}],"wp:term":[{"taxonomy":"product_brand","embeddable":true,"href":"https:\/\/www.libraria-occitana.org\/oc\/wp-json\/wp\/v2\/product_brand?post=55250"},{"taxonomy":"product_cat","embeddable":true,"href":"https:\/\/www.libraria-occitana.org\/oc\/wp-json\/wp\/v2\/product_cat?post=55250"},{"taxonomy":"product_tag","embeddable":true,"href":"https:\/\/www.libraria-occitana.org\/oc\/wp-json\/wp\/v2\/product_tag?post=55250"}],"curies":[{"name":"wp","href":"https:\/\/api.w.org\/{rel}","templated":true}]}}