{"id":55297,"date":"2021-02-22T13:13:07","date_gmt":"2021-02-22T12:13:07","guid":{"rendered":"http:\/\/www.libraria-occitana.org\/product\/la-desobeissance-fertile-pour-une-ecologie-offensive\/"},"modified":"2026-04-29T10:05:27","modified_gmt":"2026-04-29T08:05:27","slug":"la-desobeissance-fertile-pour-une-ecologie-offensive","status":"publish","type":"product","link":"https:\/\/www.libraria-occitana.org\/oc\/produch\/la-desobeissance-fertile-pour-une-ecologie-offensive\/","title":{"rendered":"La d\u00e9sob\u00e9issance fertile : Pour une \u00e9cologie offensive"},"content":{"rendered":"<p>Il y a ceux qui regardent le monde tel qu\u2019il est et se demandent : pourquoi ? Et ceux qui imaginent le monde tel qu\u2019il devrait \u00eatre et qui se disent : pourquoi pas ?<\/p>\n<p style=\"text-align: right;\">George Bernard Shaw<\/p>\n<p>La d\u00e9sob\u00e9issance fertile est un mouvement dont la volont\u00e9 absolue est de pr\u00e9server les \u00eatres vivants et de r\u00e9g\u00e9n\u00e9rer les \u00e9cosyst\u00e8mes lorsqu\u2019ils ont \u00e9t\u00e9 ab\u00eem\u00e9s ; cela par tous les moyens.<\/p>\n<p>Trois piliers fondamentaux ancrent la philosophie de la d\u00e9sob\u00e9issance fertile :<\/p>\n<ul>\n<li>S\u2019int\u00e9grer dans la Nature.<\/li>\n<li>Aggrader les territoires.<\/li>\n<li>Ne pas attendre que les lois changent pour agir.<\/li>\n<\/ul>\n<p>Nous sommes ici invit\u00e9s \u00e0 repenser notre relation profonde \u00e0 la Nature : l\u2019esp\u00e8ce humaine n\u2019est pas condamn\u00e9e \u00e0 d\u00e9grader les milieux qui l\u2019abritent. Nous pouvons toutes et tous devenir des gardiens du Vivant.<\/p>\n<p>Nous devons analyser les \u00e9checs des mouvements \u00e9cologiques pass\u00e9s pour agir de fa\u00e7on \u00e0 cohabiter durablement avec les autres esp\u00e8ces vivantes et \u00e0 former avec elles un ensemble harmonieux ; voil\u00e0 ce que propose ce livre qui pr\u00f4ne une \u00e9cologie offensive.<\/p>\n","protected":false},"excerpt":{"rendered":"<p>Il y a ceux qui regardent le monde tel qu\u2019il est et se demandent : pourquoi ? Et ceux qui imaginent le monde tel qu\u2019il devrait \u00eatre et qui se disent : pourquoi pas ? George Bernard Shaw La d\u00e9sob\u00e9issance fertile est un mouvement dont la volont\u00e9 absolue est de pr\u00e9server les \u00eatres vivants et [&hellip;]<\/p>\n","protected":false},"featured_media":55295,"template":"","meta":{"_acf_changed":false,"_genesis_hide_title":false,"_genesis_hide_breadcrumbs":false,"_genesis_hide_singular_image":false,"_genesis_hide_footer_widgets":false,"_genesis_custom_body_class":"","_genesis_custom_post_class":"","_genesis_layout":""},"product_brand":[],"product_cat":[7133,7203],"product_tag":[],"class_list":{"0":"post-55297","1":"product","2":"type-product","3":"status-publish","4":"has-post-thumbnail","6":"product_cat-libres-oc","7":"product_cat-politica-sociologia-actualitat-oc","8":"pa_auteur-attias-jonathan-oc","9":"pa_editeur-payot-oc","10":"pa_langue-francais-oc","11":"entry","13":"first","14":"instock","15":"shipping-taxable","16":"purchasable","17":"product-type-simple"},"acf":[],"_links":{"self":[{"href":"https:\/\/www.libraria-occitana.org\/oc\/wp-json\/wp\/v2\/product\/55297","targetHints":{"allow":["GET"]}}],"collection":[{"href":"https:\/\/www.libraria-occitana.org\/oc\/wp-json\/wp\/v2\/product"}],"about":[{"href":"https:\/\/www.libraria-occitana.org\/oc\/wp-json\/wp\/v2\/types\/product"}],"wp:featuredmedia":[{"embeddable":true,"href":"https:\/\/www.libraria-occitana.org\/oc\/wp-json\/wp\/v2\/media\/55295"}],"wp:attachment":[{"href":"https:\/\/www.libraria-occitana.org\/oc\/wp-json\/wp\/v2\/media?parent=55297"}],"wp:term":[{"taxonomy":"product_brand","embeddable":true,"href":"https:\/\/www.libraria-occitana.org\/oc\/wp-json\/wp\/v2\/product_brand?post=55297"},{"taxonomy":"product_cat","embeddable":true,"href":"https:\/\/www.libraria-occitana.org\/oc\/wp-json\/wp\/v2\/product_cat?post=55297"},{"taxonomy":"product_tag","embeddable":true,"href":"https:\/\/www.libraria-occitana.org\/oc\/wp-json\/wp\/v2\/product_tag?post=55297"}],"curies":[{"name":"wp","href":"https:\/\/api.w.org\/{rel}","templated":true}]}}