{"id":55300,"date":"2020-12-22T13:27:09","date_gmt":"2020-12-22T12:27:09","guid":{"rendered":"http:\/\/www.libraria-occitana.org\/?post_type=product&#038;p=55300"},"modified":"2024-07-04T00:18:04","modified_gmt":"2024-07-03T22:18:04","slug":"eloge-du-ver-de-terre-notre-futur-depend-de-son-avenir","status":"publish","type":"product","link":"https:\/\/www.libraria-occitana.org\/oc\/produch\/eloge-du-ver-de-terre-notre-futur-depend-de-son-avenir\/","title":{"rendered":"\u00c9loge du ver de terre : Notre futur d\u00e9pend de son avenir"},"content":{"rendered":"<p><strong>Bienvenue dans l\u2019univers fascinant du ver de terre. Un univers au bord de l\u2019an\u00e9antissement biologique.<\/strong><\/p>\n<p>\u00ab L\u2019avenir de nos g\u00e9n\u00e9rations futures repose donc aujourd\u2019hui sur cette bestiole qui vit dans la terre. Premi\u00e8re biomasse animale terrestre, elle est l\u2019un des premiers marqueurs de la biodiversit\u00e9 et de la bonne sant\u00e9 des sols, et sa rar\u00e9faction signe leur sant\u00e9 pr\u00e9caire, car un sol en mauvaise sant\u00e9 est \u00e0 l\u2019image d\u2019un puits \u00e0 sec ou d\u2019un sein tari, il n\u2019est plus nourricier. \u00c9tant donn\u00e9 que 95 % de notre alimentation d\u00e9pend des sols, et que les sols disparaissent avec les vers de terre sous les effets de l\u2019\u00e9rosion, elle-m\u00eame amplifi\u00e9e par leur absence, nul besoin d\u2019un dessin pour saisir que nous leur pr\u00e9parons un destin funeste. Alors pourquoi le ver de terre est-il au c\u0153ur de l\u2019alimentation de demain ? Parce qu\u2019il poss\u00e8de un pouvoir\u2026 \u00bb<\/p>\n<p><strong>Un essai, inspir\u00e9 et engag\u00e9, pour prendre conscience que notre survie ne passe que par la biodiversit\u00e9.<\/strong><\/p>\n","protected":false},"excerpt":{"rendered":"<p>Bienvenue dans l\u2019univers fascinant du ver de terre. Un univers au bord de l\u2019an\u00e9antissement biologique. \u00ab L\u2019avenir de nos g\u00e9n\u00e9rations futures repose donc aujourd\u2019hui sur cette bestiole qui vit dans la terre. Premi\u00e8re biomasse animale terrestre, elle est l\u2019un des premiers marqueurs de la biodiversit\u00e9 et de la bonne sant\u00e9 des sols, et sa rar\u00e9faction [&hellip;]<\/p>\n","protected":false},"featured_media":55303,"template":"","meta":{"_acf_changed":false,"_genesis_hide_title":false,"_genesis_hide_breadcrumbs":false,"_genesis_hide_singular_image":false,"_genesis_hide_footer_widgets":false,"_genesis_custom_body_class":"","_genesis_custom_post_class":"","_genesis_layout":""},"product_brand":[],"product_cat":[7133,7197,7201],"product_tag":[],"class_list":{"0":"post-55300","1":"product","2":"type-product","3":"status-publish","4":"has-post-thumbnail","6":"product_cat-libres-oc","7":"product_cat-natura-torisme-oc","8":"product_cat-natura-vargier-oc","9":"pa_auteur-gatineau-christophe-oc","10":"pa_editeur-flammarion-oc","11":"pa_langue-francais-oc","12":"entry","14":"first","15":"outofstock","16":"shipping-taxable","17":"purchasable","18":"product-type-simple"},"acf":[],"_links":{"self":[{"href":"https:\/\/www.libraria-occitana.org\/oc\/wp-json\/wp\/v2\/product\/55300","targetHints":{"allow":["GET"]}}],"collection":[{"href":"https:\/\/www.libraria-occitana.org\/oc\/wp-json\/wp\/v2\/product"}],"about":[{"href":"https:\/\/www.libraria-occitana.org\/oc\/wp-json\/wp\/v2\/types\/product"}],"wp:featuredmedia":[{"embeddable":true,"href":"https:\/\/www.libraria-occitana.org\/oc\/wp-json\/wp\/v2\/media\/55303"}],"wp:attachment":[{"href":"https:\/\/www.libraria-occitana.org\/oc\/wp-json\/wp\/v2\/media?parent=55300"}],"wp:term":[{"taxonomy":"product_brand","embeddable":true,"href":"https:\/\/www.libraria-occitana.org\/oc\/wp-json\/wp\/v2\/product_brand?post=55300"},{"taxonomy":"product_cat","embeddable":true,"href":"https:\/\/www.libraria-occitana.org\/oc\/wp-json\/wp\/v2\/product_cat?post=55300"},{"taxonomy":"product_tag","embeddable":true,"href":"https:\/\/www.libraria-occitana.org\/oc\/wp-json\/wp\/v2\/product_tag?post=55300"}],"curies":[{"name":"wp","href":"https:\/\/api.w.org\/{rel}","templated":true}]}}