{"id":55320,"date":"2021-11-22T14:42:11","date_gmt":"2021-11-22T13:42:11","guid":{"rendered":"http:\/\/www.libraria-occitana.org\/product\/rondes-dancas-redondas-2-cd\/"},"modified":"2026-04-29T02:46:30","modified_gmt":"2026-04-29T00:46:30","slug":"rondes-dancas-redondas-2-cd","status":"publish","type":"product","link":"https:\/\/www.libraria-occitana.org\/oc\/produch\/rondes-dancas-redondas-2-cd\/","title":{"rendered":"Rondes, Dan\u00e7as redondas (2 CD)"},"content":{"rendered":"<p><em>Rondes, Dan\u00e7as redondas<\/em> regroupe diff\u00e9rentes interpr\u00e9tations actuelles de rondes du Quercy. Pr\u00e8s de cinquante musicen\u00b7nes y ont particip\u00e9, entre Bretagne, Auvergne et Occitanie. Ce projet s\u2019est r\u00e9alis\u00e9 \u00e0 l\u2019initiative de l\u2019association La Granja \u00e0 Soulom\u00e8s (Lot).<\/p>\n<p>Avec, par ordre d&#8217;apparition :<br \/>\nFawzi Berger, Guilhem Boucher, Bastien Fontanille, Christian Mage, Guillaume Roussilhe, Marthe Tourret, Micka\u00ebl Vidal, Xavier Vidal, Emmanuelle Bouthillier, Jeanne Lemoine, Enora Moriou-Pautret, Ernest Bergez, Cl\u00e9ment Gauthier, Laurent Paris, Henri Lass\u00e9millante, Florian Nastorg, Lola Calvet, Lisa Langlois, Bijane Etemad Moghadam, Clotilde Bellego, M\u00e9lanie Brelaud, Floriane Fages, L\u00e9a Graves, Pierre Campistron, Violetta Jarero Castillo, Charlotte Espieussas, Mat\u00e8u Baudoin, Roman Baudoin, Maud Herrera, C\u00e9cile Olmos, H\u00e9lo\u00efse P\u00e9guin, Mathilde Spini, Margaux Zubeldia, Rachel Balma, Justine Meyer, Aina Tulier, Alexandra Lacouchie , Anne Rivaud, Alexandre Seli, Michel Lemeur, Maxence Camelin, Julen Achiary, Clotilde Bellego, Philippe Neveu, Olivier Catteau, Paul Sala\u00fcn, Fran\u00e7ois Dumeaux, Marthe Tourret, Elisa Trebouville, Jaime Chao, Didier Thami\u00e9, Albert Laboucarie.<\/p>\n<p>Avec livret 56 pages avec paroles, traductions et cr\u00e9dits.<\/p>\n<p><strong>Titres :<\/strong><br \/>\n<strong>CD 1 :<\/strong><br \/>\n1. Dedans la ville de Bordeaux \/ La fiera de &#8216;Gen \u2013 Fawzi Berger, Guilhem Boucher, Bastien Fontanille, Christian Mage, Guillaume Roussilhe, Marthe Tourret, Micka\u00ebl Vidal, Xavier Vidal 7&#8217;09<br \/>\n2. Au Tomas revelha to\u00e9 \u2013 Micka\u00ebl Vidal, Xavier Vidal 3&#8217;23<br \/>\n3. Donnerai-je mon c\u0153ur \u2013 Emmanuelle Bouthillier, Jeanne Lemoine, Enora Moriou-Pautret 5&#8217;08<br \/>\n4. Tout revenant de Montcabrier \u2013 Sourdure 5&#8217;03<br \/>\n5. Tout revenant de Lille \u2013 Cl\u00e9ment Gauthier, Christian Mage, Bastien Fontanille 8&#8217;20<br \/>\n6. Aval a la rebi\u00e8ra \u2013 Pialuts 6&#8217;18<br \/>\n7. Quand j&#8217;\u00e9tais fille \u00e0 marier \u2013 Lola Calvet, Lisa Langlois 3&#8217;27<br \/>\n8. Au jardin de mon p\u00e8re \u2013 Guilhem Boucher, Bastien Fontanille, Christian Mage, Micka\u00ebl Vidal, Xavier Vidal 5&#8217;32<br \/>\n9. Las femnas de Mercu\u00e8s \u2013 Bijane Etemad Moghadam 3&#8217;04<br \/>\n10. Danse sans parole \/ Danse sans parole \/ Vai cachar la vendenha \u2013 Clotilde Bellego, M\u00e9lanie Brelaud, Floriane Fages, L\u00e9a Graves 4&#8217;34<br \/>\n11. Dedans Bordeaux sont arriv\u00e9s \u2013 La Polvadera 5&#8217;58<br \/>\n12. Las filhas de Sent-Laurens \u2013 Mat\u00e8u Baudoin, Roman Baudoin 8&#8217;04<\/p>\n<p><strong>CD 2 :<\/strong><br \/>\n1. La filha d&#8217;un paure \u00f2me \/ Mon p\u00e8re m&#8217;a fait b\u00e2tir ch\u00e2teau \u2013 Maud Herrera, C\u00e9cile Olmos, H\u00e9lo\u00efse P\u00e9guin, Mathilde Spini, Margaux Zubeldia, Rachel Balma, Justine Meyer, Aina Tulier, Xavier Vidal 5&#8217;45<br \/>\n2. Si j&#8217;ai plant\u00e9&#8217;n rosier \u2013 Alexandra Lacouchie, Anne Rivaud, Alexandre Seli 4&#8217;51<br \/>\n3. Vira nau-s-aucas \/ Lo truquet, lo luret \u2013 Christian Mage, Xavier Vidal 4&#8217;36<br \/>\n4. Tot revenant de la Roqu\u00e8ta \u2013 Guilhem Boucher, Michel Lemeur 3&#8217;42<br \/>\n5. Ma poule n&#8217;a que dix petits \u2013 Timbrat &amp; Bijane Etemad Moghadam 3&#8217;13<br \/>\n6. Frappe du pied Nanette \u2013 Clotilde Bellego, Charlotte Espieussas 5&#8217;53<br \/>\n7. Ronde sans parole \u2013 Philippe Neveu, Fawzi Berger 6&#8217;10<br \/>\n8. Deux cent trente navires \/ Ronde sans parole \u2013 Bastien Fontanille 4&#8217;33<br \/>\n9. Se jamai me maridi \/ Me suis mise en danse \u2013 Olivier Catteau, Paul Sala\u00fcn 5&#8217;23<br \/>\n10. Quand j&#8217;\u00e9tais fille a marier \/ Landeridi se jamais me maridi \u2013 Fran\u00e7ois Dumeaux 4&#8217;03<br \/>\n11. Tout revenant de Paris La Rochelle \/ En revenant de moisson \u2013 Bourrasque 7&#8217;47<br \/>\n12. La n\u00f2stra craba blanca \u2013 Guillaume Roussilhe 2&#8217;48<br \/>\n13. La bolong\u00e8ra \u2013 Jaime Chao, Micka\u00ebl Vidal, Marthe Tourret 8&#8217;37<\/p>\n","protected":false},"excerpt":{"rendered":"<p>Rondes, Dan\u00e7as redondas regroupe diff\u00e9rentes interpr\u00e9tations actuelles de rondes du Quercy. Pr\u00e8s de cinquante musicen\u00b7nes y ont particip\u00e9, entre Bretagne, Auvergne et Occitanie. Ce projet s\u2019est r\u00e9alis\u00e9 \u00e0 l\u2019initiative de l\u2019association La Granja \u00e0 Soulom\u00e8s (Lot). Avec, par ordre d&#8217;apparition : Fawzi Berger, Guilhem Boucher, Bastien Fontanille, Christian Mage, Guillaume Roussilhe, Marthe Tourret, Micka\u00ebl Vidal, [&hellip;]<\/p>\n","protected":false},"featured_media":55317,"template":"","meta":{"_acf_changed":false,"_genesis_hide_title":false,"_genesis_hide_breadcrumbs":false,"_genesis_hide_singular_image":false,"_genesis_hide_footer_widgets":false,"_genesis_custom_body_class":"","_genesis_custom_post_class":"","_genesis_layout":""},"product_brand":[],"product_cat":[16683,7229],"product_tag":[],"class_list":{"0":"post-55320","1":"product","2":"type-product","3":"status-publish","4":"has-post-thumbnail","6":"product_cat-musica-oc","7":"product_cat-novela-tradicion-oc","8":"pa_auteur-collectiu-oc-2","9":"pa_editeur-pagans-oc","10":"pa_langue-francais-oc","11":"pa_langue-occitan-oc","12":"pa_langue-occitan-lengadocian-oc","13":"entry","15":"first","16":"instock","17":"shipping-taxable","18":"purchasable","19":"product-type-simple"},"acf":[],"_links":{"self":[{"href":"https:\/\/www.libraria-occitana.org\/oc\/wp-json\/wp\/v2\/product\/55320","targetHints":{"allow":["GET"]}}],"collection":[{"href":"https:\/\/www.libraria-occitana.org\/oc\/wp-json\/wp\/v2\/product"}],"about":[{"href":"https:\/\/www.libraria-occitana.org\/oc\/wp-json\/wp\/v2\/types\/product"}],"wp:featuredmedia":[{"embeddable":true,"href":"https:\/\/www.libraria-occitana.org\/oc\/wp-json\/wp\/v2\/media\/55317"}],"wp:attachment":[{"href":"https:\/\/www.libraria-occitana.org\/oc\/wp-json\/wp\/v2\/media?parent=55320"}],"wp:term":[{"taxonomy":"product_brand","embeddable":true,"href":"https:\/\/www.libraria-occitana.org\/oc\/wp-json\/wp\/v2\/product_brand?post=55320"},{"taxonomy":"product_cat","embeddable":true,"href":"https:\/\/www.libraria-occitana.org\/oc\/wp-json\/wp\/v2\/product_cat?post=55320"},{"taxonomy":"product_tag","embeddable":true,"href":"https:\/\/www.libraria-occitana.org\/oc\/wp-json\/wp\/v2\/product_tag?post=55320"}],"curies":[{"name":"wp","href":"https:\/\/api.w.org\/{rel}","templated":true}]}}