{"id":55404,"date":"2021-11-30T17:02:35","date_gmt":"2021-11-30T16:02:35","guid":{"rendered":"http:\/\/www.libraria-occitana.org\/product\/enquestas-de-pas-creire-de-gaetan-causac-daus-ombradors\/"},"modified":"2026-04-26T01:32:05","modified_gmt":"2026-04-25T23:32:05","slug":"enquestas-de-pas-creire-de-gaetan-causac-daus-ombradors","status":"publish","type":"product","link":"https:\/\/www.libraria-occitana.org\/oc\/produch\/enquestas-de-pas-creire-de-gaetan-causac-daus-ombradors\/","title":{"rendered":"Enquestas de pas creire de Ga\u00ebtan Ca\u00fcsac daus Ombradors"},"content":{"rendered":"<p>Es pas tr\u00f2p fringareu, lo comte Ga\u00ebtan Ca\u00fczac daus Ombradors, tot n\u00f2ble e chastelan que si\u00e1, es avugle, a totjorn freg, a totjorn mestier de beure e de pissar, e son caractari, vos dise pas ! E pertant son passat de brilhant comissari de pol\u00edcia e sa reconversion en enquestaire privat li donan l'ocasion de res\u00f2ure los misteris los mai de pas creire que si\u00e1 : lo de l'\u00f2rra cava de las pissaratas, lo daus esbratats que semblan se rencontrar a chasque conh de ru\u00e1 a Bordeu, lo de la femna que sos \u00f2mes semblan un pauc tr\u00f2p sovent tombar de naut, lo de la maison de repaus ente lo monde m\u00f2ren d'un biais estranh, lo dau dr\u00f2lle mut surtit de degun lu\u00f2c sus una pla\u00e7a de Clarmont, lo de la maison trevada per lo po\u00ebma veren\u00f3s d'un dich Rimbaud (Artur)...<\/p>\n<p>Si i veu gaire, a tota sa testa e merc\u00e9s a J\u00falian Vernhanegra e a Francisco Iglesias, dos ancians arcandiers passats a son servici, saur\u00e1 plan trobar la cencena de quelas enquestas vertadierament de pas creire. E quante la fina c\u00f2la laissar\u00e1 lo chasteu daus Ombradors per partir en cha\u00e7a, artelhatz vos, monde, auretz pas 'chabat de rire e de frijolar !<\/p>\n","protected":false},"excerpt":{"rendered":"<p>Es pas tr\u00f2p fringareu, lo comte Ga\u00ebtan Ca\u00fczac daus Ombradors, tot n\u00f2ble e chastelan que si\u00e1, es avugle, a totjorn freg, a totjorn mestier de beure e de pissar, e son caractari, vos dise pas ! E pertant son passat de brilhant comissari de pol\u00edcia e sa reconversion en enquestaire privat li donan l&#8217;ocasion de [&hellip;]<\/p>\n","protected":false},"featured_media":55401,"template":"","meta":{"_acf_changed":false,"_genesis_hide_title":false,"_genesis_hide_breadcrumbs":false,"_genesis_hide_singular_image":false,"_genesis_hide_footer_widgets":false,"_genesis_custom_body_class":"","_genesis_custom_post_class":"","_genesis_layout":""},"product_brand":[],"product_cat":[7133,7175,7183],"product_tag":[],"class_list":{"0":"post-55404","1":"product","2":"type-product","3":"status-publish","4":"has-post-thumbnail","6":"product_cat-libres-oc","7":"product_cat-literatura-oc","8":"product_cat-romans-novelas-oc","9":"pa_auteur-ganhaire-joan-oc","10":"pa_editeur-ieo-perigord-novelum-oc","11":"pa_langue-occitan-oc","12":"pa_langue-occitan-lemosin-oc","13":"entry","15":"first","16":"instock","17":"shipping-taxable","18":"purchasable","19":"product-type-simple"},"acf":[],"_links":{"self":[{"href":"https:\/\/www.libraria-occitana.org\/oc\/wp-json\/wp\/v2\/product\/55404","targetHints":{"allow":["GET"]}}],"collection":[{"href":"https:\/\/www.libraria-occitana.org\/oc\/wp-json\/wp\/v2\/product"}],"about":[{"href":"https:\/\/www.libraria-occitana.org\/oc\/wp-json\/wp\/v2\/types\/product"}],"wp:featuredmedia":[{"embeddable":true,"href":"https:\/\/www.libraria-occitana.org\/oc\/wp-json\/wp\/v2\/media\/55401"}],"wp:attachment":[{"href":"https:\/\/www.libraria-occitana.org\/oc\/wp-json\/wp\/v2\/media?parent=55404"}],"wp:term":[{"taxonomy":"product_brand","embeddable":true,"href":"https:\/\/www.libraria-occitana.org\/oc\/wp-json\/wp\/v2\/product_brand?post=55404"},{"taxonomy":"product_cat","embeddable":true,"href":"https:\/\/www.libraria-occitana.org\/oc\/wp-json\/wp\/v2\/product_cat?post=55404"},{"taxonomy":"product_tag","embeddable":true,"href":"https:\/\/www.libraria-occitana.org\/oc\/wp-json\/wp\/v2\/product_tag?post=55404"}],"curies":[{"name":"wp","href":"https:\/\/api.w.org\/{rel}","templated":true}]}}