{"id":55410,"date":"2021-11-30T17:46:33","date_gmt":"2021-11-30T16:46:33","guid":{"rendered":"http:\/\/www.libraria-occitana.org\/product\/peiraguda-antologia-lintegrale-des-chansons-occitanes-de-peiraguda\/"},"modified":"2026-04-29T01:11:59","modified_gmt":"2026-04-28T23:11:59","slug":"peiraguda-antologia-lintegrale-des-chansons-occitanes-de-peiraguda","status":"publish","type":"product","link":"https:\/\/www.libraria-occitana.org\/oc\/produch\/peiraguda-antologia-lintegrale-des-chansons-occitanes-de-peiraguda\/","title":{"rendered":"Peiraguda : Antologia, L&#8217;int\u00e9grale des chansons occitanes de Peiraguda"},"content":{"rendered":"<p>En 1977, choisir de chanter en occitan relevait d&#8217;une d\u00e9marche pour le moins singuli\u00e8re. Depuis longtemps d\u00e9j\u00e0, la langue et la culture d&#8217;Oc avaient, comme dans toutes les r\u00e9gions de France, souffert des assauts continuels d&#8217;un jacobinisme destructeur.<\/p>\n<p>C&#8217;est pourtant ce qu&#8217;on fait Patrick Salini\u00e9, Jean-Louis Garrigue et Jean Bonnefon en fondant le groupe Peiraguda. D\u00e8s le d\u00e9but de leur long parcours, ils affirmaient leur d\u00e9termination en proclamant \u00ab Ai de tant prigondas e reb\u00e8las rai\u00e7, que degun me podr\u00e1 deregar \u00bb (J&#8217;ai des racines si profondes et si rebelles que personne ne pourra me les arracher). Et en m\u00eame temps, ils avaient compris que leur d\u00e9marche devrait s&#8217;inscrire dans la dur\u00e9e : \u00ab Lo camin es long que monta a n\u00f2stre ostal \u00bb (Le chemin est long qui monte \u00e0 notre maison). En 2021, l&#8217;aventure continue avec Patrick et Jean, canal historique du groupe, auxquels se sont joints au fil du temps, Jacques Gandon, Patrick Descamps, Laurent Chopin, Pascal Bonnefon et quelques autres que l&#8217;on d\u00e9couvrira \u00e0 travers les pages de ce livre. Quarante-quatre ans d&#8217;existence \u00e7a repr\u00e9sente beaucoup de souvenirs, beaucoup de moments intenses, de concerts, de rires, parfois de larmes et surtout de rencontres.<\/p>\n<p>Et finalement que reste-t-il de tout cela ? Avant tout, il reste des chansons. Elles sont des petites pierres blanches pos\u00e9es sur le parcours de nos vies. Elles viennent r\u00e9veiller des souvenirs, qui par petites touches, composent le kal\u00e9idoscope de ce que nous sommes. Les chansons de Peiraguda n&#8217;\u00e9chappent pas \u00e0 cette r\u00e8gle. Elles sont les h\u00e9riti\u00e8res d&#8217;une culture mill\u00e9naire et des Troubadours qui invent\u00e8rent le genre autour de l&#8217;an mil sur la terre du P\u00e9rigord.<\/p>\n<p>Gardien et animateur inlassable de la culture d&#8217;Oc, Novelum, l&#8217;Institut d&#8217;\u00c9tudes Occitanes de la Dordogne, a consid\u00e9r\u00e9 qu&#8217;il fallait rendre accessible \u00e0 tous ce morceau de patrimoine. Voil\u00e0 qui est fait avec cet ouvrage qui collecte et restitue l&#8217;ensemble des cent trois chansons enregistr\u00e9es ou pas, des textes, des contes de Peiraguda entre 1977 et 2021.<\/p>\n<p>Textes, traductions, accords, in\u00e9dits et adaptations.<\/p>\n<p>L&#8217;int\u00e9grale en CD : <a href=\"http:\/\/www.libraria-occitana.org\/produit\/peiraguda-integral-de-1978-a-2015-3-cd\/\"><em>Peiraguda : Int\u00e9gral de 1978 \u00e0 2015<\/em> (3 CD)<\/a><\/p>\n","protected":false},"excerpt":{"rendered":"<p>En 1977, choisir de chanter en occitan relevait d&#8217;une d\u00e9marche pour le moins singuli\u00e8re. Depuis longtemps d\u00e9j\u00e0, la langue et la culture d&#8217;Oc avaient, comme dans toutes les r\u00e9gions de France, souffert des assauts continuels d&#8217;un jacobinisme destructeur. C&#8217;est pourtant ce qu&#8217;on fait Patrick Salini\u00e9, Jean-Louis Garrigue et Jean Bonnefon en fondant le groupe Peiraguda. [&hellip;]<\/p>\n","protected":false},"featured_media":55408,"template":"","meta":{"_acf_changed":false,"_genesis_hide_title":false,"_genesis_hide_breadcrumbs":false,"_genesis_hide_singular_image":false,"_genesis_hide_footer_widgets":false,"_genesis_custom_body_class":"","_genesis_custom_post_class":"","_genesis_layout":""},"product_brand":[],"product_cat":[7133,7191,7193],"product_tag":[],"class_list":{"0":"post-55410","1":"product","2":"type-product","3":"status-publish","4":"has-post-thumbnail","6":"product_cat-libres-oc","7":"product_cat-musica-danca-oc","8":"product_cat-particions-paraulas-de-chancons-oc","9":"pa_auteur-peiraguda-oc","10":"pa_editeur-ieo-perigord-novelum-oc","11":"pa_langue-occitan-lengadocian-oc","12":"pa_langue-occitan-francais-oc","13":"entry","15":"first","16":"outofstock","17":"shipping-taxable","18":"purchasable","19":"product-type-simple"},"acf":[],"_links":{"self":[{"href":"https:\/\/www.libraria-occitana.org\/oc\/wp-json\/wp\/v2\/product\/55410","targetHints":{"allow":["GET"]}}],"collection":[{"href":"https:\/\/www.libraria-occitana.org\/oc\/wp-json\/wp\/v2\/product"}],"about":[{"href":"https:\/\/www.libraria-occitana.org\/oc\/wp-json\/wp\/v2\/types\/product"}],"wp:featuredmedia":[{"embeddable":true,"href":"https:\/\/www.libraria-occitana.org\/oc\/wp-json\/wp\/v2\/media\/55408"}],"wp:attachment":[{"href":"https:\/\/www.libraria-occitana.org\/oc\/wp-json\/wp\/v2\/media?parent=55410"}],"wp:term":[{"taxonomy":"product_brand","embeddable":true,"href":"https:\/\/www.libraria-occitana.org\/oc\/wp-json\/wp\/v2\/product_brand?post=55410"},{"taxonomy":"product_cat","embeddable":true,"href":"https:\/\/www.libraria-occitana.org\/oc\/wp-json\/wp\/v2\/product_cat?post=55410"},{"taxonomy":"product_tag","embeddable":true,"href":"https:\/\/www.libraria-occitana.org\/oc\/wp-json\/wp\/v2\/product_tag?post=55410"}],"curies":[{"name":"wp","href":"https:\/\/api.w.org\/{rel}","templated":true}]}}