{"id":55488,"date":"2021-11-10T15:57:40","date_gmt":"2021-11-10T14:57:40","guid":{"rendered":"http:\/\/www.libraria-occitana.org\/?post_type=product&#038;p=55488"},"modified":"2026-04-29T10:09:42","modified_gmt":"2026-04-29T08:09:42","slug":"grammaire-du-parler-croissantin-de-la-celle-dunoise-creuse","status":"publish","type":"product","link":"https:\/\/www.libraria-occitana.org\/oc\/produch\/grammaire-du-parler-croissantin-de-la-celle-dunoise-creuse\/","title":{"rendered":"Grammaire du parler croissantin de La Celle-Dunoise (Creuse)"},"content":{"rendered":"<p>Graphie personnelle de l&#8217;auteur.<\/p>\n<p>Ce livre est la premi\u00e8re grammaire descriptive du cellois, le parler marchois de La Celle-Dunoise (Creuse). Comme la plupart des parlers du Croissant linguistique, le cellois est en voie de disparition, \u00e9tant donn\u00e9 qu&#8217;il est parl\u00e9 presque exclusivement par des personnes d&#8217;un certain \u00e2ge et qu&#8217;il a cess\u00e9 d&#8217;\u00eatre transmis aux nouvelles g\u00e9n\u00e9rations \u00e0 partir des ann\u00e9es 1950.<\/p>\n<p>La description grammaticale comprend les chapitres suivants : phonologie, syntagme nominal, syntagme verbal, phrases simples, phrases complexes et processus morphologiques. La grammaire contient \u00e9galement la transcription de divers conversations et r\u00e9cits en cellois ainsi qu&#8217;un vocabulaire cellois-fran\u00e7ais d&#8217;environ 2000 entr\u00e9es.<\/p>\n<p>Les recherches pour cette \u00e9tude ont \u00e9t\u00e9 conduites entre 2016 et 2019 \u00e0 La Celle-Dunoise aupr\u00e8s de locuteurs natifs.<\/p>\n<p>L&#8217;ouvrage s&#8217;adresse aux linguistes romanistes et, de fa\u00e7on plus g\u00e9n\u00e9rale, aux typologues, mais il pourra aussi int\u00e9resser les locuteurs croissantins et leurs familles d\u00e9sireux d&#8217;en savoir plus sur le patrimoine linguistique de leur r\u00e9gion.<\/p>\n","protected":false},"excerpt":{"rendered":"<p>Graphie personnelle de l&#8217;auteur. Ce livre est la premi\u00e8re grammaire descriptive du cellois, le parler marchois de La Celle-Dunoise (Creuse). Comme la plupart des parlers du Croissant linguistique, le cellois est en voie de disparition, \u00e9tant donn\u00e9 qu&#8217;il est parl\u00e9 presque exclusivement par des personnes d&#8217;un certain \u00e2ge et qu&#8217;il a cess\u00e9 d&#8217;\u00eatre transmis aux [&hellip;]<\/p>\n","protected":false},"featured_media":55491,"template":"","meta":{"_acf_changed":false,"_genesis_hide_title":false,"_genesis_hide_breadcrumbs":false,"_genesis_hide_singular_image":false,"_genesis_hide_footer_widgets":false,"_genesis_custom_body_class":"","_genesis_custom_post_class":"","_genesis_layout":""},"product_brand":[],"product_cat":[7139,7137,7133,7141],"product_tag":[],"class_list":{"0":"post-55488","1":"product","2":"type-product","3":"status-publish","4":"has-post-thumbnail","6":"product_cat-diccionaris-gramaticas-oc","7":"product_cat-diccionaris-lenga-escolar-oc","8":"product_cat-libres-oc","9":"product_cat-linguistica-oc","10":"pa_auteur-maurer-cecchini-philippe-oc","11":"pa_editeur-lharmattan-oc","12":"pa_langue-francais-oc","13":"pa_langue-occitan-oc","14":"pa_langue-occitan-lemosin-oc","15":"entry","17":"first","18":"instock","19":"shipping-taxable","20":"purchasable","21":"product-type-simple"},"acf":[],"_links":{"self":[{"href":"https:\/\/www.libraria-occitana.org\/oc\/wp-json\/wp\/v2\/product\/55488","targetHints":{"allow":["GET"]}}],"collection":[{"href":"https:\/\/www.libraria-occitana.org\/oc\/wp-json\/wp\/v2\/product"}],"about":[{"href":"https:\/\/www.libraria-occitana.org\/oc\/wp-json\/wp\/v2\/types\/product"}],"wp:featuredmedia":[{"embeddable":true,"href":"https:\/\/www.libraria-occitana.org\/oc\/wp-json\/wp\/v2\/media\/55491"}],"wp:attachment":[{"href":"https:\/\/www.libraria-occitana.org\/oc\/wp-json\/wp\/v2\/media?parent=55488"}],"wp:term":[{"taxonomy":"product_brand","embeddable":true,"href":"https:\/\/www.libraria-occitana.org\/oc\/wp-json\/wp\/v2\/product_brand?post=55488"},{"taxonomy":"product_cat","embeddable":true,"href":"https:\/\/www.libraria-occitana.org\/oc\/wp-json\/wp\/v2\/product_cat?post=55488"},{"taxonomy":"product_tag","embeddable":true,"href":"https:\/\/www.libraria-occitana.org\/oc\/wp-json\/wp\/v2\/product_tag?post=55488"}],"curies":[{"name":"wp","href":"https:\/\/api.w.org\/{rel}","templated":true}]}}