{"id":55568,"date":"2021-12-20T15:20:51","date_gmt":"2021-12-20T14:20:51","guid":{"rendered":"http:\/\/www.libraria-occitana.org\/product\/cirano-libre-audio\/"},"modified":"2026-04-29T05:56:43","modified_gmt":"2026-04-29T03:56:43","slug":"cirano-libre-audio","status":"publish","type":"product","link":"https:\/\/www.libraria-occitana.org\/oc\/produch\/cirano-libre-audio\/","title":{"rendered":"Cirano (libre + audi\u00f2)"},"content":{"rendered":"<p>Adaptacion en occitan (limousin) de <em>Cyrano<\/em> (\u00c9ditions Gautier-Languereau, 2005).<\/p>\n<p>Cirano avi\u00e1 un gr\u00f2s nas.<br \/>\nCirano era amor\u00f3s de sa cosina Roxana.<br \/>\nMas zo li ausava pas dire (per causa de son gr\u00f2s nas).<\/p>\n<p>Urosament, Cirano era poeta.<\/p>\n<p>Veiqu\u00ed las aventuras bolegantas de Cirano contadas librament (e quitament d'un biais un pauc cavalier*), d'apr\u00e8s <em>Cyrano de Bergerac<\/em> d'Edmond Rostand).<\/p>\n<p>* Un biais cavalier es un biais de chavau. Un biais un pauc cavalier es un biais un pauc de chavau.<\/p>\n<p>Cicle 3.<br \/>\nLectura de Patrick Ratineaud disponibla sus <a href=\"http:\/\/www.capoc.fr\/\">http:\/\/www.capoc.fr\/<\/a> (Accueil &gt; Ressources num\u00e9riques : \u00c0 partir de A1-A2).<\/p>\n","protected":false},"excerpt":{"rendered":"<p>Adaptacion en occitan (limousin) de Cyrano (\u00c9ditions Gautier-Languereau, 2005). Cirano avi\u00e1 un gr\u00f2s nas. Cirano era amor\u00f3s de sa cosina Roxana. Mas zo li ausava pas dire (per causa de son gr\u00f2s nas). Urosament, Cirano era poeta. Veiqu\u00ed las aventuras bolegantas de Cirano contadas librament (e quitament d&#8217;un biais un pauc cavalier*), d&#8217;apr\u00e8s Cyrano de [&hellip;]<\/p>\n","protected":false},"featured_media":55565,"template":"","meta":{"_acf_changed":false,"_genesis_hide_title":false,"_genesis_hide_breadcrumbs":false,"_genesis_hide_singular_image":false,"_genesis_hide_footer_widgets":false,"_genesis_custom_body_class":"","_genesis_custom_post_class":"","_genesis_layout":""},"product_brand":[],"product_cat":[7171,7165,7133],"product_tag":[],"class_list":{"0":"post-55568","1":"product","2":"type-product","3":"status-publish","4":"has-post-thumbnail","6":"product_cat-drolles-oc","7":"product_cat-jounessa-bd-umor","8":"product_cat-libres-oc","9":"pa_auteur-dautremer-rebecca-oc","10":"pa_auteur-le-thanh-tai-marc-oc","11":"pa_editeur-canope-editions-oc","12":"pa_illustrateur-ratinaud-patrick-ratineaud-patrick-oc","13":"pa_langue-occitan-oc","14":"pa_langue-occitan-lemosin-oc","15":"entry","17":"first","18":"instock","19":"shipping-taxable","20":"purchasable","21":"product-type-simple"},"acf":[],"_links":{"self":[{"href":"https:\/\/www.libraria-occitana.org\/oc\/wp-json\/wp\/v2\/product\/55568","targetHints":{"allow":["GET"]}}],"collection":[{"href":"https:\/\/www.libraria-occitana.org\/oc\/wp-json\/wp\/v2\/product"}],"about":[{"href":"https:\/\/www.libraria-occitana.org\/oc\/wp-json\/wp\/v2\/types\/product"}],"wp:featuredmedia":[{"embeddable":true,"href":"https:\/\/www.libraria-occitana.org\/oc\/wp-json\/wp\/v2\/media\/55565"}],"wp:attachment":[{"href":"https:\/\/www.libraria-occitana.org\/oc\/wp-json\/wp\/v2\/media?parent=55568"}],"wp:term":[{"taxonomy":"product_brand","embeddable":true,"href":"https:\/\/www.libraria-occitana.org\/oc\/wp-json\/wp\/v2\/product_brand?post=55568"},{"taxonomy":"product_cat","embeddable":true,"href":"https:\/\/www.libraria-occitana.org\/oc\/wp-json\/wp\/v2\/product_cat?post=55568"},{"taxonomy":"product_tag","embeddable":true,"href":"https:\/\/www.libraria-occitana.org\/oc\/wp-json\/wp\/v2\/product_tag?post=55568"}],"curies":[{"name":"wp","href":"https:\/\/api.w.org\/{rel}","templated":true}]}}