{"id":55606,"date":"2021-03-23T12:55:43","date_gmt":"2021-03-23T11:55:43","guid":{"rendered":"http:\/\/www.libraria-occitana.org\/product\/la-legenda-de-sleepy-hollow-lo-cavalier-sens-cap\/"},"modified":"2026-04-16T22:31:06","modified_gmt":"2026-04-16T20:31:06","slug":"la-legenda-de-sleepy-hollow-lo-cavalier-sens-cap","status":"publish","type":"product","link":"https:\/\/www.libraria-occitana.org\/oc\/produch\/la-legenda-de-sleepy-hollow-lo-cavalier-sens-cap\/","title":{"rendered":"La Legenda de Sleepy Hollow : Lo cavali\u00e8r sens cap"},"content":{"rendered":"<p>Dins la valeta aconsomida de Sleepy Hollow, lo temps sembla coma calhat. Lo regent Ichabod Crane, que regna en m\u00e8stre sus sa pichona esc\u00f2la, pensa que res ni degun lo p\u00f2t pas pus arrestar sul camin de la notorietat e de la prosperitat. Mas lo fantauma del Cavali\u00e8r sens Cap que tr\u00e8va la val dempu\u00e8i la gu\u00e8rra d\u2019independ\u00e9ncia fa fintan\u00e8la...<\/p>\n<p>Aquesta nov\u00e8la fogu\u00e8t liurament adaptada en film fantastic per Tim Burton en 1999 jol t\u00edtol de <em>Sleepy Hollow<\/em> amb Johnny Depp.<\/p>\n","protected":false},"excerpt":{"rendered":"<p>Dins la valeta aconsomida de Sleepy Hollow, lo temps sembla coma calhat. Lo regent Ichabod Crane, que regna en m\u00e8stre sus sa pichona esc\u00f2la, pensa que res ni degun lo p\u00f2t pas pus arrestar sul camin de la notorietat e de la prosperitat. Mas lo fantauma del Cavali\u00e8r sens Cap que tr\u00e8va la val dempu\u00e8i [&hellip;]<\/p>\n","protected":false},"featured_media":55598,"template":"","meta":{"_acf_changed":false,"_genesis_hide_title":false,"_genesis_hide_breadcrumbs":false,"_genesis_hide_singular_image":false,"_genesis_hide_footer_widgets":false,"_genesis_custom_body_class":"","_genesis_custom_post_class":"","_genesis_layout":""},"product_brand":[],"product_cat":[7133,7175,7183],"product_tag":[],"class_list":{"0":"post-55606","1":"product","2":"type-product","3":"status-publish","4":"has-post-thumbnail","6":"product_cat-libres-oc","7":"product_cat-literatura-oc","8":"product_cat-romans-novelas-oc","9":"pa_auteur-irving-washington-oc","10":"pa_editeur-ieo-fr-oc","11":"pa_illustrateur-beziat-peire-oc","12":"pa_langue-occitan-oc","13":"pa_langue-occitan-lengadocian-oc","14":"entry","16":"first","17":"instock","18":"shipping-taxable","19":"purchasable","20":"product-type-simple"},"acf":[],"_links":{"self":[{"href":"https:\/\/www.libraria-occitana.org\/oc\/wp-json\/wp\/v2\/product\/55606","targetHints":{"allow":["GET"]}}],"collection":[{"href":"https:\/\/www.libraria-occitana.org\/oc\/wp-json\/wp\/v2\/product"}],"about":[{"href":"https:\/\/www.libraria-occitana.org\/oc\/wp-json\/wp\/v2\/types\/product"}],"wp:featuredmedia":[{"embeddable":true,"href":"https:\/\/www.libraria-occitana.org\/oc\/wp-json\/wp\/v2\/media\/55598"}],"wp:attachment":[{"href":"https:\/\/www.libraria-occitana.org\/oc\/wp-json\/wp\/v2\/media?parent=55606"}],"wp:term":[{"taxonomy":"product_brand","embeddable":true,"href":"https:\/\/www.libraria-occitana.org\/oc\/wp-json\/wp\/v2\/product_brand?post=55606"},{"taxonomy":"product_cat","embeddable":true,"href":"https:\/\/www.libraria-occitana.org\/oc\/wp-json\/wp\/v2\/product_cat?post=55606"},{"taxonomy":"product_tag","embeddable":true,"href":"https:\/\/www.libraria-occitana.org\/oc\/wp-json\/wp\/v2\/product_tag?post=55606"}],"curies":[{"name":"wp","href":"https:\/\/api.w.org\/{rel}","templated":true}]}}