{"id":55612,"date":"2018-04-23T14:00:39","date_gmt":"2018-04-23T12:00:39","guid":{"rendered":"http:\/\/www.libraria-occitana.org\/?post_type=product&#038;p=55612"},"modified":"2026-04-16T22:26:41","modified_gmt":"2026-04-16T20:26:41","slug":"las-aventuras-de-sherlock-holmes-ii-gentlemen-e-aventuras","status":"publish","type":"product","link":"https:\/\/www.libraria-occitana.org\/oc\/produch\/las-aventuras-de-sherlock-holmes-ii-gentlemen-e-aventuras\/","title":{"rendered":"Las aventuras de Sherlock Holmes II : Gentlemen e aventuras"},"content":{"rendered":"<p>Las aventuras de Sherlock Holmes tradusidas en occitan.<\/p>\n<blockquote><p>Ai una r\u00e8gla vi\u00e8lha que ditz que quand a v\u00e8tz bandit l\u2019impossible, \u00e7\u00f2 que dem\u00f2ra, emai si\u00e1 improbable, deu \u00e8sser la vertat.<\/p><\/blockquote>\n<p>Lo personatge de Sherlock Holmes es estat creat per Sir Arthur Conan Doyle en 1887. S\u2019es pas lo primi\u00e8r detectiu dins l\u2019ist\u00f2ria de la literatura, n\u2019es, sai que, lo mai conegut. Lo corpus de sas aventuras conten 4 romans et 56 nov\u00e8las.<\/p>\n<p>Grand, linge, intelligent, s\u2019adona qualques c\u00f2ps a la coca\u00efna, mas es tanben meloman (fa de violon), quimista e esportiu de tria (boxaire e espadaire).<br \/>\nSas aventuras son contadas per son brave amic lo Doctor Watson que l\u2019acompanha dins sas enqu\u00e8stas.<br \/>\nMai d\u2019un s\u00e8gle apr\u00e8p sa creacion, son personatge dem\u00f2ra plan populari. Es estat adaptat mai d\u2019un c\u00f2p dins de serias televisualas e dins de films, e aqu\u00f2 contunha.<br \/>\nLas primi\u00e8ras nov\u00e8las de las Aventuras de Sherlock Holmes son estadas publicadas a l\u2019origina dins lo jornal <em>Strand Magazine<\/em> entre julhet de 1891 e junh de 1892 e pu\u00e8i recampadas dins un sol libre.<\/p>\n<p><em>Gentlemen e Aventuras<\/em> recampa L\u2019aventura del carboncle blau, L\u2019aventura de la benda pigalhada, L\u2019aventura del det gr\u00f2s de l\u2019engenhaire, L\u2019aventura del n\u00f2ble celibatari, Lo diad\u00e8ma de bericle, e Los Faus Coirats.<\/p>\n<p><a href=\"http:\/\/www.libraria-occitana.org\/produit\/las-aventuras-de-sherlock-holmes-i-escandals-e-misteris\/\"><em>Las aventuras de Sherlock Holmes I : Escandals e mist\u00e8ris<\/em><\/a><\/p>\n","protected":false},"excerpt":{"rendered":"<p>Las aventuras de Sherlock Holmes tradusidas en occitan. Ai una r\u00e8gla vi\u00e8lha que ditz que quand a v\u00e8tz bandit l\u2019impossible, \u00e7\u00f2 que dem\u00f2ra, emai si\u00e1 improbable, deu \u00e8sser la vertat. Lo personatge de Sherlock Holmes es estat creat per Sir Arthur Conan Doyle en 1887. S\u2019es pas lo primi\u00e8r detectiu dins l\u2019ist\u00f2ria de la literatura, [&hellip;]<\/p>\n","protected":false},"featured_media":55595,"template":"","meta":{"_acf_changed":false,"_genesis_hide_title":false,"_genesis_hide_breadcrumbs":false,"_genesis_hide_singular_image":false,"_genesis_hide_footer_widgets":false,"_genesis_custom_body_class":"","_genesis_custom_post_class":"","_genesis_layout":""},"product_brand":[],"product_cat":[7133,7175,7183],"product_tag":[],"class_list":{"0":"post-55612","1":"product","2":"type-product","3":"status-publish","4":"has-post-thumbnail","6":"product_cat-libres-oc","7":"product_cat-literatura-oc","8":"product_cat-romans-novelas-oc","9":"pa_auteur-doyle-arthur-conan-oc","10":"pa_editeur-ieo-fr-oc","11":"pa_illustrateur-beziat-peire-oc","12":"pa_langue-occitan-oc","13":"pa_langue-occitan-lengadocian-oc","14":"entry","16":"first","17":"instock","18":"shipping-taxable","19":"purchasable","20":"product-type-simple"},"acf":[],"_links":{"self":[{"href":"https:\/\/www.libraria-occitana.org\/oc\/wp-json\/wp\/v2\/product\/55612","targetHints":{"allow":["GET"]}}],"collection":[{"href":"https:\/\/www.libraria-occitana.org\/oc\/wp-json\/wp\/v2\/product"}],"about":[{"href":"https:\/\/www.libraria-occitana.org\/oc\/wp-json\/wp\/v2\/types\/product"}],"wp:featuredmedia":[{"embeddable":true,"href":"https:\/\/www.libraria-occitana.org\/oc\/wp-json\/wp\/v2\/media\/55595"}],"wp:attachment":[{"href":"https:\/\/www.libraria-occitana.org\/oc\/wp-json\/wp\/v2\/media?parent=55612"}],"wp:term":[{"taxonomy":"product_brand","embeddable":true,"href":"https:\/\/www.libraria-occitana.org\/oc\/wp-json\/wp\/v2\/product_brand?post=55612"},{"taxonomy":"product_cat","embeddable":true,"href":"https:\/\/www.libraria-occitana.org\/oc\/wp-json\/wp\/v2\/product_cat?post=55612"},{"taxonomy":"product_tag","embeddable":true,"href":"https:\/\/www.libraria-occitana.org\/oc\/wp-json\/wp\/v2\/product_tag?post=55612"}],"curies":[{"name":"wp","href":"https:\/\/api.w.org\/{rel}","templated":true}]}}