{"id":55752,"date":"2021-06-02T11:29:26","date_gmt":"2021-06-02T09:29:26","guid":{"rendered":"http:\/\/www.libraria-occitana.org\/product\/massilia-sound-system-la-facon-de-marseille\/"},"modified":"2026-04-15T20:42:03","modified_gmt":"2026-04-15T18:42:03","slug":"massilia-sound-system-la-facon-de-marseille","status":"publish","type":"product","link":"https:\/\/www.libraria-occitana.org\/oc\/produch\/massilia-sound-system-la-facon-de-marseille\/","title":{"rendered":"Massilia Sound System : La fa\u00e7on de Marseille"},"content":{"rendered":"<p>Nouvelle \u00e9dition.<\/p>\n<p>S&#8217;inspirant des sound system jama\u00efcains, Massilia Sound System n&#8217;a de cesse de r\u00e9veiller les foules et de rassembler les g\u00e9n\u00e9rations depuis 1984 avec un enthousiasme et un optimisme communicatifs. La formation marseillaise r\u00e9unit autour d&#8217;elle et de son label R\u00f2ker Promocion tout un panel d&#8217;artistes, d&#8217;occitanistes et de fans (le <em>posse<\/em>) qu&#8217;elle invite r\u00e9guli\u00e8rement sur sc\u00e8ne. Mais Massilia Sound System ne se contente pas de \u00ab mettre le \u00f2ai \u00bb. Gr\u00e2ce \u00e0 un son unique empreint de sonorit\u00e9s folkloriques, de reggae, de musiques indiennes, \u00e9lectroniques ou drum&#8217;n&#8217;bass, le groupe est un ardent d\u00e9fenseur de la culture et de la langue occitanes. Le micro devient un moyen d&#8217;expression vif qui pr\u00f4ne \u2013 tant\u00f4t en proven\u00e7al, tant\u00f4t en fran\u00e7ais \u2013 la libert\u00e9 et rejette l&#8217;oppression. Autant d&#8217;id\u00e9es s\u00e9rieuses et f\u00e9d\u00e9ratrices exprim\u00e9es dans un franc-parler percutant et souvent dr\u00f4le.<\/p>\n","protected":false},"excerpt":{"rendered":"<p>Nouvelle \u00e9dition. S&#8217;inspirant des sound system jama\u00efcains, Massilia Sound System n&#8217;a de cesse de r\u00e9veiller les foules et de rassembler les g\u00e9n\u00e9rations depuis 1984 avec un enthousiasme et un optimisme communicatifs. La formation marseillaise r\u00e9unit autour d&#8217;elle et de son label R\u00f2ker Promocion tout un panel d&#8217;artistes, d&#8217;occitanistes et de fans (le posse) qu&#8217;elle invite [&hellip;]<\/p>\n","protected":false},"featured_media":55750,"template":"","meta":{"_acf_changed":false,"_genesis_hide_title":false,"_genesis_hide_breadcrumbs":false,"_genesis_hide_singular_image":false,"_genesis_hide_footer_widgets":false,"_genesis_custom_body_class":"","_genesis_custom_post_class":"","_genesis_layout":""},"product_brand":[],"product_cat":[7195,7133,7191],"product_tag":[],"class_list":{"0":"post-55752","1":"product","2":"type-product","3":"status-publish","4":"has-post-thumbnail","6":"product_cat-estudis-oc","7":"product_cat-libres-oc","8":"product_cat-musica-danca-oc","9":"pa_auteur-massilia-sound-system-oc","10":"pa_editeur-le-mot-et-le-reste-oc","11":"pa_langue-francais-oc","12":"entry","14":"first","15":"instock","16":"shipping-taxable","17":"purchasable","18":"product-type-simple"},"acf":[],"_links":{"self":[{"href":"https:\/\/www.libraria-occitana.org\/oc\/wp-json\/wp\/v2\/product\/55752","targetHints":{"allow":["GET"]}}],"collection":[{"href":"https:\/\/www.libraria-occitana.org\/oc\/wp-json\/wp\/v2\/product"}],"about":[{"href":"https:\/\/www.libraria-occitana.org\/oc\/wp-json\/wp\/v2\/types\/product"}],"wp:featuredmedia":[{"embeddable":true,"href":"https:\/\/www.libraria-occitana.org\/oc\/wp-json\/wp\/v2\/media\/55750"}],"wp:attachment":[{"href":"https:\/\/www.libraria-occitana.org\/oc\/wp-json\/wp\/v2\/media?parent=55752"}],"wp:term":[{"taxonomy":"product_brand","embeddable":true,"href":"https:\/\/www.libraria-occitana.org\/oc\/wp-json\/wp\/v2\/product_brand?post=55752"},{"taxonomy":"product_cat","embeddable":true,"href":"https:\/\/www.libraria-occitana.org\/oc\/wp-json\/wp\/v2\/product_cat?post=55752"},{"taxonomy":"product_tag","embeddable":true,"href":"https:\/\/www.libraria-occitana.org\/oc\/wp-json\/wp\/v2\/product_tag?post=55752"}],"curies":[{"name":"wp","href":"https:\/\/api.w.org\/{rel}","templated":true}]}}