{"id":55787,"date":"2022-02-02T17:47:33","date_gmt":"2022-02-02T16:47:33","guid":{"rendered":"http:\/\/www.libraria-occitana.org\/?post_type=product&#038;p=55787"},"modified":"2026-04-26T01:22:06","modified_gmt":"2026-04-25T23:22:06","slug":"lo-salme-de-laganit-le-dernier-psaume","status":"publish","type":"product","link":"https:\/\/www.libraria-occitana.org\/oc\/produch\/lo-salme-de-laganit-le-dernier-psaume\/","title":{"rendered":"Lo salme de l&#8217;aganit &#8211; Le dernier psaume"},"content":{"rendered":"<p>La petite troupe de Notre-Seigneur se d\u00e9p\u00eachait d&#8217;aller chanter matines. Toute la nuit un vent mauvais avait ramass\u00e9 des gerbes de pluie pour les jeter avec rage contre les fen\u00eatres du dortoir. Les moines les plus vieux n&#8217;avaient pas beaucoup dormi. Il ne faisait pas froid mais les corps et les esprits \u00e9taient encore envelopp\u00e9s de la couverture ti\u00e8de du sommeil. \u00c0 la queue leu leu les b\u00e9n\u00e9dictins de Saint-Pierre s&#8217;en allaient vers le ch\u0153ur de l&#8217;\u00e9glise. Cette nuit d&#8217;avril o\u00f9 le printemps attendait, encore cach\u00e9 quelque part sous terre, tout valsait, feuilles, branches et manteaux. Le vent qui sifflait poussait au derri\u00e8re et puis, d&#8217;un coup, se retournait pour vous gifler au visage. Tout \u00e9tait sens dessus dessous : m\u00eame le jeune moine si docile qui aidait le sacristain et qui devait allumer les torches le long du mur avait oubli\u00e9 de les abriter. Une sur deux ou presque s&#8217;\u00e9tait \u00e9teinte. Alors le pavement tremp\u00e9 de la longue galerie ressemblait \u00e0 un serpent g\u00e9ant : un anneau luisant et l&#8217;autre obscur. Les hommes entraient un instant dans la lumi\u00e8re pour plonger aussit\u00f4t dans la nuit. Pas s\u00fbr que personne n&#8217;ait disparu, aval\u00e9 par le grand serpent.<\/p>\n<p>En approchant de l&#8217;\u00e9glise on y voyait mieux, avec la lueur rousse des cierges qui gardaient l&#8217;autel. Le sacristain n&#8217;avait rien dit \u00e0 l&#8217;enfant qui avait oubli\u00e9 de prot\u00e9ger les lumi\u00e8res, le novice Bertrand, celui qui bo\u00eetait bas. C&#8217;\u00e9tait le fils de la dame de Lagarde-Dieu, qui vivait depuis quelques mois dans le quartier des femmes du couvent. Il y avait quand m\u00eame quelque chose qu&#8217;il ne comprenait pas : pourquoi ce jeune n&#8217;\u00e9tait pas rest\u00e9 avec les autres novices et leur ma\u00eetre, dans les b\u00e2tisses du nord ?<\/p>\n<p>Traduction fran\u00e7aise de l&#8217;auteur.<\/p>\n<p>&nbsp;<\/p>\n","protected":false},"excerpt":{"rendered":"<p>La petite troupe de Notre-Seigneur se d\u00e9p\u00eachait d&#8217;aller chanter matines. Toute la nuit un vent mauvais avait ramass\u00e9 des gerbes de pluie pour les jeter avec rage contre les fen\u00eatres du dortoir. Les moines les plus vieux n&#8217;avaient pas beaucoup dormi. Il ne faisait pas froid mais les corps et les esprits \u00e9taient encore envelopp\u00e9s [&hellip;]<\/p>\n","protected":false},"featured_media":55775,"template":"","meta":{"_acf_changed":false,"_genesis_hide_title":false,"_genesis_hide_breadcrumbs":false,"_genesis_hide_singular_image":false,"_genesis_hide_footer_widgets":false,"_genesis_custom_body_class":"","_genesis_custom_post_class":"","_genesis_layout":""},"product_brand":[],"product_cat":[7133,7175,7183],"product_tag":[],"class_list":{"0":"post-55787","1":"product","2":"type-product","3":"status-publish","4":"has-post-thumbnail","6":"product_cat-libres-oc","7":"product_cat-literatura-oc","8":"product_cat-romans-novelas-oc","9":"pa_auteur-fraisse-chantal-oc","10":"pa_editeur-lauceu-libre-oc","11":"pa_langue-occitan-lengadocian-oc","12":"pa_langue-occitan-francais-oc","13":"entry","15":"first","16":"instock","17":"shipping-taxable","18":"purchasable","19":"product-type-simple"},"acf":[],"_links":{"self":[{"href":"https:\/\/www.libraria-occitana.org\/oc\/wp-json\/wp\/v2\/product\/55787","targetHints":{"allow":["GET"]}}],"collection":[{"href":"https:\/\/www.libraria-occitana.org\/oc\/wp-json\/wp\/v2\/product"}],"about":[{"href":"https:\/\/www.libraria-occitana.org\/oc\/wp-json\/wp\/v2\/types\/product"}],"wp:featuredmedia":[{"embeddable":true,"href":"https:\/\/www.libraria-occitana.org\/oc\/wp-json\/wp\/v2\/media\/55775"}],"wp:attachment":[{"href":"https:\/\/www.libraria-occitana.org\/oc\/wp-json\/wp\/v2\/media?parent=55787"}],"wp:term":[{"taxonomy":"product_brand","embeddable":true,"href":"https:\/\/www.libraria-occitana.org\/oc\/wp-json\/wp\/v2\/product_brand?post=55787"},{"taxonomy":"product_cat","embeddable":true,"href":"https:\/\/www.libraria-occitana.org\/oc\/wp-json\/wp\/v2\/product_cat?post=55787"},{"taxonomy":"product_tag","embeddable":true,"href":"https:\/\/www.libraria-occitana.org\/oc\/wp-json\/wp\/v2\/product_tag?post=55787"}],"curies":[{"name":"wp","href":"https:\/\/api.w.org\/{rel}","templated":true}]}}