{"id":55798,"date":"2022-02-02T19:02:06","date_gmt":"2022-02-02T18:02:06","guid":{"rendered":"http:\/\/www.libraria-occitana.org\/product\/la-fille-de-jephte-la-tour\/"},"modified":"2026-04-26T02:46:44","modified_gmt":"2026-04-26T00:46:44","slug":"la-fille-de-jephte-la-tour","status":"publish","type":"product","link":"https:\/\/www.libraria-occitana.org\/oc\/produch\/la-fille-de-jephte-la-tour\/","title":{"rendered":"La fille de Jepht\u00e9 &#8211; La tour"},"content":{"rendered":"<p>Deux po\u00e8mes de Marcelle Delpastre mis en voix. Ces deux textes ont \u00e9t\u00e9 \u00e9dit\u00e9s dans les <a href=\"http:\/\/www.libraria-occitana.org\/produit\/poemes-dramatiques-ii\/\"><em>Po\u00e8mes dramatiques<\/em> II<\/a>.<\/p>\n<p><strong>La fille de Jepht\u00e9<\/strong><\/p>\n<p>Jepht\u00e9 : Jan dau Melhau<br \/>\nLes voix, le ch\u0153ur : Jean-Claude Bergon, Th\u00e9r\u00e8se Canet, Bernard Comby, Jean-Fran\u00e7ois Vignaud<\/p>\n<p><strong>La tour<\/strong><\/p>\n<p>Les voix, le ch\u0153ur : Th\u00e9r\u00e8se Canet, Bernard Comby, Jan dau Melhau<\/p>\n<p>Direction artistique : Jan dau Melhau<\/p>\n","protected":false},"excerpt":{"rendered":"<p>Deux po\u00e8mes de Marcelle Delpastre mis en voix. Ces deux textes ont \u00e9t\u00e9 \u00e9dit\u00e9s dans les Po\u00e8mes dramatiques II. La fille de Jepht\u00e9 Jepht\u00e9 : Jan dau Melhau Les voix, le ch\u0153ur : Jean-Claude Bergon, Th\u00e9r\u00e8se Canet, Bernard Comby, Jean-Fran\u00e7ois Vignaud La tour Les voix, le ch\u0153ur : Th\u00e9r\u00e8se Canet, Bernard Comby, Jan dau Melhau [&hellip;]<\/p>\n","protected":false},"featured_media":55763,"template":"","meta":{"_acf_changed":false,"_genesis_hide_title":false,"_genesis_hide_breadcrumbs":false,"_genesis_hide_singular_image":false,"_genesis_hide_footer_widgets":false,"_genesis_custom_body_class":"","_genesis_custom_post_class":"","_genesis_layout":""},"product_brand":[],"product_cat":[7225,16683],"product_tag":[],"class_list":{"0":"post-55798","1":"product","2":"type-product","3":"status-publish","4":"has-post-thumbnail","6":"product_cat-litterature-musique-oc","7":"product_cat-musica-oc","8":"pa_auteur-delpastre-marcela-oc","9":"pa_editeur-lo-chamin-de-sent-jaume-oc","10":"pa_langue-francais-oc","11":"entry","13":"first","14":"instock","15":"shipping-taxable","16":"purchasable","17":"product-type-simple"},"acf":[],"_links":{"self":[{"href":"https:\/\/www.libraria-occitana.org\/oc\/wp-json\/wp\/v2\/product\/55798","targetHints":{"allow":["GET"]}}],"collection":[{"href":"https:\/\/www.libraria-occitana.org\/oc\/wp-json\/wp\/v2\/product"}],"about":[{"href":"https:\/\/www.libraria-occitana.org\/oc\/wp-json\/wp\/v2\/types\/product"}],"wp:featuredmedia":[{"embeddable":true,"href":"https:\/\/www.libraria-occitana.org\/oc\/wp-json\/wp\/v2\/media\/55763"}],"wp:attachment":[{"href":"https:\/\/www.libraria-occitana.org\/oc\/wp-json\/wp\/v2\/media?parent=55798"}],"wp:term":[{"taxonomy":"product_brand","embeddable":true,"href":"https:\/\/www.libraria-occitana.org\/oc\/wp-json\/wp\/v2\/product_brand?post=55798"},{"taxonomy":"product_cat","embeddable":true,"href":"https:\/\/www.libraria-occitana.org\/oc\/wp-json\/wp\/v2\/product_cat?post=55798"},{"taxonomy":"product_tag","embeddable":true,"href":"https:\/\/www.libraria-occitana.org\/oc\/wp-json\/wp\/v2\/product_tag?post=55798"}],"curies":[{"name":"wp","href":"https:\/\/api.w.org\/{rel}","templated":true}]}}