{"id":55818,"date":"2022-02-02T20:01:03","date_gmt":"2022-02-02T19:01:03","guid":{"rendered":"http:\/\/www.libraria-occitana.org\/product\/bolega-la-camba\/"},"modified":"2026-04-23T02:51:27","modified_gmt":"2026-04-23T00:51:27","slug":"bolega-la-camba","status":"publish","type":"product","link":"https:\/\/www.libraria-occitana.org\/oc\/produch\/bolega-la-camba\/","title":{"rendered":"Bolega la camba"},"content":{"rendered":"<p>Comme l\u2019indique son titre, <em>Bolega la camba<\/em> (litt\u00e9ralement \u00ab Bouge la jambe \u00bb) est un disque de danses destin\u00e9 aux enfants mais qui peut tout aussi bien faire danser les plus grands.<\/p>\n<p>L\u2019association et les musiciens de La Talvera, forts de leur longue exp\u00e9rience d\u2019animation dans les \u00e9coles fortement marqu\u00e9e par la danse, propose, avec ce disque, \u00e0 la fois un voyage d\u00e9couverte dans l\u2019univers musical occitan (instruments et musique traditionnels) mais fait aussi des incursions dans d\u2019autres univers musicaux.<\/p>\n<p>Vous retrouverez dans ce disque, d\u2019une dur\u00e9e de 67 minutes, 27 danses issues du r\u00e9pertoire traditionnel ou de cr\u00e9ation dont les paroles ont \u00e9t\u00e9 adapt\u00e9es aux enfants. Elles sont accompagn\u00e9es d\u2019un livret avec les traductions des paroles et l\u2019explication de la chor\u00e9graphie.<\/p>\n<p>Pour en \u00e9couter quelques extraits, c\u2019est <a href=\"https:\/\/soundcloud.com\/cordae-latalvera\/medley-bolega-la-camba\">ici<\/a>.<\/p>\n<p>En compl\u00e9ment de ce CD, une s\u00e9rie de vid\u00e9os explicatives des danses ont \u00e9t\u00e9 r\u00e9alis\u00e9es, vous pouvez les retrouver <a href=\"https:\/\/talvera.org\/espace-pedagogique\/videos\/\">ici<\/a>.<\/p>\n<p><strong>Titres :<\/strong><br \/>\n1. Bolega la camba 2&#8217;26<br \/>\n2. Lo pin\u00e7on e la lauseta 2&#8217;15<br \/>\n3. Lobeton 2&#8217;53<br \/>\n4. Lo virolet 2&#8217;42<br \/>\n5. Dan\u00e7a dels potons 3&#8217;28<br \/>\n6. Pimponet 2&#8217;27<br \/>\n7. Planta un caul 2&#8217;02<br \/>\n8. Tomb\u00e8t 2&#8217;08<br \/>\n9. Ai vist lo lop 2&#8217;36<br \/>\n10. Bonjorn d&#8217;Occitania 3&#8217;08<br \/>\n11. Dancem la trompusa 2&#8217;08<br \/>\n12. L&#8217;autre jorn sus la montanha 2&#8217;08<br \/>\n13. Chiborlin 3&#8217;34<br \/>\n14. Faguem la ronda 1&#8217;58<br \/>\n15. Sus mon caval 1&#8217;48<br \/>\n16. Lo tustet de Joanet 1&#8217;56<br \/>\n17. Los dalhaires 2&#8217;19<br \/>\n18. I ! I ! I ! Borriquet 2&#8217;50<br \/>\n19. La grimaci\u00e8ira 3&#8217;02<br \/>\n20. Vira vira lo molin 1&#8217;19<br \/>\n21. Pichonet que dan\u00e7a 2&#8217;26<br \/>\n22. Lo filoset 2&#8217;14<br \/>\n23. Lo tusta pal 2&#8217;14<br \/>\n24. La calha 2&#8217;36<br \/>\n25. Revira-te 3&#8217;06<br \/>\n26. La civada 2&#8217;10<br \/>\n27. Lo galant de la Catin 3&#8217;19<\/p>\n","protected":false},"excerpt":{"rendered":"<p>Comme l\u2019indique son titre, Bolega la camba (litt\u00e9ralement \u00ab Bouge la jambe \u00bb) est un disque de danses destin\u00e9 aux enfants mais qui peut tout aussi bien faire danser les plus grands. L\u2019association et les musiciens de La Talvera, forts de leur longue exp\u00e9rience d\u2019animation dans les \u00e9coles fortement marqu\u00e9e par la danse, propose, avec [&hellip;]<\/p>\n","protected":false},"featured_media":55816,"template":"","meta":{"_acf_changed":false,"_genesis_hide_title":false,"_genesis_hide_breadcrumbs":false,"_genesis_hide_singular_image":false,"_genesis_hide_footer_widgets":false,"_genesis_custom_body_class":"","_genesis_custom_post_class":"","_genesis_layout":""},"product_brand":[],"product_cat":[7223,16683],"product_tag":[],"class_list":{"0":"post-55818","1":"product","2":"type-product","3":"status-publish","4":"has-post-thumbnail","6":"product_cat-jounessa-oc","7":"product_cat-musica-oc","8":"pa_auteur-la-talvera-oc","9":"pa_editeur-cordae-la-talvera-oc","10":"pa_langue-occitan-lengadocian-oc","11":"pa_langue-occitan-francais-oc","12":"entry","14":"first","15":"instock","16":"shipping-taxable","17":"purchasable","18":"product-type-simple"},"acf":[],"_links":{"self":[{"href":"https:\/\/www.libraria-occitana.org\/oc\/wp-json\/wp\/v2\/product\/55818","targetHints":{"allow":["GET"]}}],"collection":[{"href":"https:\/\/www.libraria-occitana.org\/oc\/wp-json\/wp\/v2\/product"}],"about":[{"href":"https:\/\/www.libraria-occitana.org\/oc\/wp-json\/wp\/v2\/types\/product"}],"wp:featuredmedia":[{"embeddable":true,"href":"https:\/\/www.libraria-occitana.org\/oc\/wp-json\/wp\/v2\/media\/55816"}],"wp:attachment":[{"href":"https:\/\/www.libraria-occitana.org\/oc\/wp-json\/wp\/v2\/media?parent=55818"}],"wp:term":[{"taxonomy":"product_brand","embeddable":true,"href":"https:\/\/www.libraria-occitana.org\/oc\/wp-json\/wp\/v2\/product_brand?post=55818"},{"taxonomy":"product_cat","embeddable":true,"href":"https:\/\/www.libraria-occitana.org\/oc\/wp-json\/wp\/v2\/product_cat?post=55818"},{"taxonomy":"product_tag","embeddable":true,"href":"https:\/\/www.libraria-occitana.org\/oc\/wp-json\/wp\/v2\/product_tag?post=55818"}],"curies":[{"name":"wp","href":"https:\/\/api.w.org\/{rel}","templated":true}]}}