{"id":55821,"date":"2022-02-02T20:23:23","date_gmt":"2022-02-02T19:23:23","guid":{"rendered":"http:\/\/www.libraria-occitana.org\/?post_type=product&#038;p=55821"},"modified":"2026-04-11T00:41:30","modified_gmt":"2026-04-10T22:41:30","slug":"craba-sias-tu-cabra-libre-cd","status":"publish","type":"product","link":"https:\/\/www.libraria-occitana.org\/oc\/produch\/craba-sias-tu-cabra-libre-cd\/","title":{"rendered":"Craba si\u00e1s-tu cabra ? (libre + CD)"},"content":{"rendered":"<p><strong>Cornemuse es-tu ch\u00e8vre ?<\/strong><\/p>\n<p><em>Ieu sabi un conte<\/em> \u2013 moi je sais un conte\u2026 ou plut\u00f4t quatre.<br \/>\nSuivez les histoires de <em>Farand\u00f2la<\/em> une ch\u00e8vre t\u00eatue et courageuse qui refuse de se plier \u00e0 la loi des hommes\u2026<br \/>\n<em>Anem\u2026 Sautatz sus son esquina<\/em> \u2013 sautez sur son dos <em>e fai tirar<\/em> ! En avant la musique !<\/p>\n<p><strong>Retrouvez ch\u00e8vres, cornemuses, musiciens et instruments, \u00eatres l\u00e9gendaires tel que le Drac et magiciens dans quatre contes \u00e0 lire et \u00e0 \u00e9couter !<\/strong><\/p>\n<p>Pour en \u00e9couter quelques extraits, cliquez <a href=\"https:\/\/soundcloud.com\/cordae-latalvera\/sets\/craba-sias-tu-cabra?utm_source=clipboard&amp;utm_medium=text&amp;utm_campaign=social_sharing\">ici<\/a> !<\/p>\n<p>Le livre : Textes en occitan illustr\u00e9s suivis de leur traduction fran\u00e7aise.<br \/>\nLe CD : Contes en occitan dans un paysage sonore et musical.<br \/>\nTextes de Daniel Loddo et illustrations de Coline Trubert.<\/p>\n","protected":false},"excerpt":{"rendered":"<p>Cornemuse es-tu ch\u00e8vre ? Ieu sabi un conte \u2013 moi je sais un conte\u2026 ou plut\u00f4t quatre. Suivez les histoires de Farand\u00f2la une ch\u00e8vre t\u00eatue et courageuse qui refuse de se plier \u00e0 la loi des hommes\u2026 Anem\u2026 Sautatz sus son esquina \u2013 sautez sur son dos e fai tirar ! En avant la musique [&hellip;]<\/p>\n","protected":false},"featured_media":55824,"template":"","meta":{"_acf_changed":false,"_genesis_hide_title":false,"_genesis_hide_breadcrumbs":false,"_genesis_hide_singular_image":false,"_genesis_hide_footer_widgets":false,"_genesis_custom_body_class":"","_genesis_custom_post_class":"","_genesis_layout":""},"product_brand":[],"product_cat":[7171,7165,7133],"product_tag":[],"class_list":{"0":"post-55821","1":"product","2":"type-product","3":"status-publish","4":"has-post-thumbnail","6":"product_cat-drolles-oc","7":"product_cat-jounessa-bd-umor","8":"product_cat-libres-oc","9":"pa_auteur-loddo-daniel-oc","10":"pa_auteur-trubert-coline-oc","11":"pa_editeur-cordae-la-talvera-oc","12":"pa_langue-occitan-lengadocian-oc","13":"pa_langue-occitan-francais-oc","14":"entry","16":"first","17":"instock","18":"shipping-taxable","19":"purchasable","20":"product-type-simple"},"acf":[],"_links":{"self":[{"href":"https:\/\/www.libraria-occitana.org\/oc\/wp-json\/wp\/v2\/product\/55821","targetHints":{"allow":["GET"]}}],"collection":[{"href":"https:\/\/www.libraria-occitana.org\/oc\/wp-json\/wp\/v2\/product"}],"about":[{"href":"https:\/\/www.libraria-occitana.org\/oc\/wp-json\/wp\/v2\/types\/product"}],"wp:featuredmedia":[{"embeddable":true,"href":"https:\/\/www.libraria-occitana.org\/oc\/wp-json\/wp\/v2\/media\/55824"}],"wp:attachment":[{"href":"https:\/\/www.libraria-occitana.org\/oc\/wp-json\/wp\/v2\/media?parent=55821"}],"wp:term":[{"taxonomy":"product_brand","embeddable":true,"href":"https:\/\/www.libraria-occitana.org\/oc\/wp-json\/wp\/v2\/product_brand?post=55821"},{"taxonomy":"product_cat","embeddable":true,"href":"https:\/\/www.libraria-occitana.org\/oc\/wp-json\/wp\/v2\/product_cat?post=55821"},{"taxonomy":"product_tag","embeddable":true,"href":"https:\/\/www.libraria-occitana.org\/oc\/wp-json\/wp\/v2\/product_tag?post=55821"}],"curies":[{"name":"wp","href":"https:\/\/api.w.org\/{rel}","templated":true}]}}