{"id":55863,"date":"2022-02-17T17:11:15","date_gmt":"2022-02-17T16:11:15","guid":{"rendered":"http:\/\/www.libraria-occitana.org\/product\/temperi\/"},"modified":"2026-04-19T20:06:27","modified_gmt":"2026-04-19T18:06:27","slug":"temperi","status":"publish","type":"product","link":"https:\/\/www.libraria-occitana.org\/oc\/produch\/temperi\/","title":{"rendered":"Temperi"},"content":{"rendered":"<p><strong>Sam Karpienia :<\/strong> Chant, mandole<br \/>\n<strong>Emmanuel Reymond :<\/strong> Contrebasse<br \/>\n<strong>Thomas Lippens :<\/strong> Batterie, tambourin<\/p>\n<p><strong>Nicolas Dick (invit\u00e9) :<\/strong> Pedal steel guitar sur \u00ab L&#8217;Amistat \u00bb &amp; \u00ab La Muralha \u00bb, ch\u0153urs sur \u00ab Chaman \u00bb<\/p>\n<p>Apr\u00e8s Gacha Empega et ses polyphonies proven\u00e7ales, Dupain et son \u00e9lectro rock occitan, Forabandit le trio acoustique occitano-turc-marseillais, Sam Karpienia invente avec Manu Reymond et Thomas Lippens une nouvelle \u00e9pop\u00e9e proven\u00e7ale, De la Crau.<\/p>\n<p>De la Crau travaille depuis 4 ans \u00e0 un r\u00e9pertoire ancr\u00e9 dans la r\u00e9alit\u00e9 d\u2019une g\u00e9ographie proven\u00e7ale situ\u00e9e entre Marseille, le pourtour de l\u2019\u00e9tang de Berre et la plaine industrialis\u00e9e de la Crau, terre rocailleuse au charme rude et trapu.<\/p>\n<p>De la Crau d\u00e9folklorise le proven\u00e7al pour lui donner sa place dans le courant de la Sono Mondiale, courant musicale fait d\u2019hybridations entre local et global. Ce cheminement amorc\u00e9 par Sam Karpienia depuis une vingtaine d\u2019ann\u00e9es s\u2019exprime aujourd\u2019hui avec ce nouvel album <em>Temperi<\/em>.<\/p>\n<p><iframe loading=\"lazy\" title=\"YouTube video player\" src=\"https:\/\/www.youtube.com\/embed\/tyu4pHyoesA\" width=\"560\" height=\"315\" frameborder=\"0\" allowfullscreen=\"allowfullscreen\"><\/iframe><\/p>\n<p><strong>Titres :<\/strong><br \/>\n1. Chaman 4&#8217;35<br \/>\n2. Chamatan 3&#8217;53<br \/>\n3. L&#8217;amistat 6&#8217;32<br \/>\n4. Tarabast 4&#8217;43<br \/>\n5. L&#8217;infinitat 5&#8217;28<br \/>\n6. La dralha 4&#8217;03<br \/>\n7. A l&#8217;esper 4&#8217;47<br \/>\n8. Temperi 4&#8217;37<br \/>\n9. La muralha 2&#8217;40<\/p>\n","protected":false},"excerpt":{"rendered":"<p>Sam Karpienia : Chant, mandole Emmanuel Reymond : Contrebasse Thomas Lippens : Batterie, tambourin Nicolas Dick (invit\u00e9) : Pedal steel guitar sur \u00ab L&#8217;Amistat \u00bb &amp; \u00ab La Muralha \u00bb, ch\u0153urs sur \u00ab Chaman \u00bb Apr\u00e8s Gacha Empega et ses polyphonies proven\u00e7ales, Dupain et son \u00e9lectro rock occitan, Forabandit le trio acoustique occitano-turc-marseillais, Sam Karpienia [&hellip;]<\/p>\n","protected":false},"featured_media":55860,"template":"","meta":{"_acf_changed":false,"_genesis_hide_title":false,"_genesis_hide_breadcrumbs":false,"_genesis_hide_singular_image":false,"_genesis_hide_footer_widgets":false,"_genesis_custom_body_class":"","_genesis_custom_post_class":"","_genesis_layout":""},"product_brand":[],"product_cat":[7221,16683],"product_tag":[],"class_list":{"0":"post-55863","1":"product","2":"type-product","3":"status-publish","4":"has-post-thumbnail","6":"product_cat-hip-hop-electro-oc","7":"product_cat-musica-oc","8":"pa_auteur-de-la-crau-oc","9":"pa_editeur-pagans-oc","10":"pa_langue-occitan-oc","11":"pa_langue-occitan-provencau-oc","12":"entry","14":"first","15":"instock","16":"shipping-taxable","17":"purchasable","18":"product-type-simple"},"acf":[],"_links":{"self":[{"href":"https:\/\/www.libraria-occitana.org\/oc\/wp-json\/wp\/v2\/product\/55863","targetHints":{"allow":["GET"]}}],"collection":[{"href":"https:\/\/www.libraria-occitana.org\/oc\/wp-json\/wp\/v2\/product"}],"about":[{"href":"https:\/\/www.libraria-occitana.org\/oc\/wp-json\/wp\/v2\/types\/product"}],"wp:featuredmedia":[{"embeddable":true,"href":"https:\/\/www.libraria-occitana.org\/oc\/wp-json\/wp\/v2\/media\/55860"}],"wp:attachment":[{"href":"https:\/\/www.libraria-occitana.org\/oc\/wp-json\/wp\/v2\/media?parent=55863"}],"wp:term":[{"taxonomy":"product_brand","embeddable":true,"href":"https:\/\/www.libraria-occitana.org\/oc\/wp-json\/wp\/v2\/product_brand?post=55863"},{"taxonomy":"product_cat","embeddable":true,"href":"https:\/\/www.libraria-occitana.org\/oc\/wp-json\/wp\/v2\/product_cat?post=55863"},{"taxonomy":"product_tag","embeddable":true,"href":"https:\/\/www.libraria-occitana.org\/oc\/wp-json\/wp\/v2\/product_tag?post=55863"}],"curies":[{"name":"wp","href":"https:\/\/api.w.org\/{rel}","templated":true}]}}