{"id":56023,"date":"2021-07-09T17:42:46","date_gmt":"2021-07-09T15:42:46","guid":{"rendered":"http:\/\/www.libraria-occitana.org\/?post_type=product&#038;p=56023"},"modified":"2026-04-29T01:51:38","modified_gmt":"2026-04-28T23:51:38","slug":"grabieu-e-la-corrida-gabriel-et-la-corrida","status":"publish","type":"product","link":"https:\/\/www.libraria-occitana.org\/oc\/produch\/grabieu-e-la-corrida-gabriel-et-la-corrida\/","title":{"rendered":"Grabi\u00e8u e la corrida &#8211; Gabriel et la corrida"},"content":{"rendered":"<p>Grabi\u00e8u es un dr\u00f2lle un pauc sol dins son vilatge. La si\u00e1 maire es sola per l\u2019ensenhar e, per tant que l\u2019aime, quand lo sieu gojat torna de l\u2019esc\u00f2la, ela, es al trabalh. Atal, lo dr\u00f2lle creis coma p\u00f2t amb sos companhs de carri\u00e8ra. Sa t\u00f2ca es de trapar la pla\u00e7a demest eles ; e es pas de bon far.<br \/>\nPer astre, un vesin vi\u00e8lh ten lo r\u00f2tle de grand, de conselh\u00e8r amist\u00f3s.<br \/>\nSa primi\u00e8ra prestacion coma matador ser\u00e0 un terratremol vertadi\u00e8r, seguit de questionaments b\u00e8ls !<\/p>\n","protected":false},"excerpt":{"rendered":"<p>Grabi\u00e8u es un dr\u00f2lle un pauc sol dins son vilatge. La si\u00e1 maire es sola per l\u2019ensenhar e, per tant que l\u2019aime, quand lo sieu gojat torna de l\u2019esc\u00f2la, ela, es al trabalh. Atal, lo dr\u00f2lle creis coma p\u00f2t amb sos companhs de carri\u00e8ra. Sa t\u00f2ca es de trapar la pla\u00e7a demest eles ; e [&hellip;]<\/p>\n","protected":false},"featured_media":55978,"template":"","meta":{"_acf_changed":false,"_genesis_hide_title":false,"_genesis_hide_breadcrumbs":false,"_genesis_hide_singular_image":false,"_genesis_hide_footer_widgets":false,"_genesis_custom_body_class":"","_genesis_custom_post_class":"","_genesis_layout":""},"product_brand":[],"product_cat":[7167,7165,7133],"product_tag":[],"class_list":{"0":"post-56023","1":"product","2":"type-product","3":"status-publish","4":"has-post-thumbnail","6":"product_cat-ados-oc","7":"product_cat-jounessa-bd-umor","8":"product_cat-libres-oc","9":"pa_auteur-gaich-claude-oc","10":"pa_editeur-editions-edite-moi-oc","11":"pa_langue-occitan-lengadocian-oc","12":"pa_langue-occitan-francais-oc","13":"entry","15":"first","16":"instock","17":"shipping-taxable","18":"purchasable","19":"product-type-simple"},"acf":[],"_links":{"self":[{"href":"https:\/\/www.libraria-occitana.org\/oc\/wp-json\/wp\/v2\/product\/56023","targetHints":{"allow":["GET"]}}],"collection":[{"href":"https:\/\/www.libraria-occitana.org\/oc\/wp-json\/wp\/v2\/product"}],"about":[{"href":"https:\/\/www.libraria-occitana.org\/oc\/wp-json\/wp\/v2\/types\/product"}],"wp:featuredmedia":[{"embeddable":true,"href":"https:\/\/www.libraria-occitana.org\/oc\/wp-json\/wp\/v2\/media\/55978"}],"wp:attachment":[{"href":"https:\/\/www.libraria-occitana.org\/oc\/wp-json\/wp\/v2\/media?parent=56023"}],"wp:term":[{"taxonomy":"product_brand","embeddable":true,"href":"https:\/\/www.libraria-occitana.org\/oc\/wp-json\/wp\/v2\/product_brand?post=56023"},{"taxonomy":"product_cat","embeddable":true,"href":"https:\/\/www.libraria-occitana.org\/oc\/wp-json\/wp\/v2\/product_cat?post=56023"},{"taxonomy":"product_tag","embeddable":true,"href":"https:\/\/www.libraria-occitana.org\/oc\/wp-json\/wp\/v2\/product_tag?post=56023"}],"curies":[{"name":"wp","href":"https:\/\/api.w.org\/{rel}","templated":true}]}}