{"id":56027,"date":"2020-01-09T17:50:16","date_gmt":"2020-01-09T16:50:16","guid":{"rendered":"http:\/\/www.libraria-occitana.org\/?post_type=product&#038;p=56027"},"modified":"2026-04-29T07:21:49","modified_gmt":"2026-04-29T05:21:49","slug":"marcovaldo-o-las-sasons-en-vila","status":"publish","type":"product","link":"https:\/\/www.libraria-occitana.org\/oc\/produch\/marcovaldo-o-las-sasons-en-vila\/","title":{"rendered":"Marcovaldo o Las sasons en vila"},"content":{"rendered":"<p>Dins aqueles vint contes cortets, seguiss\u00e8m Marcovaldo dins d\u2019aventuras estonantas, plenas de fantasi\u00e1 e de poesia, pintradas ambe gaubi e unmanitat per Italo Calvino.<\/p>\n<p>En It\u00e0lia, lo libre es al programa dels col\u00e8gis e trobam de librari\u00e1s que p\u00f2rtan lo nom d'aquel personatge atrasent, que mai d'un c\u00f2p dona d'aire a Charlot.<\/p>\n<p>Aquela publicacion pels joves (mas tanben pels adultes) es f\u00f2r\u00e7a actuala. O trobam per exemple dins una critica fina de la societat post-industriala.<br \/>\nLas lengas italiana e occitana son pro pr\u00f2chas per ensajar de servar l'\u00e8ime picaresc de l'\u00f2bra del grand autor.<\/p>\n<p>Revirada occitana de Miqu\u00e8l Pedussaud. Illustracions Edoard Monneau.<\/p>\n","protected":false},"excerpt":{"rendered":"<p>Dins aqueles vint contes cortets, seguiss\u00e8m Marcovaldo dins d\u2019aventuras estonantas, plenas de fantasi\u00e1 e de poesia, pintradas ambe gaubi e unmanitat per Italo Calvino. En It\u00e0lia, lo libre es al programa dels col\u00e8gis e trobam de librari\u00e1s que p\u00f2rtan lo nom d&#8217;aquel personatge atrasent, que mai d&#8217;un c\u00f2p dona d&#8217;aire a Charlot. Aquela publicacion pels [&hellip;]<\/p>\n","protected":false},"featured_media":55972,"template":"","meta":{"_acf_changed":false,"_genesis_hide_title":false,"_genesis_hide_breadcrumbs":false,"_genesis_hide_singular_image":false,"_genesis_hide_footer_widgets":false,"_genesis_custom_body_class":"","_genesis_custom_post_class":"","_genesis_layout":""},"product_brand":[],"product_cat":[7167,7165,7133],"product_tag":[],"class_list":{"0":"post-56027","1":"product","2":"type-product","3":"status-publish","4":"has-post-thumbnail","6":"product_cat-ados-oc","7":"product_cat-jounessa-bd-umor","8":"product_cat-libres-oc","9":"pa_auteur-calvino-italo-oc","10":"pa_editeur-editions-edite-moi-oc","11":"pa_illustrateur-monneau-edoard-oc","12":"pa_illustrateur-pedussaud-miquel-oc","13":"pa_langue-occitan-lengadocian-oc","14":"entry","16":"first","17":"outofstock","18":"shipping-taxable","19":"purchasable","20":"product-type-simple"},"acf":[],"_links":{"self":[{"href":"https:\/\/www.libraria-occitana.org\/oc\/wp-json\/wp\/v2\/product\/56027","targetHints":{"allow":["GET"]}}],"collection":[{"href":"https:\/\/www.libraria-occitana.org\/oc\/wp-json\/wp\/v2\/product"}],"about":[{"href":"https:\/\/www.libraria-occitana.org\/oc\/wp-json\/wp\/v2\/types\/product"}],"wp:featuredmedia":[{"embeddable":true,"href":"https:\/\/www.libraria-occitana.org\/oc\/wp-json\/wp\/v2\/media\/55972"}],"wp:attachment":[{"href":"https:\/\/www.libraria-occitana.org\/oc\/wp-json\/wp\/v2\/media?parent=56027"}],"wp:term":[{"taxonomy":"product_brand","embeddable":true,"href":"https:\/\/www.libraria-occitana.org\/oc\/wp-json\/wp\/v2\/product_brand?post=56027"},{"taxonomy":"product_cat","embeddable":true,"href":"https:\/\/www.libraria-occitana.org\/oc\/wp-json\/wp\/v2\/product_cat?post=56027"},{"taxonomy":"product_tag","embeddable":true,"href":"https:\/\/www.libraria-occitana.org\/oc\/wp-json\/wp\/v2\/product_tag?post=56027"}],"curies":[{"name":"wp","href":"https:\/\/api.w.org\/{rel}","templated":true}]}}