{"id":56031,"date":"2021-06-09T18:19:44","date_gmt":"2021-06-09T16:19:44","guid":{"rendered":"http:\/\/www.libraria-occitana.org\/?post_type=product&#038;p=56031"},"modified":"2026-04-29T01:51:35","modified_gmt":"2026-04-28T23:51:35","slug":"avi-iaia-et-moi-carnets-dun-petit-fils","status":"publish","type":"product","link":"https:\/\/www.libraria-occitana.org\/oc\/produch\/avi-iaia-et-moi-carnets-dun-petit-fils\/","title":{"rendered":"Avi, Iaia et moi : Carnets d&#8217;un petit-fils"},"content":{"rendered":"<p>\u00c9douard rend visite \u00e0 ses grands-parents catalans comme s\u2019il voyageait au c\u0153ur d\u2019une contr\u00e9e habit\u00e9e par les nobles repr\u00e9sentants d\u2019un peuple \u00e0 la fois sauvage et familier.<br \/>\n\u00ab Et si mes grands-parents appartenaient \u00e0 la race des sauvages ? Des r\u00e9ducteurs de t\u00eates, des chamans, des charlatans, des sorciers, des \u00e9tranges&#8230; ?\u00bb<\/p>\n<p>Le voyage \u2014 aller, s\u00e9journer, revenir \u2014 accompagne sa d\u00e9marche, \u00e0 la d\u00e9couverte de ces \u00eatres aim\u00e9s, ordinaires, familiers et fascinants \u00e0 la fois.<\/p>\n<p>Ce carnet, de plus d\u2019une centaine de dessins d\u2019observations, r\u00e9alis\u00e9s au crayon, au pinceau, \u00e0 la plume et \u00e0 l\u2019aquarelle, d\u00e9voile avec pudeur le quotidien, l\u2019intime et l\u2019originalit\u00e9 de ces deux \u00eatres, que sont Avi et Iaia.<\/p>\n","protected":false},"excerpt":{"rendered":"<p>\u00c9douard rend visite \u00e0 ses grands-parents catalans comme s\u2019il voyageait au c\u0153ur d\u2019une contr\u00e9e habit\u00e9e par les nobles repr\u00e9sentants d\u2019un peuple \u00e0 la fois sauvage et familier. \u00ab Et si mes grands-parents appartenaient \u00e0 la race des sauvages ? Des r\u00e9ducteurs de t\u00eates, des chamans, des charlatans, des sorciers, des \u00e9tranges&#8230; ?\u00bb Le voyage \u2014 [&hellip;]<\/p>\n","protected":false},"featured_media":55975,"template":"","meta":{"_acf_changed":false,"_genesis_hide_title":false,"_genesis_hide_breadcrumbs":false,"_genesis_hide_singular_image":false,"_genesis_hide_footer_widgets":false,"_genesis_custom_body_class":"","_genesis_custom_post_class":"","_genesis_layout":""},"product_brand":[],"product_cat":[7133,7175,7187],"product_tag":[],"class_list":{"0":"post-56031","1":"product","2":"type-product","3":"status-publish","4":"has-post-thumbnail","6":"product_cat-libres-oc","7":"product_cat-literatura-oc","8":"product_cat-temonhatges-memoris-oc","9":"pa_auteur-monneau-edouard-oc","10":"pa_editeur-editions-edite-moi-oc","11":"pa_langue-autras-lingas-oc","12":"pa_langue-francais-oc","13":"entry","15":"first","16":"instock","17":"shipping-taxable","18":"purchasable","19":"product-type-simple"},"acf":[],"_links":{"self":[{"href":"https:\/\/www.libraria-occitana.org\/oc\/wp-json\/wp\/v2\/product\/56031","targetHints":{"allow":["GET"]}}],"collection":[{"href":"https:\/\/www.libraria-occitana.org\/oc\/wp-json\/wp\/v2\/product"}],"about":[{"href":"https:\/\/www.libraria-occitana.org\/oc\/wp-json\/wp\/v2\/types\/product"}],"wp:featuredmedia":[{"embeddable":true,"href":"https:\/\/www.libraria-occitana.org\/oc\/wp-json\/wp\/v2\/media\/55975"}],"wp:attachment":[{"href":"https:\/\/www.libraria-occitana.org\/oc\/wp-json\/wp\/v2\/media?parent=56031"}],"wp:term":[{"taxonomy":"product_brand","embeddable":true,"href":"https:\/\/www.libraria-occitana.org\/oc\/wp-json\/wp\/v2\/product_brand?post=56031"},{"taxonomy":"product_cat","embeddable":true,"href":"https:\/\/www.libraria-occitana.org\/oc\/wp-json\/wp\/v2\/product_cat?post=56031"},{"taxonomy":"product_tag","embeddable":true,"href":"https:\/\/www.libraria-occitana.org\/oc\/wp-json\/wp\/v2\/product_tag?post=56031"}],"curies":[{"name":"wp","href":"https:\/\/api.w.org\/{rel}","templated":true}]}}