{"id":56037,"date":"2020-11-10T13:02:46","date_gmt":"2020-11-10T12:02:46","guid":{"rendered":"http:\/\/www.libraria-occitana.org\/?post_type=product&#038;p=56037"},"modified":"2026-04-14T05:46:59","modified_gmt":"2026-04-14T03:46:59","slug":"lo-secret-de-juli-le-secret-de-jules","status":"publish","type":"product","link":"https:\/\/www.libraria-occitana.org\/oc\/produch\/lo-secret-de-juli-le-secret-de-jules\/","title":{"rendered":"Lo secr\u00e8t de Juli &#8211; Le secret de Jules"},"content":{"rendered":"<p>Es en pensant al seu amic St\u00e9phane que S\u00e8rgi Gairal a escrich aqueste roman. L\u2019a escrich per el e per los que, coma el, se despla\u00e7an sus una cadi\u00e8ira de r\u00f2das, pus globalament per las personas victimas dels accidents de la vida. Es l\u2019ist\u00f2ria d\u2019una relacion particulara e exclusiva entre un dr\u00f2lle e un auc\u00e8l, un dr\u00f2lle esperdigalhat que la \u201cdifer\u00e9ncia\u201d l\u2019empacha pas de viure coma los autres. Mas qu\u2019es aquela relacion extraordin\u00e0ria ? Un roman que ten impacient lo legeire de la debuta a la fin. Descobrir\u00e0 lo secr\u00e8t de Juli ? Un roman que fa de ben.<\/p>\n","protected":false},"excerpt":{"rendered":"<p>Es en pensant al seu amic St\u00e9phane que S\u00e8rgi Gairal a escrich aqueste roman. L\u2019a escrich per el e per los que, coma el, se despla\u00e7an sus una cadi\u00e8ira de r\u00f2das, pus globalament per las personas victimas dels accidents de la vida. Es l\u2019ist\u00f2ria d\u2019una relacion particulara e exclusiva entre un dr\u00f2lle e un auc\u00e8l, [&hellip;]<\/p>\n","protected":false},"featured_media":55966,"template":"","meta":{"_acf_changed":false,"_genesis_hide_title":false,"_genesis_hide_breadcrumbs":false,"_genesis_hide_singular_image":false,"_genesis_hide_footer_widgets":false,"_genesis_custom_body_class":"","_genesis_custom_post_class":"","_genesis_layout":""},"product_brand":[],"product_cat":[7167,7165,7133],"product_tag":[],"class_list":{"0":"post-56037","1":"product","2":"type-product","3":"status-publish","4":"has-post-thumbnail","6":"product_cat-ados-oc","7":"product_cat-jounessa-bd-umor","8":"product_cat-libres-oc","9":"pa_editeur-grelh-roergas-oc","10":"pa_illustrateur-gairal-sergi-oc","11":"pa_langue-occitan-lengadocian-oc","12":"pa_langue-occitan-francais-oc","13":"entry","15":"first","16":"outofstock","17":"shipping-taxable","18":"purchasable","19":"product-type-simple"},"acf":[],"_links":{"self":[{"href":"https:\/\/www.libraria-occitana.org\/oc\/wp-json\/wp\/v2\/product\/56037","targetHints":{"allow":["GET"]}}],"collection":[{"href":"https:\/\/www.libraria-occitana.org\/oc\/wp-json\/wp\/v2\/product"}],"about":[{"href":"https:\/\/www.libraria-occitana.org\/oc\/wp-json\/wp\/v2\/types\/product"}],"wp:featuredmedia":[{"embeddable":true,"href":"https:\/\/www.libraria-occitana.org\/oc\/wp-json\/wp\/v2\/media\/55966"}],"wp:attachment":[{"href":"https:\/\/www.libraria-occitana.org\/oc\/wp-json\/wp\/v2\/media?parent=56037"}],"wp:term":[{"taxonomy":"product_brand","embeddable":true,"href":"https:\/\/www.libraria-occitana.org\/oc\/wp-json\/wp\/v2\/product_brand?post=56037"},{"taxonomy":"product_cat","embeddable":true,"href":"https:\/\/www.libraria-occitana.org\/oc\/wp-json\/wp\/v2\/product_cat?post=56037"},{"taxonomy":"product_tag","embeddable":true,"href":"https:\/\/www.libraria-occitana.org\/oc\/wp-json\/wp\/v2\/product_tag?post=56037"}],"curies":[{"name":"wp","href":"https:\/\/api.w.org\/{rel}","templated":true}]}}