{"id":56040,"date":"2019-11-10T15:20:42","date_gmt":"2019-11-10T14:20:42","guid":{"rendered":"http:\/\/www.libraria-occitana.org\/?post_type=product&#038;p=56040"},"modified":"2026-04-29T06:31:44","modified_gmt":"2026-04-29T04:31:44","slug":"confidencias-felinas-jornal-duna-cata","status":"publish","type":"product","link":"https:\/\/www.libraria-occitana.org\/oc\/produch\/confidencias-felinas-jornal-duna-cata\/","title":{"rendered":"Confid\u00e9ncias felinas : Jornal d&#8217;una cata"},"content":{"rendered":"<p>Dins lo darri\u00e8r paragraf de l\u2019avantprepaus, S\u00e8rgi Gairal escriu :<br \/>\n\u00ab Aqueste roman es un omenatge a Cantalausa, un de mai, per li tornar manifestar mon amistat e mon admiracion. Me soi inspirat de son libre <em>\u00d2u, l\u2019\u00f2me<\/em> non pas per far parlar d\u2019animals que descrivon lor vida \u2013 que ne soi incapable \u2013, mas per ne far parlar un, o pusl\u00e8u una, qu\u2019es en contacte amb los \u00f2mes, de \u00e7\u00f2 que vei, qu\u2019aus\u00eds e que sent\u00eds a l\u2019entorn d\u2019ela ; a l\u2019enc\u00f2p testim\u00f2ni, narratritz e comentatritz. \u00bb<\/p>\n","protected":false},"excerpt":{"rendered":"<p>Dins lo darri\u00e8r paragraf de l\u2019avantprepaus, S\u00e8rgi Gairal escriu : \u00ab Aqueste roman es un omenatge a Cantalausa, un de mai, per li tornar manifestar mon amistat e mon admiracion. Me soi inspirat de son libre \u00d2u, l\u2019\u00f2me non pas per far parlar d\u2019animals que descrivon lor vida \u2013 que ne soi incapable \u2013, mas [&hellip;]<\/p>\n","protected":false},"featured_media":55963,"template":"","meta":{"_acf_changed":false,"_genesis_hide_title":false,"_genesis_hide_breadcrumbs":false,"_genesis_hide_singular_image":false,"_genesis_hide_footer_widgets":false,"_genesis_custom_body_class":"","_genesis_custom_post_class":"","_genesis_layout":""},"product_brand":[],"product_cat":[7167,7165,7133],"product_tag":[],"class_list":{"0":"post-56040","1":"product","2":"type-product","3":"status-publish","4":"has-post-thumbnail","6":"product_cat-ados-oc","7":"product_cat-jounessa-bd-umor","8":"product_cat-libres-oc","9":"pa_editeur-grelh-roergas-oc","10":"pa_illustrateur-gairal-sergi-oc","11":"pa_langue-occitan-oc","12":"pa_langue-occitan-lengadocian-oc","13":"entry","15":"first","16":"outofstock","17":"shipping-taxable","18":"purchasable","19":"product-type-simple"},"acf":[],"_links":{"self":[{"href":"https:\/\/www.libraria-occitana.org\/oc\/wp-json\/wp\/v2\/product\/56040","targetHints":{"allow":["GET"]}}],"collection":[{"href":"https:\/\/www.libraria-occitana.org\/oc\/wp-json\/wp\/v2\/product"}],"about":[{"href":"https:\/\/www.libraria-occitana.org\/oc\/wp-json\/wp\/v2\/types\/product"}],"wp:featuredmedia":[{"embeddable":true,"href":"https:\/\/www.libraria-occitana.org\/oc\/wp-json\/wp\/v2\/media\/55963"}],"wp:attachment":[{"href":"https:\/\/www.libraria-occitana.org\/oc\/wp-json\/wp\/v2\/media?parent=56040"}],"wp:term":[{"taxonomy":"product_brand","embeddable":true,"href":"https:\/\/www.libraria-occitana.org\/oc\/wp-json\/wp\/v2\/product_brand?post=56040"},{"taxonomy":"product_cat","embeddable":true,"href":"https:\/\/www.libraria-occitana.org\/oc\/wp-json\/wp\/v2\/product_cat?post=56040"},{"taxonomy":"product_tag","embeddable":true,"href":"https:\/\/www.libraria-occitana.org\/oc\/wp-json\/wp\/v2\/product_tag?post=56040"}],"curies":[{"name":"wp","href":"https:\/\/api.w.org\/{rel}","templated":true}]}}