{"id":56054,"date":"2021-08-10T18:33:22","date_gmt":"2021-08-10T16:33:22","guid":{"rendered":"http:\/\/www.libraria-occitana.org\/?post_type=product&#038;p=56054"},"modified":"2026-04-29T10:50:32","modified_gmt":"2026-04-29T08:50:32","slug":"larriu-deu-denvers-tome-2-hannah","status":"publish","type":"product","link":"https:\/\/www.libraria-occitana.org\/oc\/produch\/larriu-deu-denvers-tome-2-hannah\/","title":{"rendered":"L&#8217;arriu deu denv\u00e8rs T\u00f2me 2 &#8211; Hannah"},"content":{"rendered":"<p>Dens <a href=\"http:\/\/www.libraria-occitana.org\/produit\/larriu-deu-denvers-tome-1-tomec\/\"><em>L\u2019Arriu deu denv\u00e8rs<\/em> t\u00f2me 1<\/a>, Tom\u00e8c que ns\u2019entrainava en la soa incredibla qu\u00e8sta : trobar l\u2019arriu Qjar e la soa aiga qui empacha de morir. Que camin\u00e0vam dab eth sus las peadas d\u2019Hannah. Aqueste c\u00f2p, qu\u2019ei Hannah era medisha qui\u2019ns conta lo son viatge suu vertigin\u00f3s Camin deu C\u00e8u, puish capvath lo des\u00e8rt. Lo son raconte que\u2019ns h\u00e8 descobrir contradas nav\u00e8ras, mes qu\u2019i trobam tanben paisatges coneguts : la Seuva deu Desbromb, la prada, la mar grana...<\/p>\n","protected":false},"excerpt":{"rendered":"<p>Dens L\u2019Arriu deu denv\u00e8rs t\u00f2me 1, Tom\u00e8c que ns\u2019entrainava en la soa incredibla qu\u00e8sta : trobar l\u2019arriu Qjar e la soa aiga qui empacha de morir. Que camin\u00e0vam dab eth sus las peadas d\u2019Hannah. Aqueste c\u00f2p, qu\u2019ei Hannah era medisha qui\u2019ns conta lo son viatge suu vertigin\u00f3s Camin deu C\u00e8u, puish capvath lo des\u00e8rt. Lo [&hellip;]<\/p>\n","protected":false},"featured_media":55957,"template":"","meta":{"_acf_changed":false,"_genesis_hide_title":false,"_genesis_hide_breadcrumbs":false,"_genesis_hide_singular_image":false,"_genesis_hide_footer_widgets":false,"_genesis_custom_body_class":"","_genesis_custom_post_class":"","_genesis_layout":""},"product_brand":[],"product_cat":[7167,7165,7133],"product_tag":[],"class_list":{"0":"post-56054","1":"product","2":"type-product","3":"status-publish","4":"has-post-thumbnail","6":"product_cat-ados-oc","7":"product_cat-jounessa-bd-umor","8":"product_cat-libres-oc","9":"pa_auteur-mourlevat-jean-claude-oc","10":"pa_editeur-per-noste-oc","11":"pa_illustrateur-labandes-claudia-oc","12":"pa_langue-occitan-oc","13":"pa_langue-occitan-gascon-oc","14":"entry","16":"first","17":"outofstock","18":"shipping-taxable","19":"purchasable","20":"product-type-simple"},"acf":[],"_links":{"self":[{"href":"https:\/\/www.libraria-occitana.org\/oc\/wp-json\/wp\/v2\/product\/56054","targetHints":{"allow":["GET"]}}],"collection":[{"href":"https:\/\/www.libraria-occitana.org\/oc\/wp-json\/wp\/v2\/product"}],"about":[{"href":"https:\/\/www.libraria-occitana.org\/oc\/wp-json\/wp\/v2\/types\/product"}],"wp:featuredmedia":[{"embeddable":true,"href":"https:\/\/www.libraria-occitana.org\/oc\/wp-json\/wp\/v2\/media\/55957"}],"wp:attachment":[{"href":"https:\/\/www.libraria-occitana.org\/oc\/wp-json\/wp\/v2\/media?parent=56054"}],"wp:term":[{"taxonomy":"product_brand","embeddable":true,"href":"https:\/\/www.libraria-occitana.org\/oc\/wp-json\/wp\/v2\/product_brand?post=56054"},{"taxonomy":"product_cat","embeddable":true,"href":"https:\/\/www.libraria-occitana.org\/oc\/wp-json\/wp\/v2\/product_cat?post=56054"},{"taxonomy":"product_tag","embeddable":true,"href":"https:\/\/www.libraria-occitana.org\/oc\/wp-json\/wp\/v2\/product_tag?post=56054"}],"curies":[{"name":"wp","href":"https:\/\/api.w.org\/{rel}","templated":true}]}}